{"id":112429,"date":"2026-05-05T10:15:57","date_gmt":"2026-05-05T13:15:57","guid":{"rendered":"https:\/\/www.hediyepazar.com\/?product=akilli-saat-arama-cevaplama-muzik-dinleme-gps-takibi-2"},"modified":"2026-05-05T10:15:57","modified_gmt":"2026-05-05T13:15:57","slug":"akilli-saat-arama-cevaplama-muzik-dinleme-gps-takibi-2","status":"publish","type":"product","link":"https:\/\/www.hediyepazar.com\/?product=akilli-saat-arama-cevaplama-muzik-dinleme-gps-takibi-2","title":{"rendered":"Ak\u0131ll\u0131 Saat Arama Cevaplama M\u00fczik Dinleme GPS Takibi"},"content":{"rendered":"<p>\u015e\u0131k Tasar\u0131m, G\u00fc\u00e7l\u00fc FonksiyonlarSadece i\u015flevselli\u011fiyle de\u011fil, ayn\u0131 zamanda \u015f\u0131k tasar\u0131m\u0131yla da \u00f6ne \u00e7\u0131kan bu ak\u0131ll\u0131 saat, her ortamda rahatl\u0131kla kullan\u0131labilir. 3D dinamik kadran deste\u011fi ile saat aray\u00fcz\u00fcn\u00fc ki\u015fiselle\u015ftirebilir, ekran parlakl\u0131k ayar\u0131 ve g\u00fc\u00e7 tasarrufu modu ile pil \u00f6mr\u00fcn\u00fc optimize edebilirsiniz. Mesaj ve sosyal medya bildirimleri, hava durumu takibi, m\u00fczik kontrol\u00fc, hesap makinesi, alarm ve kronometre gibi bir\u00e7ok ak\u0131ll\u0131 fonksiyon ile g\u00fcnl\u00fck ya\u015fant\u0131n\u0131z\u0131 daha verimli hale getiren bu saat, teknoloji ve konforu bir araya getiriyor.<\/p>\n","protected":false},"excerpt":{"rendered":"<p>\u015e\u0131k Tasar\u0131m, G\u00fc\u00e7l\u00fc FonksiyonlarSadece i\u015flevselli\u011fiyle de\u011fil, ayn\u0131 zamanda \u015f\u0131k tasar\u0131m\u0131yla da \u00f6ne \u00e7\u0131kan bu ak\u0131ll\u0131 saat, her ortamda rahatl\u0131kla kullan\u0131labilir. 3D dinamik kadran deste\u011fi ile saat aray\u00fcz\u00fcn\u00fc ki\u015fiselle\u015ftirebilir, ekran parlakl\u0131k ayar\u0131 ve g\u00fc\u00e7 tasarrufu modu ile pil \u00f6mr\u00fcn\u00fc optimize edebilirsiniz. Mesaj ve sosyal medya bildirimleri, hava durumu takibi, m\u00fczik kontrol\u00fc, hesap makinesi, alarm ve kronometre&#8230;<\/p>\n","protected":false},"featured_media":112428,"comment_status":"open","ping_status":"closed","template":"","meta":{"_kad_post_transparent":"","_kad_post_title":"","_kad_post_layout":"","_kad_post_sidebar_id":"","_kad_post_content_style":"","_kad_post_vertical_padding":"","_kad_post_feature":"","_kad_post_feature_position":"","_kad_post_header":false,"_kad_post_footer":false,"_kad_post_classname":""},"product_brand":[],"product_cat":[14935],"product_tag":[],"class_list":{"0":"post-112429","1":"product","2":"type-product","3":"status-publish","4":"has-post-thumbnail","6":"product_cat-akilli-saatler-akilli-saatler","8":"first","9":"instock","10":"purchasable","11":"product-type-simple","12":"entry","13":"content-bg","14":"loop-entry"},"_links":{"self":[{"href":"https:\/\/www.hediyepazar.com\/index.php?rest_route=\/wp\/v2\/product\/112429","targetHints":{"allow":["GET"]}}],"collection":[{"href":"https:\/\/www.hediyepazar.com\/index.php?rest_route=\/wp\/v2\/product"}],"about":[{"href":"https:\/\/www.hediyepazar.com\/index.php?rest_route=\/wp\/v2\/types\/product"}],"replies":[{"embeddable":true,"href":"https:\/\/www.hediyepazar.com\/index.php?rest_route=%2Fwp%2Fv2%2Fcomments&post=112429"}],"wp:featuredmedia":[{"embeddable":true,"href":"https:\/\/www.hediyepazar.com\/index.php?rest_route=\/wp\/v2\/media\/112428"}],"wp:attachment":[{"href":"https:\/\/www.hediyepazar.com\/index.php?rest_route=%2Fwp%2Fv2%2Fmedia&parent=112429"}],"wp:term":[{"taxonomy":"product_brand","embeddable":true,"href":"https:\/\/www.hediyepazar.com\/index.php?rest_route=%2Fwp%2Fv2%2Fproduct_brand&post=112429"},{"taxonomy":"product_cat","embeddable":true,"href":"https:\/\/www.hediyepazar.com\/index.php?rest_route=%2Fwp%2Fv2%2Fproduct_cat&post=112429"},{"taxonomy":"product_tag","embeddable":true,"href":"https:\/\/www.hediyepazar.com\/index.php?rest_route=%2Fwp%2Fv2%2Fproduct_tag&post=112429"}],"curies":[{"name":"wp","href":"https:\/\/api.w.org\/{rel}","templated":true}]}}