{"id":112437,"date":"2026-05-05T10:16:19","date_gmt":"2026-05-05T13:16:19","guid":{"rendered":"https:\/\/www.hediyepazar.com\/?product=wifi-kamera-4"},"modified":"2026-05-05T10:16:19","modified_gmt":"2026-05-05T13:16:19","slug":"wifi-kamera-4","status":"publish","type":"product","link":"https:\/\/www.hediyepazar.com\/?product=wifi-kamera-4","title":{"rendered":"W\u0130F\u0130 KAMERA"},"content":{"rendered":"<p>Bu ak\u0131ll\u0131 g\u00fcvenlik kameras\u0131, geli\u015fmi\u015f \u00f6zellikleriyle ev ve i\u015f yerleri i\u00e7in ideal bir g\u00fcvenlik \u00e7\u00f6z\u00fcm\u00fc sunar. Hareket alg\u0131lama \u00f6zelli\u011fi sayesinde \u015f\u00fcpheli durumlar\u0131 an\u0131nda tespit eder ve kullan\u0131c\u0131y\u0131 uygulama bildirimleri ile bilgilendirir. Tek y\u00f6nl\u00fc sesli ileti\u015fim \u00f6zelli\u011fi, ortam\u0131 dinleme imkan\u0131 sa\u011flar. HD 720p \u00e7\u00f6z\u00fcn\u00fcrl\u00fck sunarak net ve kaliteli g\u00f6r\u00fcnt\u00fcler elde etmenize olanak tan\u0131r.<\/p>\n","protected":false},"excerpt":{"rendered":"<p>Bu ak\u0131ll\u0131 g\u00fcvenlik kameras\u0131, geli\u015fmi\u015f \u00f6zellikleriyle ev ve i\u015f yerleri i\u00e7in ideal bir g\u00fcvenlik \u00e7\u00f6z\u00fcm\u00fc sunar. Hareket alg\u0131lama \u00f6zelli\u011fi sayesinde \u015f\u00fcpheli durumlar\u0131 an\u0131nda tespit eder ve kullan\u0131c\u0131y\u0131 uygulama bildirimleri ile bilgilendirir. Tek y\u00f6nl\u00fc sesli ileti\u015fim \u00f6zelli\u011fi, ortam\u0131 dinleme imkan\u0131 sa\u011flar. HD 720p \u00e7\u00f6z\u00fcn\u00fcrl\u00fck sunarak net ve kaliteli g\u00f6r\u00fcnt\u00fcler elde etmenize olanak tan\u0131r.<\/p>\n","protected":false},"featured_media":112436,"comment_status":"open","ping_status":"closed","template":"","meta":{"_kad_post_transparent":"","_kad_post_title":"","_kad_post_layout":"","_kad_post_sidebar_id":"","_kad_post_content_style":"","_kad_post_vertical_padding":"","_kad_post_feature":"","_kad_post_feature_position":"","_kad_post_header":false,"_kad_post_footer":false,"_kad_post_classname":""},"product_brand":[],"product_cat":[14927],"product_tag":[],"class_list":{"0":"post-112437","1":"product","2":"type-product","3":"status-publish","4":"has-post-thumbnail","6":"product_cat-akilli-kamera-akilli-kamera","8":"first","9":"instock","10":"purchasable","11":"product-type-simple","12":"entry","13":"content-bg","14":"loop-entry"},"_links":{"self":[{"href":"https:\/\/www.hediyepazar.com\/index.php?rest_route=\/wp\/v2\/product\/112437","targetHints":{"allow":["GET"]}}],"collection":[{"href":"https:\/\/www.hediyepazar.com\/index.php?rest_route=\/wp\/v2\/product"}],"about":[{"href":"https:\/\/www.hediyepazar.com\/index.php?rest_route=\/wp\/v2\/types\/product"}],"replies":[{"embeddable":true,"href":"https:\/\/www.hediyepazar.com\/index.php?rest_route=%2Fwp%2Fv2%2Fcomments&post=112437"}],"wp:featuredmedia":[{"embeddable":true,"href":"https:\/\/www.hediyepazar.com\/index.php?rest_route=\/wp\/v2\/media\/112436"}],"wp:attachment":[{"href":"https:\/\/www.hediyepazar.com\/index.php?rest_route=%2Fwp%2Fv2%2Fmedia&parent=112437"}],"wp:term":[{"taxonomy":"product_brand","embeddable":true,"href":"https:\/\/www.hediyepazar.com\/index.php?rest_route=%2Fwp%2Fv2%2Fproduct_brand&post=112437"},{"taxonomy":"product_cat","embeddable":true,"href":"https:\/\/www.hediyepazar.com\/index.php?rest_route=%2Fwp%2Fv2%2Fproduct_cat&post=112437"},{"taxonomy":"product_tag","embeddable":true,"href":"https:\/\/www.hediyepazar.com\/index.php?rest_route=%2Fwp%2Fv2%2Fproduct_tag&post=112437"}],"curies":[{"name":"wp","href":"https:\/\/api.w.org\/{rel}","templated":true}]}}