{"id":112441,"date":"2026-05-05T10:17:03","date_gmt":"2026-05-05T13:17:03","guid":{"rendered":"https:\/\/www.hediyepazar.com\/?product=50-000-mah-led-dijital-gostergeli-usb-cikisi-powerbank-2"},"modified":"2026-05-05T10:17:03","modified_gmt":"2026-05-05T13:17:03","slug":"50-000-mah-led-dijital-gostergeli-usb-cikisi-powerbank-2","status":"publish","type":"product","link":"https:\/\/www.hediyepazar.com\/?product=50-000-mah-led-dijital-gostergeli-usb-cikisi-powerbank-2","title":{"rendered":"50.000 Mah Led Dijital G\u00f6stergeli USB \u00c7\u0131k\u0131\u015f\u0131 Powerbank"},"content":{"rendered":"<p>\u00dczerinde bulunan LED dijital g\u00f6sterge, powerbank\u2019in mevcut \u015farj seviyesini anl\u0131k olarak takip etmenizi sa\u011flar. D\u00f6rt USB \u00e7\u0131k\u0131\u015f\u0131 sayesinde ayn\u0131 anda birden fazla cihaz\u0131 \u015farj edebilir ve farkl\u0131 ba\u011flant\u0131 se\u00e7enekleriyle (Type-C, Lightning, Micro USB) geni\u015f bir uyumluluk sunar. Ayr\u0131ca, dahili ayd\u0131nlatma fonksiyonu, karanl\u0131k ortamlarda ek bir \u0131\u015f\u0131k kayna\u011f\u0131 sa\u011flayarak pratik bir kullan\u0131m sunar.<\/p>\n","protected":false},"excerpt":{"rendered":"<p>\u00dczerinde bulunan LED dijital g\u00f6sterge, powerbank\u2019in mevcut \u015farj seviyesini anl\u0131k olarak takip etmenizi sa\u011flar. D\u00f6rt USB \u00e7\u0131k\u0131\u015f\u0131 sayesinde ayn\u0131 anda birden fazla cihaz\u0131 \u015farj edebilir ve farkl\u0131 ba\u011flant\u0131 se\u00e7enekleriyle (Type-C, Lightning, Micro USB) geni\u015f bir uyumluluk sunar. Ayr\u0131ca, dahili ayd\u0131nlatma fonksiyonu, karanl\u0131k ortamlarda ek bir \u0131\u015f\u0131k kayna\u011f\u0131 sa\u011flayarak pratik bir kullan\u0131m sunar.<\/p>\n","protected":false},"featured_media":112440,"comment_status":"open","ping_status":"closed","template":"","meta":{"_kad_post_transparent":"","_kad_post_title":"","_kad_post_layout":"","_kad_post_sidebar_id":"","_kad_post_content_style":"","_kad_post_vertical_padding":"","_kad_post_feature":"","_kad_post_feature_position":"","_kad_post_header":false,"_kad_post_footer":false,"_kad_post_classname":""},"product_brand":[],"product_cat":[14937],"product_tag":[],"class_list":{"0":"post-112441","1":"product","2":"type-product","3":"status-publish","4":"has-post-thumbnail","6":"product_cat-powerbank-powerbank-2","8":"first","9":"instock","10":"purchasable","11":"product-type-simple","12":"entry","13":"content-bg","14":"loop-entry"},"_links":{"self":[{"href":"https:\/\/www.hediyepazar.com\/index.php?rest_route=\/wp\/v2\/product\/112441","targetHints":{"allow":["GET"]}}],"collection":[{"href":"https:\/\/www.hediyepazar.com\/index.php?rest_route=\/wp\/v2\/product"}],"about":[{"href":"https:\/\/www.hediyepazar.com\/index.php?rest_route=\/wp\/v2\/types\/product"}],"replies":[{"embeddable":true,"href":"https:\/\/www.hediyepazar.com\/index.php?rest_route=%2Fwp%2Fv2%2Fcomments&post=112441"}],"wp:featuredmedia":[{"embeddable":true,"href":"https:\/\/www.hediyepazar.com\/index.php?rest_route=\/wp\/v2\/media\/112440"}],"wp:attachment":[{"href":"https:\/\/www.hediyepazar.com\/index.php?rest_route=%2Fwp%2Fv2%2Fmedia&parent=112441"}],"wp:term":[{"taxonomy":"product_brand","embeddable":true,"href":"https:\/\/www.hediyepazar.com\/index.php?rest_route=%2Fwp%2Fv2%2Fproduct_brand&post=112441"},{"taxonomy":"product_cat","embeddable":true,"href":"https:\/\/www.hediyepazar.com\/index.php?rest_route=%2Fwp%2Fv2%2Fproduct_cat&post=112441"},{"taxonomy":"product_tag","embeddable":true,"href":"https:\/\/www.hediyepazar.com\/index.php?rest_route=%2Fwp%2Fv2%2Fproduct_tag&post=112441"}],"curies":[{"name":"wp","href":"https:\/\/api.w.org\/{rel}","templated":true}]}}