{"id":112515,"date":"2026-05-05T10:27:37","date_gmt":"2026-05-05T13:27:37","guid":{"rendered":"https:\/\/www.hediyepazar.com\/?product=kendini-temizleyen-tarak"},"modified":"2026-05-05T10:27:37","modified_gmt":"2026-05-05T13:27:37","slug":"kendini-temizleyen-tarak","status":"publish","type":"product","link":"https:\/\/www.hediyepazar.com\/?product=kendini-temizleyen-tarak","title":{"rendered":"KEND\u0130N\u0130 TEM\u0130ZLEYEN TARAK"},"content":{"rendered":"<p>Ergonomik tasar\u0131m\u0131 sayesinde sa\u00e7\u0131n\u0131z\u0131 tararken ayn\u0131 zamanda toplanan sa\u00e7lar\u0131 kolayca temizleyebilece\u011finiz sihirli geri \u00e7ekilebilir tarak, pratik kullan\u0131m\u0131yla \u00f6ne \u00e7\u0131k\u0131yor. Sap k\u0131sm\u0131ndaki \u00f6zel mekanizma sayesinde, tek bir hareketle sa\u00e7lar\u0131 taraktan ay\u0131rabilir ve hijyenik bir kullan\u0131m sa\u011flayabilirsiniz. Anti-statik yap\u0131s\u0131 ile sa\u00e7lar\u0131n\u0131z\u0131 elektriklenmeden tararken, yumu\u015fak silikon tarak di\u015fleri sa\u00e7 derisine masaj yaparak rahatlat\u0131c\u0131 bir etki sunar.<\/p>\n","protected":false},"excerpt":{"rendered":"<p>Ergonomik tasar\u0131m\u0131 sayesinde sa\u00e7\u0131n\u0131z\u0131 tararken ayn\u0131 zamanda toplanan sa\u00e7lar\u0131 kolayca temizleyebilece\u011finiz sihirli geri \u00e7ekilebilir tarak, pratik kullan\u0131m\u0131yla \u00f6ne \u00e7\u0131k\u0131yor. Sap k\u0131sm\u0131ndaki \u00f6zel mekanizma sayesinde, tek bir hareketle sa\u00e7lar\u0131 taraktan ay\u0131rabilir ve hijyenik bir kullan\u0131m sa\u011flayabilirsiniz. Anti-statik yap\u0131s\u0131 ile sa\u00e7lar\u0131n\u0131z\u0131 elektriklenmeden tararken, yumu\u015fak silikon tarak di\u015fleri sa\u00e7 derisine masaj yaparak rahatlat\u0131c\u0131 bir etki sunar.<\/p>\n","protected":false},"featured_media":112514,"comment_status":"open","ping_status":"closed","template":"","meta":{"_kad_post_transparent":"","_kad_post_title":"","_kad_post_layout":"","_kad_post_sidebar_id":"","_kad_post_content_style":"","_kad_post_vertical_padding":"","_kad_post_feature":"","_kad_post_feature_position":"","_kad_post_header":false,"_kad_post_footer":false,"_kad_post_classname":""},"product_brand":[],"product_cat":[14955],"product_tag":[],"class_list":{"0":"post-112515","1":"product","2":"type-product","3":"status-publish","4":"has-post-thumbnail","6":"product_cat-sac-fircasi-tarak-sac-fircasi-tarak","8":"first","9":"instock","10":"purchasable","11":"product-type-simple","12":"entry","13":"content-bg","14":"loop-entry"},"_links":{"self":[{"href":"https:\/\/www.hediyepazar.com\/index.php?rest_route=\/wp\/v2\/product\/112515","targetHints":{"allow":["GET"]}}],"collection":[{"href":"https:\/\/www.hediyepazar.com\/index.php?rest_route=\/wp\/v2\/product"}],"about":[{"href":"https:\/\/www.hediyepazar.com\/index.php?rest_route=\/wp\/v2\/types\/product"}],"replies":[{"embeddable":true,"href":"https:\/\/www.hediyepazar.com\/index.php?rest_route=%2Fwp%2Fv2%2Fcomments&post=112515"}],"wp:featuredmedia":[{"embeddable":true,"href":"https:\/\/www.hediyepazar.com\/index.php?rest_route=\/wp\/v2\/media\/112514"}],"wp:attachment":[{"href":"https:\/\/www.hediyepazar.com\/index.php?rest_route=%2Fwp%2Fv2%2Fmedia&parent=112515"}],"wp:term":[{"taxonomy":"product_brand","embeddable":true,"href":"https:\/\/www.hediyepazar.com\/index.php?rest_route=%2Fwp%2Fv2%2Fproduct_brand&post=112515"},{"taxonomy":"product_cat","embeddable":true,"href":"https:\/\/www.hediyepazar.com\/index.php?rest_route=%2Fwp%2Fv2%2Fproduct_cat&post=112515"},{"taxonomy":"product_tag","embeddable":true,"href":"https:\/\/www.hediyepazar.com\/index.php?rest_route=%2Fwp%2Fv2%2Fproduct_tag&post=112515"}],"curies":[{"name":"wp","href":"https:\/\/api.w.org\/{rel}","templated":true}]}}