{"id":112541,"date":"2026-05-05T10:29:22","date_gmt":"2026-05-05T13:29:22","guid":{"rendered":"https:\/\/www.hediyepazar.com\/?product=anneler-gunune-ozel-hediye-bardak-blender-paslanmaz-celik-bicakli-2"},"modified":"2026-05-05T10:29:22","modified_gmt":"2026-05-05T13:29:22","slug":"anneler-gunune-ozel-hediye-bardak-blender-paslanmaz-celik-bicakli-2","status":"publish","type":"product","link":"https:\/\/www.hediyepazar.com\/?product=anneler-gunune-ozel-hediye-bardak-blender-paslanmaz-celik-bicakli-2","title":{"rendered":"Anneler G\u00fcn\u00fcne \u00d6zel Hediye Bardak Blender Paslanmaz \u00c7elik B\u0131\u00e7akl\u0131"},"content":{"rendered":"<p>Bu \u00fcr\u00fcn, pratik kullan\u0131m\u0131yla mutfakta b\u00fcy\u00fck kolayl\u0131k sa\u011flar. Yiyecekleri haznesine yerle\u015ftirdikten sonra kapa\u011f\u0131n\u0131 dikkatlice kapatarak, \u00e7al\u0131\u015ft\u0131rma tu\u015funa 15 saniye basarak do\u011frama i\u015flemini ger\u00e7ekle\u015ftirebilirsiniz. \u00dc\u00e7 adet keskin b\u0131\u00e7a\u011f\u0131 sayesinde so\u011fan, sar\u0131msak, domates, maydanoz, ya\u015f nane ve sinirsiz ku\u015fba\u015f\u0131 et gibi bir\u00e7ok malzemeyi h\u0131zl\u0131 ve e\u015fit \u015fekilde do\u011frayabilirsiniz. Ancak \u00e7ok k\u00fc\u00e7\u00fck baharatlar\u0131 (susam gibi) \u00e7ekmek veya buz par\u00e7alamak i\u00e7in uygun de\u011fildir. K\u00fc\u00e7\u00fck ve kompakt tasar\u0131m\u0131 sayesinde mutfakta yer kaplamaz ve rahat\u00e7a saklanabilir. Paslanmaz \u00e7elik b\u0131\u00e7aklar\u0131 ve g\u0131da ile temasa uygun plastik haznesi ile sa\u011fl\u0131kl\u0131 ve g\u00fcvenilir bir kullan\u0131m sunar.\u00dcr\u00fcn\u00fcn \u015farj s\u00fcresi 3 saattir ve tam dolum sa\u011flad\u0131\u011f\u0131nda uzun s\u00fcreli kullan\u0131m imkan\u0131 sunar. \u015earja tak\u0131l\u0131yken \u00e7al\u0131\u015fmaz ve g\u00fcvenli kullan\u0131m i\u00e7in motor ba\u015fl\u0131\u011f\u0131 suya de\u011fdirilmeden nemli bir bezle temizlenmelidir. Elde y\u0131kamaya uygun olup, bula\u015f\u0131k makinesinde y\u0131kanmamal\u0131d\u0131r. 250 ml kapasiteye sahip, 30W motor g\u00fcc\u00fc ile y\u00fcksek performans sunan bu do\u011fray\u0131c\u0131, mutfakta h\u0131z ve pratiklik arayanlar i\u00e7in m\u00fckemmel bir yard\u0131mc\u0131d\u0131r. \u00dcr\u00fcn \u00f6l\u00e7\u00fcleri: 11 cm x 9 cm olup, ergonomik tasar\u0131m\u0131yla kolay kullan\u0131m sa\u011flar.<\/p>\n","protected":false},"excerpt":{"rendered":"<p>Bu \u00fcr\u00fcn, pratik kullan\u0131m\u0131yla mutfakta b\u00fcy\u00fck kolayl\u0131k sa\u011flar. Yiyecekleri haznesine yerle\u015ftirdikten sonra kapa\u011f\u0131n\u0131 dikkatlice kapatarak, \u00e7al\u0131\u015ft\u0131rma tu\u015funa 15 saniye basarak do\u011frama i\u015flemini ger\u00e7ekle\u015ftirebilirsiniz. \u00dc\u00e7 adet keskin b\u0131\u00e7a\u011f\u0131 sayesinde so\u011fan, sar\u0131msak, domates, maydanoz, ya\u015f nane ve sinirsiz ku\u015fba\u015f\u0131 et gibi bir\u00e7ok malzemeyi h\u0131zl\u0131 ve e\u015fit \u015fekilde do\u011frayabilirsiniz. Ancak \u00e7ok k\u00fc\u00e7\u00fck baharatlar\u0131 (susam gibi) \u00e7ekmek veya buz&#8230;<\/p>\n","protected":false},"featured_media":112540,"comment_status":"open","ping_status":"closed","template":"","meta":{"_kad_post_transparent":"","_kad_post_title":"","_kad_post_layout":"","_kad_post_sidebar_id":"","_kad_post_content_style":"","_kad_post_vertical_padding":"","_kad_post_feature":"","_kad_post_feature_position":"","_kad_post_header":false,"_kad_post_footer":false,"_kad_post_classname":""},"product_brand":[],"product_cat":[14959],"product_tag":[],"class_list":{"0":"post-112541","1":"product","2":"type-product","3":"status-publish","4":"has-post-thumbnail","6":"product_cat-blender-blender","8":"first","9":"instock","10":"purchasable","11":"product-type-simple","12":"entry","13":"content-bg","14":"loop-entry"},"_links":{"self":[{"href":"https:\/\/www.hediyepazar.com\/index.php?rest_route=\/wp\/v2\/product\/112541","targetHints":{"allow":["GET"]}}],"collection":[{"href":"https:\/\/www.hediyepazar.com\/index.php?rest_route=\/wp\/v2\/product"}],"about":[{"href":"https:\/\/www.hediyepazar.com\/index.php?rest_route=\/wp\/v2\/types\/product"}],"replies":[{"embeddable":true,"href":"https:\/\/www.hediyepazar.com\/index.php?rest_route=%2Fwp%2Fv2%2Fcomments&post=112541"}],"wp:featuredmedia":[{"embeddable":true,"href":"https:\/\/www.hediyepazar.com\/index.php?rest_route=\/wp\/v2\/media\/112540"}],"wp:attachment":[{"href":"https:\/\/www.hediyepazar.com\/index.php?rest_route=%2Fwp%2Fv2%2Fmedia&parent=112541"}],"wp:term":[{"taxonomy":"product_brand","embeddable":true,"href":"https:\/\/www.hediyepazar.com\/index.php?rest_route=%2Fwp%2Fv2%2Fproduct_brand&post=112541"},{"taxonomy":"product_cat","embeddable":true,"href":"https:\/\/www.hediyepazar.com\/index.php?rest_route=%2Fwp%2Fv2%2Fproduct_cat&post=112541"},{"taxonomy":"product_tag","embeddable":true,"href":"https:\/\/www.hediyepazar.com\/index.php?rest_route=%2Fwp%2Fv2%2Fproduct_tag&post=112541"}],"curies":[{"name":"wp","href":"https:\/\/api.w.org\/{rel}","templated":true}]}}