{"id":112563,"date":"2026-05-05T10:30:46","date_gmt":"2026-05-05T13:30:46","guid":{"rendered":"https:\/\/www.hediyepazar.com\/?product=ayakli-oyun-projeksiyonu-cift-kollu-tasinabilir-sinema-projektoru-2"},"modified":"2026-05-05T10:30:46","modified_gmt":"2026-05-05T13:30:46","slug":"ayakli-oyun-projeksiyonu-cift-kollu-tasinabilir-sinema-projektoru-2","status":"publish","type":"product","link":"https:\/\/www.hediyepazar.com\/?product=ayakli-oyun-projeksiyonu-cift-kollu-tasinabilir-sinema-projektoru-2","title":{"rendered":"Ayakl\u0131 Oyun Projeksiyonu \u00c7ift Kollu Ta\u015f\u0131nabilir Sinema Projekt\u00f6r\u00fc"},"content":{"rendered":"<p>Kablosuz ba\u011flant\u0131 \u00f6zelli\u011fi sayesinde projeksiyon cihaz\u0131n\u0131z\u0131 kablo karma\u015fas\u0131 olmadan kolayca kullanabilirsiniz. Wi-Fi 6 ve Bluetooth 5.0 deste\u011fi ile kesintisiz ve h\u0131zl\u0131 ba\u011flant\u0131 sa\u011flayarak pratik bir kullan\u0131m sunar. \u00c7ift kollu tasar\u0131m\u0131 sayesinde esnek bir kullan\u0131m imkan\u0131 sunarken, m\u00fckemmel g\u00f6r\u00fcnt\u00fc ayar\u0131 yapman\u0131za olanak tan\u0131r. Oyun severler i\u00e7in geli\u015ftirilen 10.000\u2019den fazla oyun deste\u011fi ile e\u011flencenizi s\u0131n\u0131rs\u0131z hale getirirken, 4K \u00e7\u00f6z\u00fcn\u00fcrl\u00fck deste\u011fi sayesinde sinema kalitesinde bir izleme deneyimi ya\u015fat\u0131r.HDMI, AUX ve USB giri\u015fleri sayesinde farkl\u0131 cihazlarla kolay ba\u011flant\u0131 kurabilir, film izleme, m\u00fczik dinleme ve oyun oynama deneyiminizi en \u00fcst seviyeye ta\u015f\u0131yabilirsiniz. Ekran yans\u0131tma \u00f6zelli\u011fi ile telefon, tablet veya bilgisayar\u0131n\u0131zdaki i\u00e7erikleri an\u0131nda b\u00fcy\u00fck ekrana aktarabilir, sunumlar\u0131n\u0131z\u0131 veya videolar\u0131n\u0131z\u0131 payla\u015fabilirsiniz. Hafif ve kompakt yap\u0131s\u0131 ile kolay ta\u015f\u0131nabilir olmas\u0131, projeksiyon cihaz\u0131n\u0131z\u0131 evde, ofiste veya d\u0131\u015f mekanlarda rahatl\u0131kla kullanman\u0131za imkan tan\u0131r.Wi-Fi 6 teknolojisi sayesinde y\u00fcksek \u00e7\u00f6z\u00fcn\u00fcrl\u00fckl\u00fc video ak\u0131\u015flar\u0131, oyunlar ve internet gezintisi i\u00e7in h\u0131zl\u0131 ve g\u00fcvenilir bir ba\u011flant\u0131 sunar. Ayr\u0131ca, 4.000\u2019den fazla uygulama deste\u011fi ile sinema, m\u00fczik, e\u011fitim ve daha pek \u00e7ok alanda geni\u015f bir i\u00e7erik yelpazesine eri\u015fim sa\u011flar. Bluetooth 5.0 ile kablosuz ses sistemlerine ba\u011flanarak y\u00fcksek kaliteli ses deneyimi ya\u015fat\u0131r. T\u00fcm bu geli\u015fmi\u015f \u00f6zellikleriyle projeksiyon cihaz\u0131, multimedya keyfini en \u00fcst seviyeye \u00e7\u0131karan modern bir teknoloji harikas\u0131d\u0131r.<\/p>\n","protected":false},"excerpt":{"rendered":"<p>Kablosuz ba\u011flant\u0131 \u00f6zelli\u011fi sayesinde projeksiyon cihaz\u0131n\u0131z\u0131 kablo karma\u015fas\u0131 olmadan kolayca kullanabilirsiniz. Wi-Fi 6 ve Bluetooth 5.0 deste\u011fi ile kesintisiz ve h\u0131zl\u0131 ba\u011flant\u0131 sa\u011flayarak pratik bir kullan\u0131m sunar. \u00c7ift kollu tasar\u0131m\u0131 sayesinde esnek bir kullan\u0131m imkan\u0131 sunarken, m\u00fckemmel g\u00f6r\u00fcnt\u00fc ayar\u0131 yapman\u0131za olanak tan\u0131r. Oyun severler i\u00e7in geli\u015ftirilen 10.000\u2019den fazla oyun deste\u011fi ile e\u011flencenizi s\u0131n\u0131rs\u0131z hale getirirken,&#8230;<\/p>\n","protected":false},"featured_media":112562,"comment_status":"open","ping_status":"closed","template":"","meta":{"_kad_post_transparent":"","_kad_post_title":"","_kad_post_layout":"","_kad_post_sidebar_id":"","_kad_post_content_style":"","_kad_post_vertical_padding":"","_kad_post_feature":"","_kad_post_feature_position":"","_kad_post_header":false,"_kad_post_footer":false,"_kad_post_classname":""},"product_brand":[],"product_cat":[14905],"product_tag":[],"class_list":{"0":"post-112563","1":"product","2":"type-product","3":"status-publish","4":"has-post-thumbnail","6":"product_cat-projeksiyon-projeksiyon","8":"first","9":"instock","10":"purchasable","11":"product-type-simple","12":"entry","13":"content-bg","14":"loop-entry"},"_links":{"self":[{"href":"https:\/\/www.hediyepazar.com\/index.php?rest_route=\/wp\/v2\/product\/112563","targetHints":{"allow":["GET"]}}],"collection":[{"href":"https:\/\/www.hediyepazar.com\/index.php?rest_route=\/wp\/v2\/product"}],"about":[{"href":"https:\/\/www.hediyepazar.com\/index.php?rest_route=\/wp\/v2\/types\/product"}],"replies":[{"embeddable":true,"href":"https:\/\/www.hediyepazar.com\/index.php?rest_route=%2Fwp%2Fv2%2Fcomments&post=112563"}],"wp:featuredmedia":[{"embeddable":true,"href":"https:\/\/www.hediyepazar.com\/index.php?rest_route=\/wp\/v2\/media\/112562"}],"wp:attachment":[{"href":"https:\/\/www.hediyepazar.com\/index.php?rest_route=%2Fwp%2Fv2%2Fmedia&parent=112563"}],"wp:term":[{"taxonomy":"product_brand","embeddable":true,"href":"https:\/\/www.hediyepazar.com\/index.php?rest_route=%2Fwp%2Fv2%2Fproduct_brand&post=112563"},{"taxonomy":"product_cat","embeddable":true,"href":"https:\/\/www.hediyepazar.com\/index.php?rest_route=%2Fwp%2Fv2%2Fproduct_cat&post=112563"},{"taxonomy":"product_tag","embeddable":true,"href":"https:\/\/www.hediyepazar.com\/index.php?rest_route=%2Fwp%2Fv2%2Fproduct_tag&post=112563"}],"curies":[{"name":"wp","href":"https:\/\/api.w.org\/{rel}","templated":true}]}}