{"id":112571,"date":"2026-05-05T10:31:18","date_gmt":"2026-05-05T13:31:18","guid":{"rendered":"https:\/\/www.hediyepazar.com\/?product=a10s-bluetooth-kulaklik-2"},"modified":"2026-05-05T10:31:18","modified_gmt":"2026-05-05T13:31:18","slug":"a10s-bluetooth-kulaklik-2","status":"publish","type":"product","link":"https:\/\/www.hediyepazar.com\/?product=a10s-bluetooth-kulaklik-2","title":{"rendered":"A10S BLUETOOTH KULAKLIK"},"content":{"rendered":"<p>Ger\u00e7ek kablosuz stereo \u00f6zelli\u011fine sahip A10s TWS Bluetooth kulakl\u0131k, geli\u015fmi\u015f Bluetooth 5.0 \u00e7ipi sayesinde daha h\u0131zl\u0131 ve stabil bir ba\u011flant\u0131 sunar. Otomatik e\u015fle\u015ftirme \u00f6zelli\u011fi ile cihaz\u0131n\u0131za zahmetsizce ba\u011flan\u0131rken, dokunmatik kontrol paneli sayesinde m\u00fczikleri y\u00f6netmek ve \u00e7a\u011fr\u0131lar\u0131 yan\u0131tlamak olduk\u00e7a pratiktir. 1800 mAh kapasiteli b\u00fcy\u00fck pil ile donat\u0131lm\u0131\u015f olan \u015farj kutusu, yaln\u0131zca kulakl\u0131klar\u0131 de\u011fil, ayn\u0131 zamanda cep telefonunuzu da \u015farj edebilme \u00f6zelli\u011fi ile fark yarat\u0131r. 40 mAh kapasiteli kulakl\u0131k pilleri, yakla\u015f\u0131k 4 saat boyunca kesintisiz m\u00fczik dinleme ve telefon g\u00f6r\u00fc\u015fmesi yapma imkan\u0131 sunarken, \u015farj kutusu kulakl\u0131klar\u0131 22 kez \u015farj edebilir. Stereo ses modu ile y\u00fcksek kaliteli bir ses deneyimi sunan bu kulakl\u0131k, Windows, iOS ve Android i\u015fletim sistemleriyle tam uyumludur. Hafif ve ergonomik tasar\u0131m\u0131yla konforlu bir kullan\u0131m sunan A10s, g\u00fcnl\u00fck hayat\u0131n\u0131z\u0131 kolayla\u015ft\u0131ran \u015f\u0131k ve fonksiyonel bir se\u00e7enektir.<\/p>\n","protected":false},"excerpt":{"rendered":"<p>Ger\u00e7ek kablosuz stereo \u00f6zelli\u011fine sahip A10s TWS Bluetooth kulakl\u0131k, geli\u015fmi\u015f Bluetooth 5.0 \u00e7ipi sayesinde daha h\u0131zl\u0131 ve stabil bir ba\u011flant\u0131 sunar. Otomatik e\u015fle\u015ftirme \u00f6zelli\u011fi ile cihaz\u0131n\u0131za zahmetsizce ba\u011flan\u0131rken, dokunmatik kontrol paneli sayesinde m\u00fczikleri y\u00f6netmek ve \u00e7a\u011fr\u0131lar\u0131 yan\u0131tlamak olduk\u00e7a pratiktir. 1800 mAh kapasiteli b\u00fcy\u00fck pil ile donat\u0131lm\u0131\u015f olan \u015farj kutusu, yaln\u0131zca kulakl\u0131klar\u0131 de\u011fil, ayn\u0131 zamanda cep&#8230;<\/p>\n","protected":false},"featured_media":112570,"comment_status":"open","ping_status":"closed","template":"","meta":{"_kad_post_transparent":"","_kad_post_title":"","_kad_post_layout":"","_kad_post_sidebar_id":"","_kad_post_content_style":"","_kad_post_vertical_padding":"","_kad_post_feature":"","_kad_post_feature_position":"","_kad_post_header":false,"_kad_post_footer":false,"_kad_post_classname":""},"product_brand":[],"product_cat":[14957],"product_tag":[],"class_list":{"0":"post-112571","1":"product","2":"type-product","3":"status-publish","4":"has-post-thumbnail","6":"product_cat-kablosuz-kulaklik-kablosuz-kulaklik","8":"first","9":"instock","10":"purchasable","11":"product-type-simple","12":"entry","13":"content-bg","14":"loop-entry"},"_links":{"self":[{"href":"https:\/\/www.hediyepazar.com\/index.php?rest_route=\/wp\/v2\/product\/112571","targetHints":{"allow":["GET"]}}],"collection":[{"href":"https:\/\/www.hediyepazar.com\/index.php?rest_route=\/wp\/v2\/product"}],"about":[{"href":"https:\/\/www.hediyepazar.com\/index.php?rest_route=\/wp\/v2\/types\/product"}],"replies":[{"embeddable":true,"href":"https:\/\/www.hediyepazar.com\/index.php?rest_route=%2Fwp%2Fv2%2Fcomments&post=112571"}],"wp:featuredmedia":[{"embeddable":true,"href":"https:\/\/www.hediyepazar.com\/index.php?rest_route=\/wp\/v2\/media\/112570"}],"wp:attachment":[{"href":"https:\/\/www.hediyepazar.com\/index.php?rest_route=%2Fwp%2Fv2%2Fmedia&parent=112571"}],"wp:term":[{"taxonomy":"product_brand","embeddable":true,"href":"https:\/\/www.hediyepazar.com\/index.php?rest_route=%2Fwp%2Fv2%2Fproduct_brand&post=112571"},{"taxonomy":"product_cat","embeddable":true,"href":"https:\/\/www.hediyepazar.com\/index.php?rest_route=%2Fwp%2Fv2%2Fproduct_cat&post=112571"},{"taxonomy":"product_tag","embeddable":true,"href":"https:\/\/www.hediyepazar.com\/index.php?rest_route=%2Fwp%2Fv2%2Fproduct_tag&post=112571"}],"curies":[{"name":"wp","href":"https:\/\/api.w.org\/{rel}","templated":true}]}}