{"id":112577,"date":"2026-05-05T10:31:49","date_gmt":"2026-05-05T13:31:49","guid":{"rendered":"https:\/\/www.hediyepazar.com\/?product=4-cikisli-20-000-mah-powerbank-tasinabilir-coklu-giris-2"},"modified":"2026-05-05T10:31:49","modified_gmt":"2026-05-05T13:31:49","slug":"4-cikisli-20-000-mah-powerbank-tasinabilir-coklu-giris-2","status":"publish","type":"product","link":"https:\/\/www.hediyepazar.com\/?product=4-cikisli-20-000-mah-powerbank-tasinabilir-coklu-giris-2","title":{"rendered":"4 \u00c7\u0131k\u0131\u015fl\u0131 20.000 MAH Powerbank Ta\u015f\u0131nabilir \u00c7oklu Giri\u015f"},"content":{"rendered":"<p>20.000 mAh Ta\u015f\u0131nabilir \u015earj Cihaz\u0131 \u2013 Y\u00fcksek Kapasite ve H\u0131zl\u0131 \u015earj Deneyimi20.000 mAh ultra y\u00fcksek kapasitesi ile g\u00fcn boyu kesintisiz enerji sa\u011flayan bu ta\u015f\u0131nabilir \u015farj cihaz\u0131, ak\u0131ll\u0131 telefonlar, tabletler ve di\u011fer elektronik cihazlar i\u00e7in g\u00fc\u00e7l\u00fc bir \u00e7\u00f6z\u00fcm sunar.H\u0131zl\u0131 \u015farj \u00f6zelli\u011fi, cihazlar\u0131n\u0131z\u0131 k\u0131sa s\u00fcrede kullan\u0131ma haz\u0131r hale getirirken, 4 adet \u00e7\u0131k\u0131\u015f portu sayesinde ayn\u0131 anda birden fazla cihaz\u0131 \u015farj etme imkan\u0131 tan\u0131r.\u015e\u0131k ve modern siyah tasar\u0131m\u0131, estetik bir g\u00f6r\u00fcn\u00fcm sunarken, kompakt ve dayan\u0131kl\u0131 yap\u0131s\u0131 sayesinde \u00e7antan\u0131zda kolayca ta\u015f\u0131nabilir. G\u00fcnl\u00fck kullan\u0131mda ve seyahatlerde kesintisiz g\u00fc\u00e7 ihtiyac\u0131n\u0131z\u0131 kar\u015f\u0131lamak i\u00e7in ideal bir se\u00e7enektir.<\/p>\n","protected":false},"excerpt":{"rendered":"<p>20.000 mAh Ta\u015f\u0131nabilir \u015earj Cihaz\u0131 \u2013 Y\u00fcksek Kapasite ve H\u0131zl\u0131 \u015earj Deneyimi20.000 mAh ultra y\u00fcksek kapasitesi ile g\u00fcn boyu kesintisiz enerji sa\u011flayan bu ta\u015f\u0131nabilir \u015farj cihaz\u0131, ak\u0131ll\u0131 telefonlar, tabletler ve di\u011fer elektronik cihazlar i\u00e7in g\u00fc\u00e7l\u00fc bir \u00e7\u00f6z\u00fcm sunar.H\u0131zl\u0131 \u015farj \u00f6zelli\u011fi, cihazlar\u0131n\u0131z\u0131 k\u0131sa s\u00fcrede kullan\u0131ma haz\u0131r hale getirirken, 4 adet \u00e7\u0131k\u0131\u015f portu sayesinde ayn\u0131 anda birden&#8230;<\/p>\n","protected":false},"featured_media":112576,"comment_status":"open","ping_status":"closed","template":"","meta":{"_kad_post_transparent":"","_kad_post_title":"","_kad_post_layout":"","_kad_post_sidebar_id":"","_kad_post_content_style":"","_kad_post_vertical_padding":"","_kad_post_feature":"","_kad_post_feature_position":"","_kad_post_header":false,"_kad_post_footer":false,"_kad_post_classname":""},"product_brand":[],"product_cat":[14937],"product_tag":[],"class_list":{"0":"post-112577","1":"product","2":"type-product","3":"status-publish","4":"has-post-thumbnail","6":"product_cat-powerbank-powerbank-2","8":"first","9":"instock","10":"purchasable","11":"product-type-simple","12":"entry","13":"content-bg","14":"loop-entry"},"_links":{"self":[{"href":"https:\/\/www.hediyepazar.com\/index.php?rest_route=\/wp\/v2\/product\/112577","targetHints":{"allow":["GET"]}}],"collection":[{"href":"https:\/\/www.hediyepazar.com\/index.php?rest_route=\/wp\/v2\/product"}],"about":[{"href":"https:\/\/www.hediyepazar.com\/index.php?rest_route=\/wp\/v2\/types\/product"}],"replies":[{"embeddable":true,"href":"https:\/\/www.hediyepazar.com\/index.php?rest_route=%2Fwp%2Fv2%2Fcomments&post=112577"}],"wp:featuredmedia":[{"embeddable":true,"href":"https:\/\/www.hediyepazar.com\/index.php?rest_route=\/wp\/v2\/media\/112576"}],"wp:attachment":[{"href":"https:\/\/www.hediyepazar.com\/index.php?rest_route=%2Fwp%2Fv2%2Fmedia&parent=112577"}],"wp:term":[{"taxonomy":"product_brand","embeddable":true,"href":"https:\/\/www.hediyepazar.com\/index.php?rest_route=%2Fwp%2Fv2%2Fproduct_brand&post=112577"},{"taxonomy":"product_cat","embeddable":true,"href":"https:\/\/www.hediyepazar.com\/index.php?rest_route=%2Fwp%2Fv2%2Fproduct_cat&post=112577"},{"taxonomy":"product_tag","embeddable":true,"href":"https:\/\/www.hediyepazar.com\/index.php?rest_route=%2Fwp%2Fv2%2Fproduct_tag&post=112577"}],"curies":[{"name":"wp","href":"https:\/\/api.w.org\/{rel}","templated":true}]}}