{"id":112639,"date":"2026-05-05T10:38:32","date_gmt":"2026-05-05T13:38:32","guid":{"rendered":"https:\/\/www.hediyepazar.com\/?product=sevgiliye-ozel-hediye-ayakli-sinema-projektoru-projeksiyon-2"},"modified":"2026-05-05T10:38:32","modified_gmt":"2026-05-05T13:38:32","slug":"sevgiliye-ozel-hediye-ayakli-sinema-projektoru-projeksiyon-2","status":"publish","type":"product","link":"https:\/\/www.hediyepazar.com\/?product=sevgiliye-ozel-hediye-ayakli-sinema-projektoru-projeksiyon-2","title":{"rendered":"Sevgiliye \u00d6zel Hediye Ayakl\u0131 Sinema Projekt\u00f6r\u00fc Projeksiyon"},"content":{"rendered":"<p>Y\u00fcksek performansl\u0131 projeksiyon deneyimi sunan bu model,1036*600p \u00e7\u00f6z\u00fcn\u00fcrl\u00fc\u011f\u00fc ile net ve canl\u0131 g\u00f6r\u00fcnt\u00fcler sa\u011flar. Android 11.0 i\u015fletim sistemi sayesinde ak\u0131ll\u0131 \u00f6zelliklere sahip olan cihaz, kablosuz g\u00f6r\u00fcnt\u00fc aktar\u0131m deste\u011fiyle kablo karma\u015fas\u0131n\u0131 ortadan kald\u0131rarak konforlu bir kullan\u0131m sunar. 16:9 ve 4:3 en boy oran\u0131 deste\u011fiyle farkl\u0131 i\u00e7erik t\u00fcrlerine uyum sa\u011flayarak geni\u015f bir izleme deneyimi sunarken, lazer g\u00f6r\u00fcnt\u00fc teknolojisi sayesinde film, dizi ve oyunlarda \u00fcst\u00fcn g\u00f6rsel kalite elde edilir. Yaln\u0131zca 0,5 kg a\u011f\u0131rl\u0131\u011f\u0131 ile ta\u015f\u0131nabilir yap\u0131ya sahip olan bu projeksiyon cihaz\u0131, evde, ofiste veya a\u00e7\u0131k alanlarda kolayca kullan\u0131labilir. 4000 saatlik ampul \u00f6mr\u00fc, uzun y\u0131llar boyunca bak\u0131m gerektirmeyen bir kullan\u0131m imk\u00e2n\u0131 sunarak s\u0131k ampul de\u011fi\u015fimi derdini ortadan kald\u0131r\u0131r.HDMI ba\u011flant\u0131 noktas\u0131 sayesinde bilgisayar, oyun konsolu, medya oynat\u0131c\u0131 gibi modern cihazlarla kolay entegrasyon sa\u011flar ve y\u00fcksek kaliteli video aktar\u0131m\u0131na imk\u00e2n tan\u0131r. USB giri\u015fi ile harici depolama ayg\u0131tlar\u0131ndan do\u011frudan medya dosyalar\u0131n\u0131z\u0131 oynatarak favori i\u00e7eriklerinizi diledi\u011finiz zaman izleyebilirsiniz. 2 y\u0131l ithalat\u00e7\u0131 garantisi ile g\u00fcvenli kullan\u0131m sunan cihaz, teknik sorunlar kar\u015f\u0131s\u0131nda endi\u015fe duymadan uzun s\u00fcre keyifle kullan\u0131labilir. Kompakt ve i\u015flevsel tasar\u0131m\u0131yla her ortamda sinema keyfi ya\u015famak isteyenler i\u00e7in ideal bir se\u00e7enek olan bu projeksiyon cihaz\u0131, teknolojiyi g\u00fcnl\u00fck ya\u015fam\u0131n\u0131za ta\u015f\u0131yarak e\u011flence deneyiminizi bir \u00fcst seviyeye \u00e7\u0131kar\u0131yor.<\/p>\n","protected":false},"excerpt":{"rendered":"<p>Y\u00fcksek performansl\u0131 projeksiyon deneyimi sunan bu model,1036*600p \u00e7\u00f6z\u00fcn\u00fcrl\u00fc\u011f\u00fc ile net ve canl\u0131 g\u00f6r\u00fcnt\u00fcler sa\u011flar. Android 11.0 i\u015fletim sistemi sayesinde ak\u0131ll\u0131 \u00f6zelliklere sahip olan cihaz, kablosuz g\u00f6r\u00fcnt\u00fc aktar\u0131m deste\u011fiyle kablo karma\u015fas\u0131n\u0131 ortadan kald\u0131rarak konforlu bir kullan\u0131m sunar. 16:9 ve 4:3 en boy oran\u0131 deste\u011fiyle farkl\u0131 i\u00e7erik t\u00fcrlerine uyum sa\u011flayarak geni\u015f bir izleme deneyimi sunarken, lazer g\u00f6r\u00fcnt\u00fc&#8230;<\/p>\n","protected":false},"featured_media":112638,"comment_status":"open","ping_status":"closed","template":"","meta":{"_kad_post_transparent":"","_kad_post_title":"","_kad_post_layout":"","_kad_post_sidebar_id":"","_kad_post_content_style":"","_kad_post_vertical_padding":"","_kad_post_feature":"","_kad_post_feature_position":"","_kad_post_header":false,"_kad_post_footer":false,"_kad_post_classname":""},"product_brand":[],"product_cat":[14905],"product_tag":[],"class_list":{"0":"post-112639","1":"product","2":"type-product","3":"status-publish","4":"has-post-thumbnail","6":"product_cat-projeksiyon-projeksiyon","8":"first","9":"instock","10":"purchasable","11":"product-type-simple","12":"entry","13":"content-bg","14":"loop-entry"},"_links":{"self":[{"href":"https:\/\/www.hediyepazar.com\/index.php?rest_route=\/wp\/v2\/product\/112639","targetHints":{"allow":["GET"]}}],"collection":[{"href":"https:\/\/www.hediyepazar.com\/index.php?rest_route=\/wp\/v2\/product"}],"about":[{"href":"https:\/\/www.hediyepazar.com\/index.php?rest_route=\/wp\/v2\/types\/product"}],"replies":[{"embeddable":true,"href":"https:\/\/www.hediyepazar.com\/index.php?rest_route=%2Fwp%2Fv2%2Fcomments&post=112639"}],"wp:featuredmedia":[{"embeddable":true,"href":"https:\/\/www.hediyepazar.com\/index.php?rest_route=\/wp\/v2\/media\/112638"}],"wp:attachment":[{"href":"https:\/\/www.hediyepazar.com\/index.php?rest_route=%2Fwp%2Fv2%2Fmedia&parent=112639"}],"wp:term":[{"taxonomy":"product_brand","embeddable":true,"href":"https:\/\/www.hediyepazar.com\/index.php?rest_route=%2Fwp%2Fv2%2Fproduct_brand&post=112639"},{"taxonomy":"product_cat","embeddable":true,"href":"https:\/\/www.hediyepazar.com\/index.php?rest_route=%2Fwp%2Fv2%2Fproduct_cat&post=112639"},{"taxonomy":"product_tag","embeddable":true,"href":"https:\/\/www.hediyepazar.com\/index.php?rest_route=%2Fwp%2Fv2%2Fproduct_tag&post=112639"}],"curies":[{"name":"wp","href":"https:\/\/api.w.org\/{rel}","templated":true}]}}