{"id":112643,"date":"2026-05-05T10:38:50","date_gmt":"2026-05-05T13:38:50","guid":{"rendered":"https:\/\/www.hediyepazar.com\/?product=sevgililer-gunune-ozel-romantik-kristal-gece-lambasi-sevgiliye-hediye-2"},"modified":"2026-05-05T10:38:50","modified_gmt":"2026-05-05T13:38:50","slug":"sevgililer-gunune-ozel-romantik-kristal-gece-lambasi-sevgiliye-hediye-2","status":"publish","type":"product","link":"https:\/\/www.hediyepazar.com\/?product=sevgililer-gunune-ozel-romantik-kristal-gece-lambasi-sevgiliye-hediye-2","title":{"rendered":"Sevgililer G\u00fcn\u00fcne \u00d6zel Romantik Kristal Gece Lambas\u0131 Sevgiliye Hediye"},"content":{"rendered":"<p>Kristal masa lambas\u0131, zarif ve modern tasar\u0131m\u0131yla ya\u015fam alanlar\u0131n\u0131za \u015f\u0131kl\u0131k ve s\u0131cakl\u0131k kat\u0131yor. \u00d6zel 3D kesim teknolojisi ile \u00fcretilmi\u015f elmas g\u00f6r\u00fcn\u00fcml\u00fc y\u00fczeyi sayesinde \u0131\u015f\u0131\u011f\u0131 \u00e7ok y\u00f6nl\u00fc k\u0131rarak b\u00fcy\u00fcleyici bir yans\u0131ma olu\u015fturur. Y\u00fcksek kaliteli akrilik malzemesi, %95\u2019ten fazla \u0131\u015f\u0131k ge\u00e7irgenli\u011fi sa\u011flayarak parlak ve net bir ayd\u0131nlatma sunar. 16 farkl\u0131 RGB renk se\u00e7ene\u011fi ile ortama uygun renk tonunu se\u00e7ebilir, 4 dinamik mod sayesinde \u0131\u015f\u0131k ge\u00e7i\u015flerini ihtiyac\u0131n\u0131za g\u00f6re ayarlayabilirsiniz. S\u0131cak beyaz, mavi, k\u0131rm\u0131z\u0131, sar\u0131 gibi \u00e7e\u015fitli renk se\u00e7enekleriyle ister dinlendirici bir atmosfer yaratabilir ister enerjik bir ambiyans olu\u015fturabilirsiniz. Oturma odas\u0131, yatak odas\u0131, yemek odas\u0131, ofis gibi alanlarda kullan\u0131m i\u00e7in ideal olmas\u0131n\u0131n yan\u0131 s\u0131ra, do\u011fum g\u00fcn\u00fc, Sevgililer G\u00fcn\u00fc, y\u0131lba\u015f\u0131 gibi \u00f6zel g\u00fcnlerde romantik bir hediye se\u00e7ene\u011fi olarak da m\u00fckemmel bir alternatiftir.\u015earj edilebilir bataryas\u0131 sayesinde kabloya ihtiya\u00e7 duymadan rahat\u00e7a kullanabilece\u011finiz bu masa lambas\u0131, 2000 mAh kapasiteli piliyle uzun \u00f6m\u00fcrl\u00fc bir performans sunar. Tam \u015farj ile 3 saat kesintisiz kullan\u0131m imk\u00e2n\u0131 sa\u011flarken, g\u00fcvenli ve h\u0131zl\u0131 \u015farj i\u00e7in entegre USB portu ile donat\u0131lm\u0131\u015ft\u0131r. Kullan\u0131m kolayl\u0131\u011f\u0131 sunan dokunmatik sens\u00f6r \u00f6zelli\u011fi ile \u0131\u015f\u0131\u011f\u0131 tek bir dokunu\u015fla a\u00e7\u0131p kapatabilir, parlakl\u0131k seviyesini ayarlayabilirsiniz. Ek olarak, 24 tu\u015flu uzaktan kumandas\u0131 ile lambay\u0131 diledi\u011finiz gibi kontrol edebilir, renk ve mod de\u011fi\u015fimlerini zahmetsizce ger\u00e7ekle\u015ftirebilirsiniz. Estetik tasar\u0131m\u0131 ve fonksiyonel yap\u0131s\u0131yla her mek\u00e2na uyum sa\u011flayan bu kristal masa lambas\u0131, dekoratif bir ayd\u0131nlatma \u00e7\u00f6z\u00fcm\u00fc olman\u0131n \u00f6tesinde, \u0131\u015f\u0131k ve g\u00f6lge oyunlar\u0131yla b\u00fcy\u00fcleyici bir atmosfer yarat\u0131r.<\/p>\n","protected":false},"excerpt":{"rendered":"<p>Kristal masa lambas\u0131, zarif ve modern tasar\u0131m\u0131yla ya\u015fam alanlar\u0131n\u0131za \u015f\u0131kl\u0131k ve s\u0131cakl\u0131k kat\u0131yor. \u00d6zel 3D kesim teknolojisi ile \u00fcretilmi\u015f elmas g\u00f6r\u00fcn\u00fcml\u00fc y\u00fczeyi sayesinde \u0131\u015f\u0131\u011f\u0131 \u00e7ok y\u00f6nl\u00fc k\u0131rarak b\u00fcy\u00fcleyici bir yans\u0131ma olu\u015fturur. Y\u00fcksek kaliteli akrilik malzemesi, %95\u2019ten fazla \u0131\u015f\u0131k ge\u00e7irgenli\u011fi sa\u011flayarak parlak ve net bir ayd\u0131nlatma sunar. 16 farkl\u0131 RGB renk se\u00e7ene\u011fi ile ortama uygun renk&#8230;<\/p>\n","protected":false},"featured_media":112642,"comment_status":"open","ping_status":"closed","template":"","meta":{"_kad_post_transparent":"","_kad_post_title":"","_kad_post_layout":"","_kad_post_sidebar_id":"","_kad_post_content_style":"","_kad_post_vertical_padding":"","_kad_post_feature":"","_kad_post_feature_position":"","_kad_post_header":false,"_kad_post_footer":false,"_kad_post_classname":""},"product_brand":[],"product_cat":[14967],"product_tag":[],"class_list":{"0":"post-112643","1":"product","2":"type-product","3":"status-publish","4":"has-post-thumbnail","6":"product_cat-gece-lambasi-gece-lambasi","8":"first","9":"instock","10":"purchasable","11":"product-type-simple","12":"entry","13":"content-bg","14":"loop-entry"},"_links":{"self":[{"href":"https:\/\/www.hediyepazar.com\/index.php?rest_route=\/wp\/v2\/product\/112643","targetHints":{"allow":["GET"]}}],"collection":[{"href":"https:\/\/www.hediyepazar.com\/index.php?rest_route=\/wp\/v2\/product"}],"about":[{"href":"https:\/\/www.hediyepazar.com\/index.php?rest_route=\/wp\/v2\/types\/product"}],"replies":[{"embeddable":true,"href":"https:\/\/www.hediyepazar.com\/index.php?rest_route=%2Fwp%2Fv2%2Fcomments&post=112643"}],"wp:featuredmedia":[{"embeddable":true,"href":"https:\/\/www.hediyepazar.com\/index.php?rest_route=\/wp\/v2\/media\/112642"}],"wp:attachment":[{"href":"https:\/\/www.hediyepazar.com\/index.php?rest_route=%2Fwp%2Fv2%2Fmedia&parent=112643"}],"wp:term":[{"taxonomy":"product_brand","embeddable":true,"href":"https:\/\/www.hediyepazar.com\/index.php?rest_route=%2Fwp%2Fv2%2Fproduct_brand&post=112643"},{"taxonomy":"product_cat","embeddable":true,"href":"https:\/\/www.hediyepazar.com\/index.php?rest_route=%2Fwp%2Fv2%2Fproduct_cat&post=112643"},{"taxonomy":"product_tag","embeddable":true,"href":"https:\/\/www.hediyepazar.com\/index.php?rest_route=%2Fwp%2Fv2%2Fproduct_tag&post=112643"}],"curies":[{"name":"wp","href":"https:\/\/api.w.org\/{rel}","templated":true}]}}