{"id":112647,"date":"2026-05-05T10:39:17","date_gmt":"2026-05-05T13:39:17","guid":{"rendered":"https:\/\/www.hediyepazar.com\/?product=haino-teko-2-2"},"modified":"2026-05-05T10:39:17","modified_gmt":"2026-05-05T13:39:17","slug":"haino-teko-2-2","status":"publish","type":"product","link":"https:\/\/www.hediyepazar.com\/?product=haino-teko-2-2","title":{"rendered":"HA\u0130NO TEKO 2"},"content":{"rendered":"<p>Modern ve estetik tasar\u0131m\u0131 ile dikkat \u00e7eken bu ak\u0131ll\u0131 saat, 1.54 in\u00e7 geni\u015fli\u011finde dokunmatik ekrana ve 240&#215;240 piksel y\u00fcksek \u00e7\u00f6z\u00fcn\u00fcrl\u00fc\u011fe sahiptir. B\u00fcy\u00fck ekran\u0131 sayesinde bildirimleri, \u00e7a\u011fr\u0131lar\u0131 ve uygulamalar\u0131 rahatl\u0131kla g\u00f6r\u00fcnt\u00fcleyebilirsiniz. IOS ve Android uyumlu olmas\u0131 sayesinde t\u00fcm g\u00fcncellemeleri telefonunuzla senkronize edebilir, en yeni \u00f6zelliklere her zaman eri\u015febilirsiniz. Dayan\u0131kl\u0131 ve ergonomik tasar\u0131m\u0131, bile\u011finizde \u015f\u0131k bir aksesuar gibi dururken ayn\u0131 zamanda g\u00fcnl\u00fck ya\u015fam\u0131n\u0131z\u0131 kolayla\u015ft\u0131ran teknolojik bir yard\u0131mc\u0131d\u0131r. Hafif yap\u0131s\u0131 ve kullan\u0131c\u0131 dostu aray\u00fcz\u00fc, g\u00fcn boyu konforlu bir kullan\u0131m sa\u011flar.Bu \u00e7ok y\u00f6nl\u00fc ak\u0131ll\u0131 saat, ileti\u015fimden sa\u011fl\u0131\u011fa, spor takibinden multimedya deneyimine kadar bir\u00e7ok ihtiyac\u0131n\u0131z\u0131 kar\u015f\u0131layan fonksiyonlar\u0131yla, hayat\u0131n\u0131z\u0131 daha pratik hale getirecek. \u015e\u0131k tasar\u0131m\u0131 ve geli\u015fmi\u015f \u00f6zellikleriyle, hem g\u00fcnl\u00fck kullan\u0131m hem de aktif ya\u015fam tarz\u0131 i\u00e7in m\u00fckemmel bir se\u00e7im! \u231a&nbsp;<\/p>\n","protected":false},"excerpt":{"rendered":"<p>Modern ve estetik tasar\u0131m\u0131 ile dikkat \u00e7eken bu ak\u0131ll\u0131 saat, 1.54 in\u00e7 geni\u015fli\u011finde dokunmatik ekrana ve 240&#215;240 piksel y\u00fcksek \u00e7\u00f6z\u00fcn\u00fcrl\u00fc\u011fe sahiptir. B\u00fcy\u00fck ekran\u0131 sayesinde bildirimleri, \u00e7a\u011fr\u0131lar\u0131 ve uygulamalar\u0131 rahatl\u0131kla g\u00f6r\u00fcnt\u00fcleyebilirsiniz. IOS ve Android uyumlu olmas\u0131 sayesinde t\u00fcm g\u00fcncellemeleri telefonunuzla senkronize edebilir, en yeni \u00f6zelliklere her zaman eri\u015febilirsiniz. Dayan\u0131kl\u0131 ve ergonomik tasar\u0131m\u0131, bile\u011finizde \u015f\u0131k bir aksesuar&#8230;<\/p>\n","protected":false},"featured_media":112646,"comment_status":"open","ping_status":"closed","template":"","meta":{"_kad_post_transparent":"","_kad_post_title":"","_kad_post_layout":"","_kad_post_sidebar_id":"","_kad_post_content_style":"","_kad_post_vertical_padding":"","_kad_post_feature":"","_kad_post_feature_position":"","_kad_post_header":false,"_kad_post_footer":false,"_kad_post_classname":""},"product_brand":[],"product_cat":[14935],"product_tag":[],"class_list":{"0":"post-112647","1":"product","2":"type-product","3":"status-publish","4":"has-post-thumbnail","6":"product_cat-akilli-saatler-akilli-saatler","8":"first","9":"instock","10":"purchasable","11":"product-type-simple","12":"entry","13":"content-bg","14":"loop-entry"},"_links":{"self":[{"href":"https:\/\/www.hediyepazar.com\/index.php?rest_route=\/wp\/v2\/product\/112647","targetHints":{"allow":["GET"]}}],"collection":[{"href":"https:\/\/www.hediyepazar.com\/index.php?rest_route=\/wp\/v2\/product"}],"about":[{"href":"https:\/\/www.hediyepazar.com\/index.php?rest_route=\/wp\/v2\/types\/product"}],"replies":[{"embeddable":true,"href":"https:\/\/www.hediyepazar.com\/index.php?rest_route=%2Fwp%2Fv2%2Fcomments&post=112647"}],"wp:featuredmedia":[{"embeddable":true,"href":"https:\/\/www.hediyepazar.com\/index.php?rest_route=\/wp\/v2\/media\/112646"}],"wp:attachment":[{"href":"https:\/\/www.hediyepazar.com\/index.php?rest_route=%2Fwp%2Fv2%2Fmedia&parent=112647"}],"wp:term":[{"taxonomy":"product_brand","embeddable":true,"href":"https:\/\/www.hediyepazar.com\/index.php?rest_route=%2Fwp%2Fv2%2Fproduct_brand&post=112647"},{"taxonomy":"product_cat","embeddable":true,"href":"https:\/\/www.hediyepazar.com\/index.php?rest_route=%2Fwp%2Fv2%2Fproduct_cat&post=112647"},{"taxonomy":"product_tag","embeddable":true,"href":"https:\/\/www.hediyepazar.com\/index.php?rest_route=%2Fwp%2Fv2%2Fproduct_tag&post=112647"}],"curies":[{"name":"wp","href":"https:\/\/api.w.org\/{rel}","templated":true}]}}