{"id":112651,"date":"2026-05-05T10:39:46","date_gmt":"2026-05-05T13:39:46","guid":{"rendered":"https:\/\/www.hediyepazar.com\/?product=cevirici-donusturucu"},"modified":"2026-05-05T10:39:46","modified_gmt":"2026-05-05T13:39:46","slug":"cevirici-donusturucu","status":"publish","type":"product","link":"https:\/\/www.hediyepazar.com\/?product=cevirici-donusturucu","title":{"rendered":"\u00c7EV\u0130R\u0130C\u0130 D\u00d6N\u00dc\u015eT\u00dcR\u00dcC\u00dc"},"content":{"rendered":"<p>Al\u00fcminyum kaplama g\u00f6vde tasar\u0131m\u0131, cihaz\u0131n hafif ve dayan\u0131kl\u0131 olmas\u0131n\u0131 sa\u011flar, b\u00f6ylece g\u00fcnl\u00fck kullan\u0131ma uygun bir aksesuar haline gelir. Metal g\u00f6vdesi, \u0131s\u0131y\u0131 etkin bir \u015fekilde da\u011f\u0131tarak a\u015f\u0131r\u0131 \u0131s\u0131nmay\u0131 \u00f6nler ve cihaz\u0131n performans\u0131n\u0131 korumas\u0131na yard\u0131mc\u0131 olur. Kompakt boyutlar\u0131 sayesinde \u00e7antan\u0131zda rahatl\u0131kla ta\u015f\u0131yabilir, ofis, ev ya da seyahatlerde pratik bir kullan\u0131m deneyimi ya\u015fayabilirsiniz. Hem teknoloji tutkunlar\u0131na hem de profesyonellere hitap eden bu MacBook d\u00f6n\u00fc\u015ft\u00fcr\u00fcc\u00fc, kesintisiz ba\u011flant\u0131 ve h\u0131zl\u0131 veri aktar\u0131m\u0131 ile i\u015f s\u00fcre\u00e7lerinizi daha verimli hale getirir.&nbsp;<\/p>\n","protected":false},"excerpt":{"rendered":"<p>Al\u00fcminyum kaplama g\u00f6vde tasar\u0131m\u0131, cihaz\u0131n hafif ve dayan\u0131kl\u0131 olmas\u0131n\u0131 sa\u011flar, b\u00f6ylece g\u00fcnl\u00fck kullan\u0131ma uygun bir aksesuar haline gelir. Metal g\u00f6vdesi, \u0131s\u0131y\u0131 etkin bir \u015fekilde da\u011f\u0131tarak a\u015f\u0131r\u0131 \u0131s\u0131nmay\u0131 \u00f6nler ve cihaz\u0131n performans\u0131n\u0131 korumas\u0131na yard\u0131mc\u0131 olur. Kompakt boyutlar\u0131 sayesinde \u00e7antan\u0131zda rahatl\u0131kla ta\u015f\u0131yabilir, ofis, ev ya da seyahatlerde pratik bir kullan\u0131m deneyimi ya\u015fayabilirsiniz. Hem teknoloji tutkunlar\u0131na hem de&#8230;<\/p>\n","protected":false},"featured_media":112650,"comment_status":"open","ping_status":"closed","template":"","meta":{"_kad_post_transparent":"","_kad_post_title":"","_kad_post_layout":"","_kad_post_sidebar_id":"","_kad_post_content_style":"","_kad_post_vertical_padding":"","_kad_post_feature":"","_kad_post_feature_position":"","_kad_post_header":false,"_kad_post_footer":false,"_kad_post_classname":""},"product_brand":[],"product_cat":[14969],"product_tag":[],"class_list":{"0":"post-112651","1":"product","2":"type-product","3":"status-publish","4":"has-post-thumbnail","6":"product_cat-donusturuculer-donusturuculer","8":"first","9":"instock","10":"purchasable","11":"product-type-simple","12":"entry","13":"content-bg","14":"loop-entry"},"_links":{"self":[{"href":"https:\/\/www.hediyepazar.com\/index.php?rest_route=\/wp\/v2\/product\/112651","targetHints":{"allow":["GET"]}}],"collection":[{"href":"https:\/\/www.hediyepazar.com\/index.php?rest_route=\/wp\/v2\/product"}],"about":[{"href":"https:\/\/www.hediyepazar.com\/index.php?rest_route=\/wp\/v2\/types\/product"}],"replies":[{"embeddable":true,"href":"https:\/\/www.hediyepazar.com\/index.php?rest_route=%2Fwp%2Fv2%2Fcomments&post=112651"}],"wp:featuredmedia":[{"embeddable":true,"href":"https:\/\/www.hediyepazar.com\/index.php?rest_route=\/wp\/v2\/media\/112650"}],"wp:attachment":[{"href":"https:\/\/www.hediyepazar.com\/index.php?rest_route=%2Fwp%2Fv2%2Fmedia&parent=112651"}],"wp:term":[{"taxonomy":"product_brand","embeddable":true,"href":"https:\/\/www.hediyepazar.com\/index.php?rest_route=%2Fwp%2Fv2%2Fproduct_brand&post=112651"},{"taxonomy":"product_cat","embeddable":true,"href":"https:\/\/www.hediyepazar.com\/index.php?rest_route=%2Fwp%2Fv2%2Fproduct_cat&post=112651"},{"taxonomy":"product_tag","embeddable":true,"href":"https:\/\/www.hediyepazar.com\/index.php?rest_route=%2Fwp%2Fv2%2Fproduct_tag&post=112651"}],"curies":[{"name":"wp","href":"https:\/\/api.w.org\/{rel}","templated":true}]}}