{"id":112677,"date":"2026-05-05T10:42:19","date_gmt":"2026-05-05T13:42:19","guid":{"rendered":"https:\/\/www.hediyepazar.com\/?product=profesyonel-mouse-wireless-oyuncu-faresi-bluetooth-baglantili-2"},"modified":"2026-05-05T10:42:19","modified_gmt":"2026-05-05T13:42:19","slug":"profesyonel-mouse-wireless-oyuncu-faresi-bluetooth-baglantili-2","status":"publish","type":"product","link":"https:\/\/www.hediyepazar.com\/?product=profesyonel-mouse-wireless-oyuncu-faresi-bluetooth-baglantili-2","title":{"rendered":"Profesyonel Mouse Wireless Oyuncu Faresi Bluetooth Ba\u011flant\u0131l\u0131"},"content":{"rendered":"<p>Oyun ve profesyonel kullan\u0131m i\u00e7in tasarlanan bu kablosuz oyuncu mouse&#8217;u, 1000 ile 5000 DPI aras\u0131nda ayarlanabilir hassasiyet se\u00e7enekleri sunarak, her kullan\u0131c\u0131ya \u00f6zel bir deneyim sa\u011flar. Farkl\u0131 oyun t\u00fcrlerine ve i\u015f ak\u0131\u015flar\u0131na uygun olarak DPI seviyesini h\u0131zla de\u011fi\u015ftirebilir, h\u0131zl\u0131 hareket gerektiren FPS oyunlar\u0131nda y\u00fcksek DPI seviyelerini tercih ederken, hassas ve ince i\u015f\u00e7ilik gerektiren strateji oyunlar\u0131 veya grafik tasar\u0131m gibi alanlarda daha d\u00fc\u015f\u00fck DPI kullanabilirsiniz. Bu esneklik sayesinde kontrol tamamen sizin elinizde olacak. Anl\u0131k DPI ge\u00e7i\u015fleriyle, oyun i\u00e7i stratejinize g\u00f6re tepki s\u00fcrenizi optimize edebilir ve rakiplerinize kar\u015f\u0131 \u00fcst\u00fcnl\u00fck kurabilirsiniz. Geli\u015fmi\u015f optik sens\u00f6r teknolojisi sayesinde hassasiyet ve do\u011fruluk en \u00fcst seviyeye \u00e7\u0131kar\u0131lm\u0131\u015f, p\u00fcr\u00fczs\u00fcz y\u00fczeylerde bile kesintisiz ve ak\u0131c\u0131 bir kullan\u0131m sunulmu\u015ftur.&nbsp;&nbsp;&nbsp;&nbsp;&nbsp;<\/p>\n","protected":false},"excerpt":{"rendered":"<p>Oyun ve profesyonel kullan\u0131m i\u00e7in tasarlanan bu kablosuz oyuncu mouse&#8217;u, 1000 ile 5000 DPI aras\u0131nda ayarlanabilir hassasiyet se\u00e7enekleri sunarak, her kullan\u0131c\u0131ya \u00f6zel bir deneyim sa\u011flar. Farkl\u0131 oyun t\u00fcrlerine ve i\u015f ak\u0131\u015flar\u0131na uygun olarak DPI seviyesini h\u0131zla de\u011fi\u015ftirebilir, h\u0131zl\u0131 hareket gerektiren FPS oyunlar\u0131nda y\u00fcksek DPI seviyelerini tercih ederken, hassas ve ince i\u015f\u00e7ilik gerektiren strateji oyunlar\u0131 veya&#8230;<\/p>\n","protected":false},"featured_media":112676,"comment_status":"open","ping_status":"closed","template":"","meta":{"_kad_post_transparent":"","_kad_post_title":"","_kad_post_layout":"","_kad_post_sidebar_id":"","_kad_post_content_style":"","_kad_post_vertical_padding":"","_kad_post_feature":"","_kad_post_feature_position":"","_kad_post_header":false,"_kad_post_footer":false,"_kad_post_classname":""},"product_brand":[],"product_cat":[14973],"product_tag":[],"class_list":{"0":"post-112677","1":"product","2":"type-product","3":"status-publish","4":"has-post-thumbnail","6":"product_cat-mouse-mouse","8":"first","9":"instock","10":"purchasable","11":"product-type-simple","12":"entry","13":"content-bg","14":"loop-entry"},"_links":{"self":[{"href":"https:\/\/www.hediyepazar.com\/index.php?rest_route=\/wp\/v2\/product\/112677","targetHints":{"allow":["GET"]}}],"collection":[{"href":"https:\/\/www.hediyepazar.com\/index.php?rest_route=\/wp\/v2\/product"}],"about":[{"href":"https:\/\/www.hediyepazar.com\/index.php?rest_route=\/wp\/v2\/types\/product"}],"replies":[{"embeddable":true,"href":"https:\/\/www.hediyepazar.com\/index.php?rest_route=%2Fwp%2Fv2%2Fcomments&post=112677"}],"wp:featuredmedia":[{"embeddable":true,"href":"https:\/\/www.hediyepazar.com\/index.php?rest_route=\/wp\/v2\/media\/112676"}],"wp:attachment":[{"href":"https:\/\/www.hediyepazar.com\/index.php?rest_route=%2Fwp%2Fv2%2Fmedia&parent=112677"}],"wp:term":[{"taxonomy":"product_brand","embeddable":true,"href":"https:\/\/www.hediyepazar.com\/index.php?rest_route=%2Fwp%2Fv2%2Fproduct_brand&post=112677"},{"taxonomy":"product_cat","embeddable":true,"href":"https:\/\/www.hediyepazar.com\/index.php?rest_route=%2Fwp%2Fv2%2Fproduct_cat&post=112677"},{"taxonomy":"product_tag","embeddable":true,"href":"https:\/\/www.hediyepazar.com\/index.php?rest_route=%2Fwp%2Fv2%2Fproduct_tag&post=112677"}],"curies":[{"name":"wp","href":"https:\/\/api.w.org\/{rel}","templated":true}]}}