{"id":112693,"date":"2026-05-05T10:43:17","date_gmt":"2026-05-05T13:43:17","guid":{"rendered":"https:\/\/www.hediyepazar.com\/?product=bahce-aydinlatma-sensorlu-gunes-enerjili-duvar-lambasi-40-led-isik"},"modified":"2026-05-05T10:43:17","modified_gmt":"2026-05-05T13:43:17","slug":"bahce-aydinlatma-sensorlu-gunes-enerjili-duvar-lambasi-40-led-isik","status":"publish","type":"product","link":"https:\/\/www.hediyepazar.com\/?product=bahce-aydinlatma-sensorlu-gunes-enerjili-duvar-lambasi-40-led-isik","title":{"rendered":"Bah\u00e7e Ayd\u0131nlatma Sens\u00f6rl\u00fc G\u00fcne\u015f Enerjili Duvar Lambas\u0131 40 Led I\u015f\u0131k"},"content":{"rendered":"<p>G\u00fcne\u015f enerjili, hareket sens\u00f6rl\u00fc bu LED lamba ile bah\u00e7enizi veya d\u0131\u015f mekan\u0131n\u0131z\u0131 zahmetsizce ayd\u0131nlat\u0131n. G\u00fcne\u015f \u0131\u015f\u0131\u011f\u0131ndan \u015farj olan bu cihaz, hareket alg\u0131lad\u0131\u011f\u0131nda otomatik olarak yanar ve enerji tasarrufu sa\u011flar. 20 veya 40 LED\u2019li modelleriyle farkl\u0131 ihtiya\u00e7lar\u0131n\u0131za g\u00f6re se\u00e7im yapabilirsiniz. IP65 su ge\u00e7irmez \u00f6zelli\u011fi sayesinde ya\u011fmura ve d\u0131\u015f hava ko\u015fullar\u0131na dayan\u0131kl\u0131d\u0131r. 5.5V solar paneli ve y\u00fcksek kapasiteli lityum pili, uzun \u00f6m\u00fcrl\u00fc kullan\u0131m sunar. PIR hareket sens\u00f6r\u00fc ile 3 metreye kadar olan hareketleri alg\u0131layarak ayd\u0131nlatma sa\u011flar. Kompakt ve \u015f\u0131k tasar\u0131m\u0131yla veranda, bah\u00e7e, garaj giri\u015fi ve d\u0131\u015f mekanlar i\u00e7in idealdir.&nbsp;&nbsp;&nbsp;&nbsp;&nbsp;&nbsp;<\/p>\n","protected":false},"excerpt":{"rendered":"<p>G\u00fcne\u015f enerjili, hareket sens\u00f6rl\u00fc bu LED lamba ile bah\u00e7enizi veya d\u0131\u015f mekan\u0131n\u0131z\u0131 zahmetsizce ayd\u0131nlat\u0131n. G\u00fcne\u015f \u0131\u015f\u0131\u011f\u0131ndan \u015farj olan bu cihaz, hareket alg\u0131lad\u0131\u011f\u0131nda otomatik olarak yanar ve enerji tasarrufu sa\u011flar. 20 veya 40 LED\u2019li modelleriyle farkl\u0131 ihtiya\u00e7lar\u0131n\u0131za g\u00f6re se\u00e7im yapabilirsiniz. IP65 su ge\u00e7irmez \u00f6zelli\u011fi sayesinde ya\u011fmura ve d\u0131\u015f hava ko\u015fullar\u0131na dayan\u0131kl\u0131d\u0131r. 5.5V solar paneli ve y\u00fcksek&#8230;<\/p>\n","protected":false},"featured_media":112692,"comment_status":"open","ping_status":"closed","template":"","meta":{"_kad_post_transparent":"","_kad_post_title":"","_kad_post_layout":"","_kad_post_sidebar_id":"","_kad_post_content_style":"","_kad_post_vertical_padding":"","_kad_post_feature":"","_kad_post_feature_position":"","_kad_post_header":false,"_kad_post_footer":false,"_kad_post_classname":""},"product_brand":[],"product_cat":[14946],"product_tag":[],"class_list":{"0":"post-112693","1":"product","2":"type-product","3":"status-publish","4":"has-post-thumbnail","6":"product_cat-bahce-aydinlatmasi-bahce-aydinlatmasi","8":"first","9":"instock","10":"purchasable","11":"product-type-simple","12":"entry","13":"content-bg","14":"loop-entry"},"_links":{"self":[{"href":"https:\/\/www.hediyepazar.com\/index.php?rest_route=\/wp\/v2\/product\/112693","targetHints":{"allow":["GET"]}}],"collection":[{"href":"https:\/\/www.hediyepazar.com\/index.php?rest_route=\/wp\/v2\/product"}],"about":[{"href":"https:\/\/www.hediyepazar.com\/index.php?rest_route=\/wp\/v2\/types\/product"}],"replies":[{"embeddable":true,"href":"https:\/\/www.hediyepazar.com\/index.php?rest_route=%2Fwp%2Fv2%2Fcomments&post=112693"}],"wp:featuredmedia":[{"embeddable":true,"href":"https:\/\/www.hediyepazar.com\/index.php?rest_route=\/wp\/v2\/media\/112692"}],"wp:attachment":[{"href":"https:\/\/www.hediyepazar.com\/index.php?rest_route=%2Fwp%2Fv2%2Fmedia&parent=112693"}],"wp:term":[{"taxonomy":"product_brand","embeddable":true,"href":"https:\/\/www.hediyepazar.com\/index.php?rest_route=%2Fwp%2Fv2%2Fproduct_brand&post=112693"},{"taxonomy":"product_cat","embeddable":true,"href":"https:\/\/www.hediyepazar.com\/index.php?rest_route=%2Fwp%2Fv2%2Fproduct_cat&post=112693"},{"taxonomy":"product_tag","embeddable":true,"href":"https:\/\/www.hediyepazar.com\/index.php?rest_route=%2Fwp%2Fv2%2Fproduct_tag&post=112693"}],"curies":[{"name":"wp","href":"https:\/\/api.w.org\/{rel}","templated":true}]}}