{"id":112713,"date":"2026-05-05T10:44:43","date_gmt":"2026-05-05T13:44:43","guid":{"rendered":"https:\/\/www.hediyepazar.com\/?product=kemer-delme-pensesi-kemer-delik-acma-zimbasi-paslanmaz-celik-2"},"modified":"2026-05-05T10:44:43","modified_gmt":"2026-05-05T13:44:43","slug":"kemer-delme-pensesi-kemer-delik-acma-zimbasi-paslanmaz-celik-2","status":"publish","type":"product","link":"https:\/\/www.hediyepazar.com\/?product=kemer-delme-pensesi-kemer-delik-acma-zimbasi-paslanmaz-celik-2","title":{"rendered":"Kemer Delme Pensesi- Kemer Delik A\u00e7ma Z\u0131mbas\u0131 Paslanmaz \u00c7elik"},"content":{"rendered":"<p>Kemer, ayakkab\u0131, k\u0131yafet, kuma\u015f ve deri gibi malzemeler \u00fczerinde delme i\u015flemini kolay ve h\u0131zl\u0131 hale getiren bu pratik delme pensesi, alt\u0131 farkl\u0131 delme ba\u015fl\u0131\u011f\u0131 ile farkl\u0131 ihtiya\u00e7lara \u00e7\u00f6z\u00fcm sunar. 2mm, 2.5mm, 3mm, 3.5mm, 4mm ve 4.5mm delme boyutlar\u0131yla hassas ve temiz delikler a\u00e7abilirsiniz. Paslanmaz \u00e7elik g\u00f6vdesi sayesinde dayan\u0131kl\u0131 ve uzun \u00f6m\u00fcrl\u00fc bir kullan\u0131m sunarken, emniyet kilidi g\u00fcvenli ta\u015f\u0131ma ve saklama imkan\u0131 sa\u011flar. Hafif ve ergonomik yap\u0131s\u0131 sayesinde elinizi yormadan kullan\u0131m kolayl\u0131\u011f\u0131 sunan bu pense, hem hobi hem de profesyonel i\u015fler i\u00e7in idealdir. Paket i\u00e7eri\u011finde 22x6x1.5 cm ebatlar\u0131nda, alt\u0131 ba\u015fl\u0131kl\u0131 bir delme pensesi yer almaktad\u0131r.&nbsp;&nbsp;<\/p>\n","protected":false},"excerpt":{"rendered":"<p>Kemer, ayakkab\u0131, k\u0131yafet, kuma\u015f ve deri gibi malzemeler \u00fczerinde delme i\u015flemini kolay ve h\u0131zl\u0131 hale getiren bu pratik delme pensesi, alt\u0131 farkl\u0131 delme ba\u015fl\u0131\u011f\u0131 ile farkl\u0131 ihtiya\u00e7lara \u00e7\u00f6z\u00fcm sunar. 2mm, 2.5mm, 3mm, 3.5mm, 4mm ve 4.5mm delme boyutlar\u0131yla hassas ve temiz delikler a\u00e7abilirsiniz. Paslanmaz \u00e7elik g\u00f6vdesi sayesinde dayan\u0131kl\u0131 ve uzun \u00f6m\u00fcrl\u00fc bir kullan\u0131m sunarken, emniyet&#8230;<\/p>\n","protected":false},"featured_media":112712,"comment_status":"open","ping_status":"closed","template":"","meta":{"_kad_post_transparent":"","_kad_post_title":"","_kad_post_layout":"","_kad_post_sidebar_id":"","_kad_post_content_style":"","_kad_post_vertical_padding":"","_kad_post_feature":"","_kad_post_feature_position":"","_kad_post_header":false,"_kad_post_footer":false,"_kad_post_classname":""},"product_brand":[],"product_cat":[14963],"product_tag":[],"class_list":{"0":"post-112713","1":"product","2":"type-product","3":"status-publish","4":"has-post-thumbnail","6":"product_cat-manikur-ve-pedikur-aletleri-manikur-ve-pedikur-aletleri","8":"first","9":"instock","10":"purchasable","11":"product-type-simple","12":"entry","13":"content-bg","14":"loop-entry"},"_links":{"self":[{"href":"https:\/\/www.hediyepazar.com\/index.php?rest_route=\/wp\/v2\/product\/112713","targetHints":{"allow":["GET"]}}],"collection":[{"href":"https:\/\/www.hediyepazar.com\/index.php?rest_route=\/wp\/v2\/product"}],"about":[{"href":"https:\/\/www.hediyepazar.com\/index.php?rest_route=\/wp\/v2\/types\/product"}],"replies":[{"embeddable":true,"href":"https:\/\/www.hediyepazar.com\/index.php?rest_route=%2Fwp%2Fv2%2Fcomments&post=112713"}],"wp:featuredmedia":[{"embeddable":true,"href":"https:\/\/www.hediyepazar.com\/index.php?rest_route=\/wp\/v2\/media\/112712"}],"wp:attachment":[{"href":"https:\/\/www.hediyepazar.com\/index.php?rest_route=%2Fwp%2Fv2%2Fmedia&parent=112713"}],"wp:term":[{"taxonomy":"product_brand","embeddable":true,"href":"https:\/\/www.hediyepazar.com\/index.php?rest_route=%2Fwp%2Fv2%2Fproduct_brand&post=112713"},{"taxonomy":"product_cat","embeddable":true,"href":"https:\/\/www.hediyepazar.com\/index.php?rest_route=%2Fwp%2Fv2%2Fproduct_cat&post=112713"},{"taxonomy":"product_tag","embeddable":true,"href":"https:\/\/www.hediyepazar.com\/index.php?rest_route=%2Fwp%2Fv2%2Fproduct_tag&post=112713"}],"curies":[{"name":"wp","href":"https:\/\/api.w.org\/{rel}","templated":true}]}}