{"id":112789,"date":"2026-05-05T10:50:47","date_gmt":"2026-05-05T13:50:47","guid":{"rendered":"https:\/\/www.hediyepazar.com\/?product=x3-gamepad-oyun-kolu-bluetooth-baglantili-gamestick-android-uyumlu"},"modified":"2026-05-05T10:50:47","modified_gmt":"2026-05-05T13:50:47","slug":"x3-gamepad-oyun-kolu-bluetooth-baglantili-gamestick-android-uyumlu","status":"publish","type":"product","link":"https:\/\/www.hediyepazar.com\/?product=x3-gamepad-oyun-kolu-bluetooth-baglantili-gamestick-android-uyumlu","title":{"rendered":"X3 Gamepad Oyun Kolu Bluetooth Ba\u011flant\u0131l\u0131 Gamestick Android Uyumlu"},"content":{"rendered":"<p>&nbsp; \tMobil oyun deneyimini \u00fcst seviyeye ta\u015f\u0131yan bu Bluetooth oyun kontrolc\u00fcs\u00fc, Android cihazlarla kolayca e\u015fle\u015ftirilebilen kablosuz bir \u00e7\u00f6z\u00fcm sunar. 2.4G teknolojisi sayesinde ultra h\u0131zl\u0131 ve kesintisiz bir ba\u011flant\u0131 sa\u011flayarak oyun s\u0131ras\u0131nda gecikme veya ba\u011flant\u0131 kayb\u0131 ya\u015famazs\u0131n\u0131z. \u00d6zel olarak tasarlanm\u0131\u015f gamepad yap\u0131s\u0131, hassas kontrol imkan\u0131 tan\u0131yarak oyun d\u00fcnyas\u0131nda size avantaj sa\u011flar. Hem rahat bir tutu\u015f hem de daha iyi performans sunan bu cihaz, Android uyumlulu\u011fu sayesinde \u00e7ok \u00e7e\u015fitli oyunlarla sorunsuz bir \u015fekilde \u00e7al\u0131\u015f\u0131r. Geni\u015f bir kullan\u0131m yelpazesi sunan bu oyun kontrolc\u00fcs\u00fc, profesyonel ve amat\u00f6r oyuncular i\u00e7in m\u00fckemmel bir se\u00e7enektir. \u0130ster evde ister d\u0131\u015far\u0131da, her ortamda oyun keyfinizi en \u00fcst d\u00fczeyde ya\u015faman\u0131z\u0131 sa\u011flar.<\/p>\n","protected":false},"excerpt":{"rendered":"<p>&nbsp; Mobil oyun deneyimini \u00fcst seviyeye ta\u015f\u0131yan bu Bluetooth oyun kontrolc\u00fcs\u00fc, Android cihazlarla kolayca e\u015fle\u015ftirilebilen kablosuz bir \u00e7\u00f6z\u00fcm sunar. 2.4G teknolojisi sayesinde ultra h\u0131zl\u0131 ve kesintisiz bir ba\u011flant\u0131 sa\u011flayarak oyun s\u0131ras\u0131nda gecikme veya ba\u011flant\u0131 kayb\u0131 ya\u015famazs\u0131n\u0131z. \u00d6zel olarak tasarlanm\u0131\u015f gamepad yap\u0131s\u0131, hassas kontrol imkan\u0131 tan\u0131yarak oyun d\u00fcnyas\u0131nda size avantaj sa\u011flar. Hem rahat bir tutu\u015f hem&#8230;<\/p>\n","protected":false},"featured_media":112788,"comment_status":"open","ping_status":"closed","template":"","meta":{"_kad_post_transparent":"","_kad_post_title":"","_kad_post_layout":"","_kad_post_sidebar_id":"","_kad_post_content_style":"","_kad_post_vertical_padding":"","_kad_post_feature":"","_kad_post_feature_position":"","_kad_post_header":false,"_kad_post_footer":false,"_kad_post_classname":""},"product_brand":[],"product_cat":[14961],"product_tag":[],"class_list":{"0":"post-112789","1":"product","2":"type-product","3":"status-publish","4":"has-post-thumbnail","6":"product_cat-oyun-konsolu-oyun-konsolu","8":"first","9":"instock","10":"purchasable","11":"product-type-simple","12":"entry","13":"content-bg","14":"loop-entry"},"_links":{"self":[{"href":"https:\/\/www.hediyepazar.com\/index.php?rest_route=\/wp\/v2\/product\/112789","targetHints":{"allow":["GET"]}}],"collection":[{"href":"https:\/\/www.hediyepazar.com\/index.php?rest_route=\/wp\/v2\/product"}],"about":[{"href":"https:\/\/www.hediyepazar.com\/index.php?rest_route=\/wp\/v2\/types\/product"}],"replies":[{"embeddable":true,"href":"https:\/\/www.hediyepazar.com\/index.php?rest_route=%2Fwp%2Fv2%2Fcomments&post=112789"}],"wp:featuredmedia":[{"embeddable":true,"href":"https:\/\/www.hediyepazar.com\/index.php?rest_route=\/wp\/v2\/media\/112788"}],"wp:attachment":[{"href":"https:\/\/www.hediyepazar.com\/index.php?rest_route=%2Fwp%2Fv2%2Fmedia&parent=112789"}],"wp:term":[{"taxonomy":"product_brand","embeddable":true,"href":"https:\/\/www.hediyepazar.com\/index.php?rest_route=%2Fwp%2Fv2%2Fproduct_brand&post=112789"},{"taxonomy":"product_cat","embeddable":true,"href":"https:\/\/www.hediyepazar.com\/index.php?rest_route=%2Fwp%2Fv2%2Fproduct_cat&post=112789"},{"taxonomy":"product_tag","embeddable":true,"href":"https:\/\/www.hediyepazar.com\/index.php?rest_route=%2Fwp%2Fv2%2Fproduct_tag&post=112789"}],"curies":[{"name":"wp","href":"https:\/\/api.w.org\/{rel}","templated":true}]}}