{"id":112795,"date":"2026-05-05T10:51:13","date_gmt":"2026-05-05T13:51:13","guid":{"rendered":"https:\/\/www.hediyepazar.com\/?product=x3-game-stick-2"},"modified":"2026-05-05T10:51:13","modified_gmt":"2026-05-05T13:51:13","slug":"x3-game-stick-2","status":"publish","type":"product","link":"https:\/\/www.hediyepazar.com\/?product=x3-game-stick-2","title":{"rendered":"X3 GAME ST\u0130CK"},"content":{"rendered":"<p>5 g\u00fcn i\u00e7inde \u00fccretsiz iade.\u00a0Detayl\u0131 bilgi i\u00e7in\u00a0t\u0131klay\u0131n. \t&#8211; Bluetooth ba\u011flant\u0131s\u0131 sayesinde, Android cihazlar\u0131n\u0131zla kolayca e\u015fle\u015ftirilebilir ve kablosuz oyun deneyimi sunar \t&#8211; 2.4G teknolojisi ile kesintisiz ve h\u0131zl\u0131 bir ba\u011flant\u0131 sa\u011flar, oyun s\u0131ras\u0131nda gecikme veya kopma gibi sorunlar\u0131 ortadan kald\u0131r\u0131r \t&#8211; Gamepad tasar\u0131m\u0131, oyun oynarken daha do\u011fal ve hassas kontrol imkan\u0131 tan\u0131r \tb\u00f6ylece oyunlarda daha y\u00fcksek performans elde edersiniz \t&#8211; Android cihazlar\u0131n\u0131z i\u00e7in \u00f6zel olarak tasarlanm\u0131\u015f olup, uyumlu cihazlarla sorunsuz \u00e7al\u0131\u015f\u0131r ve geni\u015f bir kullan\u0131m yelpazesi sunar<\/p>\n","protected":false},"excerpt":{"rendered":"<p>5 g\u00fcn i\u00e7inde \u00fccretsiz iade.\u00a0Detayl\u0131 bilgi i\u00e7in\u00a0t\u0131klay\u0131n. &#8211; Bluetooth ba\u011flant\u0131s\u0131 sayesinde, Android cihazlar\u0131n\u0131zla kolayca e\u015fle\u015ftirilebilir ve kablosuz oyun deneyimi sunar &#8211; 2.4G teknolojisi ile kesintisiz ve h\u0131zl\u0131 bir ba\u011flant\u0131 sa\u011flar, oyun s\u0131ras\u0131nda gecikme veya kopma gibi sorunlar\u0131 ortadan kald\u0131r\u0131r &#8211; Gamepad tasar\u0131m\u0131, oyun oynarken daha do\u011fal ve hassas kontrol imkan\u0131 tan\u0131r b\u00f6ylece oyunlarda daha y\u00fcksek&#8230;<\/p>\n","protected":false},"featured_media":112794,"comment_status":"open","ping_status":"closed","template":"","meta":{"_kad_post_transparent":"","_kad_post_title":"","_kad_post_layout":"","_kad_post_sidebar_id":"","_kad_post_content_style":"","_kad_post_vertical_padding":"","_kad_post_feature":"","_kad_post_feature_position":"","_kad_post_header":false,"_kad_post_footer":false,"_kad_post_classname":""},"product_brand":[],"product_cat":[14961],"product_tag":[],"class_list":{"0":"post-112795","1":"product","2":"type-product","3":"status-publish","4":"has-post-thumbnail","6":"product_cat-oyun-konsolu-oyun-konsolu","8":"first","9":"instock","10":"purchasable","11":"product-type-simple","12":"entry","13":"content-bg","14":"loop-entry"},"_links":{"self":[{"href":"https:\/\/www.hediyepazar.com\/index.php?rest_route=\/wp\/v2\/product\/112795","targetHints":{"allow":["GET"]}}],"collection":[{"href":"https:\/\/www.hediyepazar.com\/index.php?rest_route=\/wp\/v2\/product"}],"about":[{"href":"https:\/\/www.hediyepazar.com\/index.php?rest_route=\/wp\/v2\/types\/product"}],"replies":[{"embeddable":true,"href":"https:\/\/www.hediyepazar.com\/index.php?rest_route=%2Fwp%2Fv2%2Fcomments&post=112795"}],"wp:featuredmedia":[{"embeddable":true,"href":"https:\/\/www.hediyepazar.com\/index.php?rest_route=\/wp\/v2\/media\/112794"}],"wp:attachment":[{"href":"https:\/\/www.hediyepazar.com\/index.php?rest_route=%2Fwp%2Fv2%2Fmedia&parent=112795"}],"wp:term":[{"taxonomy":"product_brand","embeddable":true,"href":"https:\/\/www.hediyepazar.com\/index.php?rest_route=%2Fwp%2Fv2%2Fproduct_brand&post=112795"},{"taxonomy":"product_cat","embeddable":true,"href":"https:\/\/www.hediyepazar.com\/index.php?rest_route=%2Fwp%2Fv2%2Fproduct_cat&post=112795"},{"taxonomy":"product_tag","embeddable":true,"href":"https:\/\/www.hediyepazar.com\/index.php?rest_route=%2Fwp%2Fv2%2Fproduct_tag&post=112795"}],"curies":[{"name":"wp","href":"https:\/\/api.w.org\/{rel}","templated":true}]}}