{"id":112797,"date":"2026-05-05T10:51:19","date_gmt":"2026-05-05T13:51:19","guid":{"rendered":"https:\/\/www.hediyepazar.com\/?product=makarali-bluetooth-kulaklik-kulak-ici-android-ios-uyumlu-titresimli-2"},"modified":"2026-05-05T10:51:19","modified_gmt":"2026-05-05T13:51:19","slug":"makarali-bluetooth-kulaklik-kulak-ici-android-ios-uyumlu-titresimli-2","status":"publish","type":"product","link":"https:\/\/www.hediyepazar.com\/?product=makarali-bluetooth-kulaklik-kulak-ici-android-ios-uyumlu-titresimli-2","title":{"rendered":"Makaral\u0131 Bluetooth Kulakl\u0131k Kulak \u0130\u00e7i Android iOS Uyumlu Titre\u015fimli"},"content":{"rendered":"<p>Bluetooth teknolojisiyle donat\u0131lm\u0131\u015f Fineblue F910 kulakl\u0131k, seyahat ederken veya yo\u011fun bir tempoda \u00e7al\u0131\u015f\u0131rken ileti\u015fim ve e\u011flenceyi kolayla\u015ft\u0131rmak i\u00e7in tasarlanm\u0131\u015ft\u0131r. Hafif yap\u0131s\u0131 ve ergonomik tasar\u0131m\u0131 sayesinde g\u00fcn boyunca rahatl\u0131kla kullan\u0131labilir. Telefonunuzla dokunmadan ileti\u015fim kurman\u0131z\u0131 sa\u011flayan bu kulakl\u0131k, hem g\u00f6r\u00fc\u015fme hem de m\u00fczik deneyiminde y\u00fcksek kalite sunar. 2 saatlik k\u0131sa \u015farj s\u00fcresiyle h\u0131z kazand\u0131r\u0131rken, 8 saat konu\u015fma, 6 saat m\u00fczik dinleme ve 150 saat bekleme s\u00fcresi gibi etkileyici bir pil performans\u0131na sahiptir. Ayn\u0131 anda iki telefonla e\u015fle\u015febilme \u00f6zelli\u011fi, ki\u015fisel ve i\u015f telefonlar\u0131n\u0131z aras\u0131nda ge\u00e7i\u015f yapman\u0131z\u0131 kolayla\u015ft\u0131r\u0131r. 10 metre \u00e7ekim mesafesiyle \u00f6zg\u00fcr hareket imkan\u0131 tan\u0131yan bu kulakl\u0131k, m\u00fczik ve video destekli kullan\u0131mda da y\u00fcksek performans sa\u011flar. Bu \u00e7ok y\u00f6nl\u00fc cihaz, hem i\u015f hem de e\u011flence i\u00e7in ideal bir \u00e7\u00f6z\u00fcmd\u00fcr.<\/p>\n","protected":false},"excerpt":{"rendered":"<p>Bluetooth teknolojisiyle donat\u0131lm\u0131\u015f Fineblue F910 kulakl\u0131k, seyahat ederken veya yo\u011fun bir tempoda \u00e7al\u0131\u015f\u0131rken ileti\u015fim ve e\u011flenceyi kolayla\u015ft\u0131rmak i\u00e7in tasarlanm\u0131\u015ft\u0131r. Hafif yap\u0131s\u0131 ve ergonomik tasar\u0131m\u0131 sayesinde g\u00fcn boyunca rahatl\u0131kla kullan\u0131labilir. Telefonunuzla dokunmadan ileti\u015fim kurman\u0131z\u0131 sa\u011flayan bu kulakl\u0131k, hem g\u00f6r\u00fc\u015fme hem de m\u00fczik deneyiminde y\u00fcksek kalite sunar. 2 saatlik k\u0131sa \u015farj s\u00fcresiyle h\u0131z kazand\u0131r\u0131rken, 8 saat konu\u015fma,&#8230;<\/p>\n","protected":false},"featured_media":112796,"comment_status":"open","ping_status":"closed","template":"","meta":{"_kad_post_transparent":"","_kad_post_title":"","_kad_post_layout":"","_kad_post_sidebar_id":"","_kad_post_content_style":"","_kad_post_vertical_padding":"","_kad_post_feature":"","_kad_post_feature_position":"","_kad_post_header":false,"_kad_post_footer":false,"_kad_post_classname":""},"product_brand":[],"product_cat":[14957],"product_tag":[],"class_list":{"0":"post-112797","1":"product","2":"type-product","3":"status-publish","4":"has-post-thumbnail","6":"product_cat-kablosuz-kulaklik-kablosuz-kulaklik","8":"first","9":"instock","10":"purchasable","11":"product-type-simple","12":"entry","13":"content-bg","14":"loop-entry"},"_links":{"self":[{"href":"https:\/\/www.hediyepazar.com\/index.php?rest_route=\/wp\/v2\/product\/112797","targetHints":{"allow":["GET"]}}],"collection":[{"href":"https:\/\/www.hediyepazar.com\/index.php?rest_route=\/wp\/v2\/product"}],"about":[{"href":"https:\/\/www.hediyepazar.com\/index.php?rest_route=\/wp\/v2\/types\/product"}],"replies":[{"embeddable":true,"href":"https:\/\/www.hediyepazar.com\/index.php?rest_route=%2Fwp%2Fv2%2Fcomments&post=112797"}],"wp:featuredmedia":[{"embeddable":true,"href":"https:\/\/www.hediyepazar.com\/index.php?rest_route=\/wp\/v2\/media\/112796"}],"wp:attachment":[{"href":"https:\/\/www.hediyepazar.com\/index.php?rest_route=%2Fwp%2Fv2%2Fmedia&parent=112797"}],"wp:term":[{"taxonomy":"product_brand","embeddable":true,"href":"https:\/\/www.hediyepazar.com\/index.php?rest_route=%2Fwp%2Fv2%2Fproduct_brand&post=112797"},{"taxonomy":"product_cat","embeddable":true,"href":"https:\/\/www.hediyepazar.com\/index.php?rest_route=%2Fwp%2Fv2%2Fproduct_cat&post=112797"},{"taxonomy":"product_tag","embeddable":true,"href":"https:\/\/www.hediyepazar.com\/index.php?rest_route=%2Fwp%2Fv2%2Fproduct_tag&post=112797"}],"curies":[{"name":"wp","href":"https:\/\/api.w.org\/{rel}","templated":true}]}}