{"id":112799,"date":"2026-05-05T10:51:25","date_gmt":"2026-05-05T13:51:25","guid":{"rendered":"https:\/\/www.hediyepazar.com\/?product=tum-telefonlara-uyumlu-mikrofonlu-titresimli-makarali-bluetooth-kulakici-kulaklik-2"},"modified":"2026-05-05T10:51:25","modified_gmt":"2026-05-05T13:51:25","slug":"tum-telefonlara-uyumlu-mikrofonlu-titresimli-makarali-bluetooth-kulakici-kulaklik-2","status":"publish","type":"product","link":"https:\/\/www.hediyepazar.com\/?product=tum-telefonlara-uyumlu-mikrofonlu-titresimli-makarali-bluetooth-kulakici-kulaklik-2","title":{"rendered":"T\u00fcm Telefonlara Uyumlu Mikrofonlu Titre\u015fimli Makaral\u0131 Bluetooth Kulaki\u00e7i Kulakl\u0131k"},"content":{"rendered":"<p>Yo\u011fun ileti\u015fim ve seyahat temposu olan ki\u015filer i\u00e7in \u00f6zel olarak geli\u015ftirilen bu Bluetooth kulakl\u0131k, hem pratik hem de i\u015flevsel bir \u00e7\u00f6z\u00fcm sunar. Telefonunuza dokunmadan \u00e7a\u011fr\u0131lar\u0131n\u0131z\u0131 cevaplayabilir veya m\u00fczik dinleyebilirsiniz. Fineblue F910, sade ve hafif tasar\u0131m\u0131 sayesinde g\u00fcn boyu konforlu bir kullan\u0131m sa\u011flar. Sadece 2 saatte tam \u015farj edilebilen bu kulakl\u0131k, 8 saat kesintisiz konu\u015fma s\u00fcresi ve 6 saat m\u00fczik dinleme s\u00fcresi sunar. 150 saatlik bekleme s\u00fcresiyle g\u00fcn boyu sizi yar\u0131 yolda b\u0131rakmaz. 10 metre \u00e7ekim mesafesi, kullan\u0131c\u0131ya \u00f6zg\u00fcrl\u00fck tan\u0131rken m\u00fczik ve video deste\u011fi, medya deneyiminizi bir \u00fcst seviyeye ta\u015f\u0131r. T\u00fcm ak\u0131ll\u0131 telefon modelleriyle uyumlu olan ve ayn\u0131 anda iki farkl\u0131 telefonla ba\u011flant\u0131 kurabilen bu kulakl\u0131k, i\u015f ve e\u011flence aras\u0131nda kusursuz bir denge sa\u011flar.<\/p>\n","protected":false},"excerpt":{"rendered":"<p>Yo\u011fun ileti\u015fim ve seyahat temposu olan ki\u015filer i\u00e7in \u00f6zel olarak geli\u015ftirilen bu Bluetooth kulakl\u0131k, hem pratik hem de i\u015flevsel bir \u00e7\u00f6z\u00fcm sunar. Telefonunuza dokunmadan \u00e7a\u011fr\u0131lar\u0131n\u0131z\u0131 cevaplayabilir veya m\u00fczik dinleyebilirsiniz. Fineblue F910, sade ve hafif tasar\u0131m\u0131 sayesinde g\u00fcn boyu konforlu bir kullan\u0131m sa\u011flar. Sadece 2 saatte tam \u015farj edilebilen bu kulakl\u0131k, 8 saat kesintisiz konu\u015fma s\u00fcresi&#8230;<\/p>\n","protected":false},"featured_media":112798,"comment_status":"open","ping_status":"closed","template":"","meta":{"_kad_post_transparent":"","_kad_post_title":"","_kad_post_layout":"","_kad_post_sidebar_id":"","_kad_post_content_style":"","_kad_post_vertical_padding":"","_kad_post_feature":"","_kad_post_feature_position":"","_kad_post_header":false,"_kad_post_footer":false,"_kad_post_classname":""},"product_brand":[],"product_cat":[14957],"product_tag":[],"class_list":{"0":"post-112799","1":"product","2":"type-product","3":"status-publish","4":"has-post-thumbnail","6":"product_cat-kablosuz-kulaklik-kablosuz-kulaklik","8":"first","9":"instock","10":"purchasable","11":"product-type-simple","12":"entry","13":"content-bg","14":"loop-entry"},"_links":{"self":[{"href":"https:\/\/www.hediyepazar.com\/index.php?rest_route=\/wp\/v2\/product\/112799","targetHints":{"allow":["GET"]}}],"collection":[{"href":"https:\/\/www.hediyepazar.com\/index.php?rest_route=\/wp\/v2\/product"}],"about":[{"href":"https:\/\/www.hediyepazar.com\/index.php?rest_route=\/wp\/v2\/types\/product"}],"replies":[{"embeddable":true,"href":"https:\/\/www.hediyepazar.com\/index.php?rest_route=%2Fwp%2Fv2%2Fcomments&post=112799"}],"wp:featuredmedia":[{"embeddable":true,"href":"https:\/\/www.hediyepazar.com\/index.php?rest_route=\/wp\/v2\/media\/112798"}],"wp:attachment":[{"href":"https:\/\/www.hediyepazar.com\/index.php?rest_route=%2Fwp%2Fv2%2Fmedia&parent=112799"}],"wp:term":[{"taxonomy":"product_brand","embeddable":true,"href":"https:\/\/www.hediyepazar.com\/index.php?rest_route=%2Fwp%2Fv2%2Fproduct_brand&post=112799"},{"taxonomy":"product_cat","embeddable":true,"href":"https:\/\/www.hediyepazar.com\/index.php?rest_route=%2Fwp%2Fv2%2Fproduct_cat&post=112799"},{"taxonomy":"product_tag","embeddable":true,"href":"https:\/\/www.hediyepazar.com\/index.php?rest_route=%2Fwp%2Fv2%2Fproduct_tag&post=112799"}],"curies":[{"name":"wp","href":"https:\/\/api.w.org\/{rel}","templated":true}]}}