{"id":112801,"date":"2026-05-05T10:51:35","date_gmt":"2026-05-05T13:51:35","guid":{"rendered":"https:\/\/www.hediyepazar.com\/?product=makarali-bluetooth-kulaklik-cagri-cevaplama-kablolu-uzun-pil-omru-2"},"modified":"2026-05-05T10:51:35","modified_gmt":"2026-05-05T13:51:35","slug":"makarali-bluetooth-kulaklik-cagri-cevaplama-kablolu-uzun-pil-omru-2","status":"publish","type":"product","link":"https:\/\/www.hediyepazar.com\/?product=makarali-bluetooth-kulaklik-cagri-cevaplama-kablolu-uzun-pil-omru-2","title":{"rendered":"Makaral\u0131 Bluetooth Kulakl\u0131k \u00c7a\u011fr\u0131 Cevaplama Kablolu Uzun Pil \u00d6mr\u00fc"},"content":{"rendered":"<p>Seyahat eden ve yo\u011fun telefon g\u00f6r\u00fc\u015fmeleri yapan ki\u015filer i\u00e7in tasarlanan bu Bluetooth kulakl\u0131k, ileti\u015fim kalitenizi art\u0131rarak hayat\u0131n\u0131z\u0131 kolayla\u015ft\u0131r\u0131r. Kullan\u0131m\u0131 son derece basit olan bu kulakl\u0131k, cihaz\u0131n\u0131z\u0131n mikrofon ve ses seviyelerini optimize ederken, telefonunuza dokunmadan g\u00f6r\u00fc\u015fme yapman\u0131za ve m\u00fczik dinlemenize olanak tan\u0131r. Hafif ve ergonomik tasar\u0131m\u0131 sayesinde, evde, ofiste veya ara\u00e7 kullan\u0131rken rahatl\u0131kla kullan\u0131labilir. Fineblue F910 Bluetooth Kulakl\u0131k, 2 saatte tamamen \u015farj olabilme \u00f6zelli\u011fiyle h\u0131zl\u0131 bir kullan\u0131m sunar. 8 saat konu\u015fma s\u00fcresi, 6 saat m\u00fczik dinleme s\u00fcresi ve 150 saat bekleme s\u00fcresi ile uzun s\u00fcreli performans sa\u011flar. Ayr\u0131ca, 10 metreye kadar \u00e7ekim mesafesi ve m\u00fczik\/video deste\u011fi sayesinde kullan\u0131c\u0131ya \u00fcst\u00fcn bir deneyim sunar. T\u00fcm ak\u0131ll\u0131 telefonlarla uyumlu olan bu kulakl\u0131k, ayn\u0131 anda iki cihazla e\u015fle\u015febilme \u00f6zelli\u011fiyle i\u015f ve ki\u015fisel ya\u015fam aras\u0131ndaki dengeyi sa\u011flar.<\/p>\n","protected":false},"excerpt":{"rendered":"<p>Seyahat eden ve yo\u011fun telefon g\u00f6r\u00fc\u015fmeleri yapan ki\u015filer i\u00e7in tasarlanan bu Bluetooth kulakl\u0131k, ileti\u015fim kalitenizi art\u0131rarak hayat\u0131n\u0131z\u0131 kolayla\u015ft\u0131r\u0131r. Kullan\u0131m\u0131 son derece basit olan bu kulakl\u0131k, cihaz\u0131n\u0131z\u0131n mikrofon ve ses seviyelerini optimize ederken, telefonunuza dokunmadan g\u00f6r\u00fc\u015fme yapman\u0131za ve m\u00fczik dinlemenize olanak tan\u0131r. Hafif ve ergonomik tasar\u0131m\u0131 sayesinde, evde, ofiste veya ara\u00e7 kullan\u0131rken rahatl\u0131kla kullan\u0131labilir. Fineblue F910&#8230;<\/p>\n","protected":false},"featured_media":112800,"comment_status":"open","ping_status":"closed","template":"","meta":{"_kad_post_transparent":"","_kad_post_title":"","_kad_post_layout":"","_kad_post_sidebar_id":"","_kad_post_content_style":"","_kad_post_vertical_padding":"","_kad_post_feature":"","_kad_post_feature_position":"","_kad_post_header":false,"_kad_post_footer":false,"_kad_post_classname":""},"product_brand":[],"product_cat":[14957],"product_tag":[],"class_list":{"0":"post-112801","1":"product","2":"type-product","3":"status-publish","4":"has-post-thumbnail","6":"product_cat-kablosuz-kulaklik-kablosuz-kulaklik","8":"first","9":"instock","10":"purchasable","11":"product-type-simple","12":"entry","13":"content-bg","14":"loop-entry"},"_links":{"self":[{"href":"https:\/\/www.hediyepazar.com\/index.php?rest_route=\/wp\/v2\/product\/112801","targetHints":{"allow":["GET"]}}],"collection":[{"href":"https:\/\/www.hediyepazar.com\/index.php?rest_route=\/wp\/v2\/product"}],"about":[{"href":"https:\/\/www.hediyepazar.com\/index.php?rest_route=\/wp\/v2\/types\/product"}],"replies":[{"embeddable":true,"href":"https:\/\/www.hediyepazar.com\/index.php?rest_route=%2Fwp%2Fv2%2Fcomments&post=112801"}],"wp:featuredmedia":[{"embeddable":true,"href":"https:\/\/www.hediyepazar.com\/index.php?rest_route=\/wp\/v2\/media\/112800"}],"wp:attachment":[{"href":"https:\/\/www.hediyepazar.com\/index.php?rest_route=%2Fwp%2Fv2%2Fmedia&parent=112801"}],"wp:term":[{"taxonomy":"product_brand","embeddable":true,"href":"https:\/\/www.hediyepazar.com\/index.php?rest_route=%2Fwp%2Fv2%2Fproduct_brand&post=112801"},{"taxonomy":"product_cat","embeddable":true,"href":"https:\/\/www.hediyepazar.com\/index.php?rest_route=%2Fwp%2Fv2%2Fproduct_cat&post=112801"},{"taxonomy":"product_tag","embeddable":true,"href":"https:\/\/www.hediyepazar.com\/index.php?rest_route=%2Fwp%2Fv2%2Fproduct_tag&post=112801"}],"curies":[{"name":"wp","href":"https:\/\/api.w.org\/{rel}","templated":true}]}}