{"id":112809,"date":"2026-05-05T10:52:07","date_gmt":"2026-05-05T13:52:07","guid":{"rendered":"https:\/\/www.hediyepazar.com\/?product=kafa-lambasi-led-fener-pratik-tasinabilir-ayarlanabilir-usb-sarjli-2"},"modified":"2026-05-05T10:52:07","modified_gmt":"2026-05-05T13:52:07","slug":"kafa-lambasi-led-fener-pratik-tasinabilir-ayarlanabilir-usb-sarjli-2","status":"publish","type":"product","link":"https:\/\/www.hediyepazar.com\/?product=kafa-lambasi-led-fener-pratik-tasinabilir-ayarlanabilir-usb-sarjli-2","title":{"rendered":"Kafa Lambas\u0131 Led Fener Pratik Ta\u015f\u0131nabilir Ayarlanabilir USB \u015earjl\u0131"},"content":{"rendered":"<p>Avc\u0131l\u0131k, kamp, araba tamiri ve ev kullan\u0131m\u0131 gibi farkl\u0131 alanlara y\u00f6nelik tasarlanan bu LED el feneri, geli\u015fmi\u015f teknik \u00f6zellikleriyle ihtiya\u00e7lar\u0131n\u0131z\u0131 en iyi \u015fekilde kar\u015f\u0131lamak \u00fczere geli\u015ftirilmi\u015ftir. Beyaz renkli LED \u0131\u015f\u0131k, hem XPE95LM hem de COB 120 LM teknolojisini bir arada kullanarak farkl\u0131 ayd\u0131nlatma ihtiya\u00e7lar\u0131na uyum sa\u011flar. 100.000 saatlik ampul \u00f6mr\u00fc ve 800 mAh kapasiteli lityum iyon batarya, uzun s\u00fcreli ve g\u00fcvenilir bir performans sunar. 215 l\u00fcmen \u0131\u015f\u0131k g\u00fcc\u00fc, hem k\u0131sa hem de uzun mesafeli ayd\u0131nlatma g\u00f6revlerini m\u00fckemmel \u015fekilde yerine getirir. \u00dcr\u00fcn\u00fcn esnek lastik yap\u0131s\u0131, ba\u015fl\u0131k k\u0131sm\u0131ndaki oynar tasar\u0131m ve m\u0131knat\u0131s sabitleme \u00f6zelli\u011fi, eller serbest \u015fekilde kullan\u0131m avantaj\u0131 sunarak i\u015flerinizi kolayla\u015ft\u0131r\u0131r. Kutusundan \u00e7\u0131kan \u015farj kablosu ve sabitleyici aksesuarlar, cihaz\u0131 hemen kullan\u0131ma haz\u0131r hale getirir.<\/p>\n","protected":false},"excerpt":{"rendered":"<p>Avc\u0131l\u0131k, kamp, araba tamiri ve ev kullan\u0131m\u0131 gibi farkl\u0131 alanlara y\u00f6nelik tasarlanan bu LED el feneri, geli\u015fmi\u015f teknik \u00f6zellikleriyle ihtiya\u00e7lar\u0131n\u0131z\u0131 en iyi \u015fekilde kar\u015f\u0131lamak \u00fczere geli\u015ftirilmi\u015ftir. Beyaz renkli LED \u0131\u015f\u0131k, hem XPE95LM hem de COB 120 LM teknolojisini bir arada kullanarak farkl\u0131 ayd\u0131nlatma ihtiya\u00e7lar\u0131na uyum sa\u011flar. 100.000 saatlik ampul \u00f6mr\u00fc ve 800 mAh kapasiteli lityum&#8230;<\/p>\n","protected":false},"featured_media":112808,"comment_status":"open","ping_status":"closed","template":"","meta":{"_kad_post_transparent":"","_kad_post_title":"","_kad_post_layout":"","_kad_post_sidebar_id":"","_kad_post_content_style":"","_kad_post_vertical_padding":"","_kad_post_feature":"","_kad_post_feature_position":"","_kad_post_header":false,"_kad_post_footer":false,"_kad_post_classname":""},"product_brand":[],"product_cat":[14979],"product_tag":[],"class_list":{"0":"post-112809","1":"product","2":"type-product","3":"status-publish","4":"has-post-thumbnail","6":"product_cat-kafa-lambasi-kafa-lambasi","8":"first","9":"instock","10":"purchasable","11":"product-type-simple","12":"entry","13":"content-bg","14":"loop-entry"},"_links":{"self":[{"href":"https:\/\/www.hediyepazar.com\/index.php?rest_route=\/wp\/v2\/product\/112809","targetHints":{"allow":["GET"]}}],"collection":[{"href":"https:\/\/www.hediyepazar.com\/index.php?rest_route=\/wp\/v2\/product"}],"about":[{"href":"https:\/\/www.hediyepazar.com\/index.php?rest_route=\/wp\/v2\/types\/product"}],"replies":[{"embeddable":true,"href":"https:\/\/www.hediyepazar.com\/index.php?rest_route=%2Fwp%2Fv2%2Fcomments&post=112809"}],"wp:featuredmedia":[{"embeddable":true,"href":"https:\/\/www.hediyepazar.com\/index.php?rest_route=\/wp\/v2\/media\/112808"}],"wp:attachment":[{"href":"https:\/\/www.hediyepazar.com\/index.php?rest_route=%2Fwp%2Fv2%2Fmedia&parent=112809"}],"wp:term":[{"taxonomy":"product_brand","embeddable":true,"href":"https:\/\/www.hediyepazar.com\/index.php?rest_route=%2Fwp%2Fv2%2Fproduct_brand&post=112809"},{"taxonomy":"product_cat","embeddable":true,"href":"https:\/\/www.hediyepazar.com\/index.php?rest_route=%2Fwp%2Fv2%2Fproduct_cat&post=112809"},{"taxonomy":"product_tag","embeddable":true,"href":"https:\/\/www.hediyepazar.com\/index.php?rest_route=%2Fwp%2Fv2%2Fproduct_tag&post=112809"}],"curies":[{"name":"wp","href":"https:\/\/api.w.org\/{rel}","templated":true}]}}