{"id":112813,"date":"2026-05-05T10:52:27","date_gmt":"2026-05-05T13:52:27","guid":{"rendered":"https:\/\/www.hediyepazar.com\/?product=kablosuz-bluetooth-kulaklik-tws-cift-kulaklik-tws-pro-5-2"},"modified":"2026-05-05T10:52:27","modified_gmt":"2026-05-05T13:52:27","slug":"kablosuz-bluetooth-kulaklik-tws-cift-kulaklik-tws-pro-5-2","status":"publish","type":"product","link":"https:\/\/www.hediyepazar.com\/?product=kablosuz-bluetooth-kulaklik-tws-cift-kulaklik-tws-pro-5-2","title":{"rendered":"Kablosuz Bluetooth Kulakl\u0131k TWS \u00c7ift Kulakl\u0131k TWS Pro 5"},"content":{"rendered":"<p>Tws Pro 5, kablosuz yap\u0131s\u0131yla kullan\u0131m kolayl\u0131\u011f\u0131 sa\u011flarken \u015farj kutusuyla birlikte sunularak ta\u015f\u0131nabilirli\u011fi ve pratikli\u011fi art\u0131r\u0131r. \u015earj kutusundaki h\u0131zl\u0131 dolum \u00f6zelli\u011fi sayesinde kulakl\u0131klar k\u0131sa s\u00fcrede kullan\u0131ma haz\u0131r hale gelir. \u00c7ift kulakl\u0131k ve \u015farj kutusundan olu\u015fan bu set, hem g\u00fcnl\u00fck ya\u015famda hem de i\u015f ortam\u0131nda s\u00fcrekli ba\u011flant\u0131da kalman\u0131z\u0131 sa\u011flar. \u015e\u0131k tasar\u0131m\u0131, \u00fcst\u00fcn teknolojisi ve kullan\u0131m kolayl\u0131\u011f\u0131 ile Tws Pro 5, hem performans hem de estetik arayanlar i\u00e7in ideal bir \u00e7\u00f6z\u00fcmd\u00fcr.<\/p>\n","protected":false},"excerpt":{"rendered":"<p>Tws Pro 5, kablosuz yap\u0131s\u0131yla kullan\u0131m kolayl\u0131\u011f\u0131 sa\u011flarken \u015farj kutusuyla birlikte sunularak ta\u015f\u0131nabilirli\u011fi ve pratikli\u011fi art\u0131r\u0131r. \u015earj kutusundaki h\u0131zl\u0131 dolum \u00f6zelli\u011fi sayesinde kulakl\u0131klar k\u0131sa s\u00fcrede kullan\u0131ma haz\u0131r hale gelir. \u00c7ift kulakl\u0131k ve \u015farj kutusundan olu\u015fan bu set, hem g\u00fcnl\u00fck ya\u015famda hem de i\u015f ortam\u0131nda s\u00fcrekli ba\u011flant\u0131da kalman\u0131z\u0131 sa\u011flar. \u015e\u0131k tasar\u0131m\u0131, \u00fcst\u00fcn teknolojisi ve kullan\u0131m kolayl\u0131\u011f\u0131&#8230;<\/p>\n","protected":false},"featured_media":112812,"comment_status":"open","ping_status":"closed","template":"","meta":{"_kad_post_transparent":"","_kad_post_title":"","_kad_post_layout":"","_kad_post_sidebar_id":"","_kad_post_content_style":"","_kad_post_vertical_padding":"","_kad_post_feature":"","_kad_post_feature_position":"","_kad_post_header":false,"_kad_post_footer":false,"_kad_post_classname":""},"product_brand":[],"product_cat":[14957],"product_tag":[],"class_list":{"0":"post-112813","1":"product","2":"type-product","3":"status-publish","4":"has-post-thumbnail","6":"product_cat-kablosuz-kulaklik-kablosuz-kulaklik","8":"first","9":"instock","10":"purchasable","11":"product-type-simple","12":"entry","13":"content-bg","14":"loop-entry"},"_links":{"self":[{"href":"https:\/\/www.hediyepazar.com\/index.php?rest_route=\/wp\/v2\/product\/112813","targetHints":{"allow":["GET"]}}],"collection":[{"href":"https:\/\/www.hediyepazar.com\/index.php?rest_route=\/wp\/v2\/product"}],"about":[{"href":"https:\/\/www.hediyepazar.com\/index.php?rest_route=\/wp\/v2\/types\/product"}],"replies":[{"embeddable":true,"href":"https:\/\/www.hediyepazar.com\/index.php?rest_route=%2Fwp%2Fv2%2Fcomments&post=112813"}],"wp:featuredmedia":[{"embeddable":true,"href":"https:\/\/www.hediyepazar.com\/index.php?rest_route=\/wp\/v2\/media\/112812"}],"wp:attachment":[{"href":"https:\/\/www.hediyepazar.com\/index.php?rest_route=%2Fwp%2Fv2%2Fmedia&parent=112813"}],"wp:term":[{"taxonomy":"product_brand","embeddable":true,"href":"https:\/\/www.hediyepazar.com\/index.php?rest_route=%2Fwp%2Fv2%2Fproduct_brand&post=112813"},{"taxonomy":"product_cat","embeddable":true,"href":"https:\/\/www.hediyepazar.com\/index.php?rest_route=%2Fwp%2Fv2%2Fproduct_cat&post=112813"},{"taxonomy":"product_tag","embeddable":true,"href":"https:\/\/www.hediyepazar.com\/index.php?rest_route=%2Fwp%2Fv2%2Fproduct_tag&post=112813"}],"curies":[{"name":"wp","href":"https:\/\/api.w.org\/{rel}","templated":true}]}}