{"id":112817,"date":"2026-05-05T10:52:42","date_gmt":"2026-05-05T13:52:42","guid":{"rendered":"https:\/\/www.hediyepazar.com\/?product=yeni-nesil-pro-bluetooth-kulaklik-dokunmatik-kontrol-otomatik-acilma-2"},"modified":"2026-05-05T10:52:42","modified_gmt":"2026-05-05T13:52:42","slug":"yeni-nesil-pro-bluetooth-kulaklik-dokunmatik-kontrol-otomatik-acilma-2","status":"publish","type":"product","link":"https:\/\/www.hediyepazar.com\/?product=yeni-nesil-pro-bluetooth-kulaklik-dokunmatik-kontrol-otomatik-acilma-2","title":{"rendered":"Yeni Nesil Pro Bluetooth Kulakl\u0131k Dokunmatik Kontrol Otomatik A\u00e7\u0131lma"},"content":{"rendered":"<p>Bluetooth kulakl\u0131klar aras\u0131nda \u00f6ne \u00e7\u0131kan Tws Pro 5, 3D HD ses kalitesiyle kullan\u0131c\u0131lara e\u015fsiz bir dinleme deneyimi sunar. Geli\u015fmi\u015f teknolojisi sayesinde m\u00fczik dinlerken veya \u00e7a\u011fr\u0131lar\u0131n\u0131z\u0131 yan\u0131tlarken, d\u0131\u015f ortamdan gelen rahats\u0131z edici sesleri b\u00fcy\u00fck \u00f6l\u00e7\u00fcde engelleyerek dikkat ve konsantrasyonu art\u0131r\u0131r. Kulak i\u00e7i tasar\u0131m\u0131 ve 5.1 Bluetooth ba\u011flant\u0131 g\u00fcc\u00fc, cihaz\u0131n\u0131zla g\u00fc\u00e7l\u00fc ve stabil bir ileti\u015fim sa\u011flar. Kablosuz kullan\u0131m \u00f6zelli\u011fi, hareket \u00f6zg\u00fcrl\u00fc\u011f\u00fc sunarken modern ya\u015fam tarz\u0131n\u0131za uyum sa\u011flar.<\/p>\n","protected":false},"excerpt":{"rendered":"<p>Bluetooth kulakl\u0131klar aras\u0131nda \u00f6ne \u00e7\u0131kan Tws Pro 5, 3D HD ses kalitesiyle kullan\u0131c\u0131lara e\u015fsiz bir dinleme deneyimi sunar. Geli\u015fmi\u015f teknolojisi sayesinde m\u00fczik dinlerken veya \u00e7a\u011fr\u0131lar\u0131n\u0131z\u0131 yan\u0131tlarken, d\u0131\u015f ortamdan gelen rahats\u0131z edici sesleri b\u00fcy\u00fck \u00f6l\u00e7\u00fcde engelleyerek dikkat ve konsantrasyonu art\u0131r\u0131r. Kulak i\u00e7i tasar\u0131m\u0131 ve 5.1 Bluetooth ba\u011flant\u0131 g\u00fcc\u00fc, cihaz\u0131n\u0131zla g\u00fc\u00e7l\u00fc ve stabil bir ileti\u015fim sa\u011flar. Kablosuz&#8230;<\/p>\n","protected":false},"featured_media":112816,"comment_status":"open","ping_status":"closed","template":"","meta":{"_kad_post_transparent":"","_kad_post_title":"","_kad_post_layout":"","_kad_post_sidebar_id":"","_kad_post_content_style":"","_kad_post_vertical_padding":"","_kad_post_feature":"","_kad_post_feature_position":"","_kad_post_header":false,"_kad_post_footer":false,"_kad_post_classname":""},"product_brand":[],"product_cat":[14957],"product_tag":[],"class_list":{"0":"post-112817","1":"product","2":"type-product","3":"status-publish","4":"has-post-thumbnail","6":"product_cat-kablosuz-kulaklik-kablosuz-kulaklik","8":"first","9":"instock","10":"purchasable","11":"product-type-simple","12":"entry","13":"content-bg","14":"loop-entry"},"_links":{"self":[{"href":"https:\/\/www.hediyepazar.com\/index.php?rest_route=\/wp\/v2\/product\/112817","targetHints":{"allow":["GET"]}}],"collection":[{"href":"https:\/\/www.hediyepazar.com\/index.php?rest_route=\/wp\/v2\/product"}],"about":[{"href":"https:\/\/www.hediyepazar.com\/index.php?rest_route=\/wp\/v2\/types\/product"}],"replies":[{"embeddable":true,"href":"https:\/\/www.hediyepazar.com\/index.php?rest_route=%2Fwp%2Fv2%2Fcomments&post=112817"}],"wp:featuredmedia":[{"embeddable":true,"href":"https:\/\/www.hediyepazar.com\/index.php?rest_route=\/wp\/v2\/media\/112816"}],"wp:attachment":[{"href":"https:\/\/www.hediyepazar.com\/index.php?rest_route=%2Fwp%2Fv2%2Fmedia&parent=112817"}],"wp:term":[{"taxonomy":"product_brand","embeddable":true,"href":"https:\/\/www.hediyepazar.com\/index.php?rest_route=%2Fwp%2Fv2%2Fproduct_brand&post=112817"},{"taxonomy":"product_cat","embeddable":true,"href":"https:\/\/www.hediyepazar.com\/index.php?rest_route=%2Fwp%2Fv2%2Fproduct_cat&post=112817"},{"taxonomy":"product_tag","embeddable":true,"href":"https:\/\/www.hediyepazar.com\/index.php?rest_route=%2Fwp%2Fv2%2Fproduct_tag&post=112817"}],"curies":[{"name":"wp","href":"https:\/\/api.w.org\/{rel}","templated":true}]}}