{"id":112839,"date":"2026-05-05T10:54:06","date_gmt":"2026-05-05T13:54:06","guid":{"rendered":"https:\/\/www.hediyepazar.com\/?product=sarjli-mini-el-rondosu-dograyici-tasinabilir-250-ml-celik-bicakli"},"modified":"2026-05-05T10:54:06","modified_gmt":"2026-05-05T13:54:06","slug":"sarjli-mini-el-rondosu-dograyici-tasinabilir-250-ml-celik-bicakli","status":"publish","type":"product","link":"https:\/\/www.hediyepazar.com\/?product=sarjli-mini-el-rondosu-dograyici-tasinabilir-250-ml-celik-bicakli","title":{"rendered":"\u015earjl\u0131 Mini El Rondosu Do\u011fray\u0131c\u0131 Ta\u015f\u0131nabilir 250 ml \u00c7elik B\u0131\u00e7akl\u0131"},"content":{"rendered":"<p>USB \u015farjl\u0131 Rondo Blender, pratikli\u011fi ve ta\u015f\u0131nabilirli\u011fiyle modern ya\u015fam\u0131n ihtiya\u00e7lar\u0131na uygun olarak tasarlanm\u0131\u015f bir mutfak yard\u0131mc\u0131s\u0131d\u0131r. Kompakt boyutlar\u0131 ve \u015f\u0131k g\u00f6r\u00fcn\u00fcm\u00fcyle her mutfa\u011fa uyum sa\u011flar. USB \u015farj \u00f6zelli\u011fi, priz ba\u011f\u0131ml\u0131l\u0131\u011f\u0131n\u0131 ortadan kald\u0131r\u0131r ve cihaz\u0131 diledi\u011finiz her yerde kullanabilmenizi m\u00fcmk\u00fcn k\u0131lar. Ofiste, spor salonunda veya seyahat esnas\u0131nda sa\u011fl\u0131kl\u0131 at\u0131\u015ft\u0131rmal\u0131klar haz\u0131rlamak art\u0131k \u00e7ok daha kolay. Kolay temizlenebilen b\u0131\u00e7aklar\u0131 ve kullan\u0131c\u0131 dostu kontrol paneli, yemek haz\u0131rl\u0131\u011f\u0131 s\u0131ras\u0131nda hem zaman tasarrufu sa\u011flar hem de keyifli bir deneyim sunar. 250 ml kapasitesiyle sar\u0131msak, so\u011fan ve baharat gibi malzemeleri h\u0131zla do\u011framan\u0131za yard\u0131mc\u0131 olur.Rondo Blender, mutfa\u011f\u0131n\u0131zda devrim yaratacak \u015fekilde tasarlanm\u0131\u015f bir cihazd\u0131r. Kompakt yap\u0131s\u0131 sayesinde yer kaplamaz, USB \u015farj \u00f6zelli\u011fi ile hareket \u00f6zg\u00fcrl\u00fc\u011f\u00fc sunar. Sa\u011flam b\u0131\u00e7aklar\u0131 sayesinde malzemeleri h\u0131zl\u0131ca do\u011frayarak yemek haz\u0131rl\u0131klar\u0131n\u0131 kolayla\u015ft\u0131r\u0131r. Kullan\u0131c\u0131 dostu tasar\u0131m\u0131, temizli\u011fin zahmetsizce yap\u0131lmas\u0131n\u0131 sa\u011flar ve 250 ml kapasitesiyle g\u00fcnl\u00fck kullan\u0131m i\u00e7in idealdir. Sar\u0131msak, so\u011fan veya baharat gibi k\u00fc\u00e7\u00fck malzemeleri kolayca do\u011framan\u0131za olanak tan\u0131rken, ayn\u0131 zamanda \u015f\u0131k ve modern tasar\u0131m\u0131yla mutfak dekorasyonunuzu tamamlar. Bu portatif mini blender, hem i\u015flevselli\u011fi hem de esteti\u011fi bir araya getirerek yemek haz\u0131rlamay\u0131 keyifli hale getirir.<\/p>\n","protected":false},"excerpt":{"rendered":"<p>USB \u015farjl\u0131 Rondo Blender, pratikli\u011fi ve ta\u015f\u0131nabilirli\u011fiyle modern ya\u015fam\u0131n ihtiya\u00e7lar\u0131na uygun olarak tasarlanm\u0131\u015f bir mutfak yard\u0131mc\u0131s\u0131d\u0131r. Kompakt boyutlar\u0131 ve \u015f\u0131k g\u00f6r\u00fcn\u00fcm\u00fcyle her mutfa\u011fa uyum sa\u011flar. USB \u015farj \u00f6zelli\u011fi, priz ba\u011f\u0131ml\u0131l\u0131\u011f\u0131n\u0131 ortadan kald\u0131r\u0131r ve cihaz\u0131 diledi\u011finiz her yerde kullanabilmenizi m\u00fcmk\u00fcn k\u0131lar. Ofiste, spor salonunda veya seyahat esnas\u0131nda sa\u011fl\u0131kl\u0131 at\u0131\u015ft\u0131rmal\u0131klar haz\u0131rlamak art\u0131k \u00e7ok daha kolay. Kolay temizlenebilen&#8230;<\/p>\n","protected":false},"featured_media":112838,"comment_status":"open","ping_status":"closed","template":"","meta":{"_kad_post_transparent":"","_kad_post_title":"","_kad_post_layout":"","_kad_post_sidebar_id":"","_kad_post_content_style":"","_kad_post_vertical_padding":"","_kad_post_feature":"","_kad_post_feature_position":"","_kad_post_header":false,"_kad_post_footer":false,"_kad_post_classname":""},"product_brand":[],"product_cat":[15057],"product_tag":[],"class_list":{"0":"post-112839","1":"product","2":"type-product","3":"status-publish","4":"has-post-thumbnail","6":"product_cat-dograyici-ve-rondo-dograyici-ve-rondo","8":"first","9":"instock","10":"purchasable","11":"product-type-simple","12":"entry","13":"content-bg","14":"loop-entry"},"_links":{"self":[{"href":"https:\/\/www.hediyepazar.com\/index.php?rest_route=\/wp\/v2\/product\/112839","targetHints":{"allow":["GET"]}}],"collection":[{"href":"https:\/\/www.hediyepazar.com\/index.php?rest_route=\/wp\/v2\/product"}],"about":[{"href":"https:\/\/www.hediyepazar.com\/index.php?rest_route=\/wp\/v2\/types\/product"}],"replies":[{"embeddable":true,"href":"https:\/\/www.hediyepazar.com\/index.php?rest_route=%2Fwp%2Fv2%2Fcomments&post=112839"}],"wp:featuredmedia":[{"embeddable":true,"href":"https:\/\/www.hediyepazar.com\/index.php?rest_route=\/wp\/v2\/media\/112838"}],"wp:attachment":[{"href":"https:\/\/www.hediyepazar.com\/index.php?rest_route=%2Fwp%2Fv2%2Fmedia&parent=112839"}],"wp:term":[{"taxonomy":"product_brand","embeddable":true,"href":"https:\/\/www.hediyepazar.com\/index.php?rest_route=%2Fwp%2Fv2%2Fproduct_brand&post=112839"},{"taxonomy":"product_cat","embeddable":true,"href":"https:\/\/www.hediyepazar.com\/index.php?rest_route=%2Fwp%2Fv2%2Fproduct_cat&post=112839"},{"taxonomy":"product_tag","embeddable":true,"href":"https:\/\/www.hediyepazar.com\/index.php?rest_route=%2Fwp%2Fv2%2Fproduct_tag&post=112839"}],"curies":[{"name":"wp","href":"https:\/\/api.w.org\/{rel}","templated":true}]}}