{"id":112841,"date":"2026-05-05T10:54:13","date_gmt":"2026-05-05T13:54:13","guid":{"rendered":"https:\/\/www.hediyepazar.com\/?product=el-rondosu-mini-sarjli-dograyici-tasinabilir-250-ml"},"modified":"2026-05-05T10:54:13","modified_gmt":"2026-05-05T13:54:13","slug":"el-rondosu-mini-sarjli-dograyici-tasinabilir-250-ml","status":"publish","type":"product","link":"https:\/\/www.hediyepazar.com\/?product=el-rondosu-mini-sarjli-dograyici-tasinabilir-250-ml","title":{"rendered":"El Rondosu Mini \u015earjl\u0131 Do\u011fray\u0131c\u0131 Ta\u015f\u0131nabilir 250 ml"},"content":{"rendered":"<p>USB \u015earjl\u0131 Pratik ve Portatif Do\u011fray\u0131c\u0131 Rondo Blender T\u00fcrkiye&#8217;nin en yenilik\u00e7i mutfak yard\u0131mc\u0131s\u0131, USB Mini Blender Rondo ile tan\u0131\u015f\u0131n! Bu \u015f\u0131k ve kompakt tasar\u0131ml\u0131 mini blender, modern ya\u015fam\u0131n vazge\u00e7ilmezleri aras\u0131nda yer al\u0131yor.Pratikli\u011fi ve fonksiyonelli\u011fi ile dikkat \u00e7eken Rondo, sa\u011fl\u0131kl\u0131 ya\u015fam\u0131n kap\u0131lar\u0131n\u0131 sizin i\u00e7in aral\u0131yor.USB \u015earj \u00d6zelli\u011fi: Priz aray\u0131\u015f\u0131na son! USB \u015farj \u00f6zelli\u011fi ile her yerde ve her zaman kullan\u0131ma haz\u0131r.Ofiste, spor salonunda veya seyahatlerinizde enerjinizi y\u00fcksek tutun.Kullan\u0131c\u0131 Dostu Tasar\u0131m: Kolay temizlenen b\u0131\u00e7aklar\u0131, ta\u015f\u0131nabilir yap\u0131s\u0131 ve kullan\u0131c\u0131 dostu kontrol paneli ile Rondo, her kullan\u0131c\u0131 i\u00e7in ideal bir deneyim sunar.Sar\u0131msak, so\u011fan ve baharat gibi \u00fcr\u00fcnlerinizi kolayca do\u011framan\u0131za olanak sa\u011flar.250 mldir.<\/p>\n","protected":false},"excerpt":{"rendered":"<p>USB \u015earjl\u0131 Pratik ve Portatif Do\u011fray\u0131c\u0131 Rondo Blender T\u00fcrkiye&#8217;nin en yenilik\u00e7i mutfak yard\u0131mc\u0131s\u0131, USB Mini Blender Rondo ile tan\u0131\u015f\u0131n! Bu \u015f\u0131k ve kompakt tasar\u0131ml\u0131 mini blender, modern ya\u015fam\u0131n vazge\u00e7ilmezleri aras\u0131nda yer al\u0131yor.Pratikli\u011fi ve fonksiyonelli\u011fi ile dikkat \u00e7eken Rondo, sa\u011fl\u0131kl\u0131 ya\u015fam\u0131n kap\u0131lar\u0131n\u0131 sizin i\u00e7in aral\u0131yor.USB \u015earj \u00d6zelli\u011fi: Priz aray\u0131\u015f\u0131na son! USB \u015farj \u00f6zelli\u011fi ile her yerde&#8230;<\/p>\n","protected":false},"featured_media":112840,"comment_status":"open","ping_status":"closed","template":"","meta":{"_kad_post_transparent":"","_kad_post_title":"","_kad_post_layout":"","_kad_post_sidebar_id":"","_kad_post_content_style":"","_kad_post_vertical_padding":"","_kad_post_feature":"","_kad_post_feature_position":"","_kad_post_header":false,"_kad_post_footer":false,"_kad_post_classname":""},"product_brand":[],"product_cat":[15057],"product_tag":[],"class_list":{"0":"post-112841","1":"product","2":"type-product","3":"status-publish","4":"has-post-thumbnail","6":"product_cat-dograyici-ve-rondo-dograyici-ve-rondo","8":"first","9":"instock","10":"purchasable","11":"product-type-simple","12":"entry","13":"content-bg","14":"loop-entry"},"_links":{"self":[{"href":"https:\/\/www.hediyepazar.com\/index.php?rest_route=\/wp\/v2\/product\/112841","targetHints":{"allow":["GET"]}}],"collection":[{"href":"https:\/\/www.hediyepazar.com\/index.php?rest_route=\/wp\/v2\/product"}],"about":[{"href":"https:\/\/www.hediyepazar.com\/index.php?rest_route=\/wp\/v2\/types\/product"}],"replies":[{"embeddable":true,"href":"https:\/\/www.hediyepazar.com\/index.php?rest_route=%2Fwp%2Fv2%2Fcomments&post=112841"}],"wp:featuredmedia":[{"embeddable":true,"href":"https:\/\/www.hediyepazar.com\/index.php?rest_route=\/wp\/v2\/media\/112840"}],"wp:attachment":[{"href":"https:\/\/www.hediyepazar.com\/index.php?rest_route=%2Fwp%2Fv2%2Fmedia&parent=112841"}],"wp:term":[{"taxonomy":"product_brand","embeddable":true,"href":"https:\/\/www.hediyepazar.com\/index.php?rest_route=%2Fwp%2Fv2%2Fproduct_brand&post=112841"},{"taxonomy":"product_cat","embeddable":true,"href":"https:\/\/www.hediyepazar.com\/index.php?rest_route=%2Fwp%2Fv2%2Fproduct_cat&post=112841"},{"taxonomy":"product_tag","embeddable":true,"href":"https:\/\/www.hediyepazar.com\/index.php?rest_route=%2Fwp%2Fv2%2Fproduct_tag&post=112841"}],"curies":[{"name":"wp","href":"https:\/\/api.w.org\/{rel}","templated":true}]}}