{"id":112889,"date":"2026-05-05T10:57:35","date_gmt":"2026-05-05T13:57:35","guid":{"rendered":"https:\/\/www.hediyepazar.com\/?product=kablolu-makarali-bluetooth-kulaklik-uzun-pil-omru-dijital-gostergeli-2"},"modified":"2026-05-05T10:57:35","modified_gmt":"2026-05-05T13:57:35","slug":"kablolu-makarali-bluetooth-kulaklik-uzun-pil-omru-dijital-gostergeli-2","status":"publish","type":"product","link":"https:\/\/www.hediyepazar.com\/?product=kablolu-makarali-bluetooth-kulaklik-uzun-pil-omru-dijital-gostergeli-2","title":{"rendered":"Kablolu Makaral\u0131 Bluetooth Kulakl\u0131k Uzun Pil \u00d6mr\u00fc Dijital G\u00f6stergeli"},"content":{"rendered":"<p>20 saatlik kullan\u0131m s\u00fcresi ve dijital \u015farj g\u00f6stergesi ile \u00e7ift bataryal\u0131 Bluetooth kulakl\u0131k, uzun s\u00fcreli kullan\u0131m i\u00e7in idealdir. \u015earj durumunu kolayca takip edebilir, polyester fiber malzeme yap\u0131s\u0131yla dayan\u0131kl\u0131l\u0131ktan \u00f6d\u00fcn vermeden uzun \u00f6m\u00fcrl\u00fc bir kullan\u0131m elde edebilirsiniz. Android cihazlarla uyumlu olan bu kulakl\u0131k, m\u00fczik keyfi ve ileti\u015fim ihtiya\u00e7lar\u0131n\u0131z\u0131 bir arada kar\u015f\u0131layan harika bir aksesuard\u0131r.<\/p>\n","protected":false},"excerpt":{"rendered":"<p>20 saatlik kullan\u0131m s\u00fcresi ve dijital \u015farj g\u00f6stergesi ile \u00e7ift bataryal\u0131 Bluetooth kulakl\u0131k, uzun s\u00fcreli kullan\u0131m i\u00e7in idealdir. \u015earj durumunu kolayca takip edebilir, polyester fiber malzeme yap\u0131s\u0131yla dayan\u0131kl\u0131l\u0131ktan \u00f6d\u00fcn vermeden uzun \u00f6m\u00fcrl\u00fc bir kullan\u0131m elde edebilirsiniz. Android cihazlarla uyumlu olan bu kulakl\u0131k, m\u00fczik keyfi ve ileti\u015fim ihtiya\u00e7lar\u0131n\u0131z\u0131 bir arada kar\u015f\u0131layan harika bir aksesuard\u0131r.<\/p>\n","protected":false},"featured_media":112888,"comment_status":"open","ping_status":"closed","template":"","meta":{"_kad_post_transparent":"","_kad_post_title":"","_kad_post_layout":"","_kad_post_sidebar_id":"","_kad_post_content_style":"","_kad_post_vertical_padding":"","_kad_post_feature":"","_kad_post_feature_position":"","_kad_post_header":false,"_kad_post_footer":false,"_kad_post_classname":""},"product_brand":[],"product_cat":[14957],"product_tag":[],"class_list":{"0":"post-112889","1":"product","2":"type-product","3":"status-publish","4":"has-post-thumbnail","6":"product_cat-kablosuz-kulaklik-kablosuz-kulaklik","8":"first","9":"instock","10":"purchasable","11":"product-type-simple","12":"entry","13":"content-bg","14":"loop-entry"},"_links":{"self":[{"href":"https:\/\/www.hediyepazar.com\/index.php?rest_route=\/wp\/v2\/product\/112889","targetHints":{"allow":["GET"]}}],"collection":[{"href":"https:\/\/www.hediyepazar.com\/index.php?rest_route=\/wp\/v2\/product"}],"about":[{"href":"https:\/\/www.hediyepazar.com\/index.php?rest_route=\/wp\/v2\/types\/product"}],"replies":[{"embeddable":true,"href":"https:\/\/www.hediyepazar.com\/index.php?rest_route=%2Fwp%2Fv2%2Fcomments&post=112889"}],"wp:featuredmedia":[{"embeddable":true,"href":"https:\/\/www.hediyepazar.com\/index.php?rest_route=\/wp\/v2\/media\/112888"}],"wp:attachment":[{"href":"https:\/\/www.hediyepazar.com\/index.php?rest_route=%2Fwp%2Fv2%2Fmedia&parent=112889"}],"wp:term":[{"taxonomy":"product_brand","embeddable":true,"href":"https:\/\/www.hediyepazar.com\/index.php?rest_route=%2Fwp%2Fv2%2Fproduct_brand&post=112889"},{"taxonomy":"product_cat","embeddable":true,"href":"https:\/\/www.hediyepazar.com\/index.php?rest_route=%2Fwp%2Fv2%2Fproduct_cat&post=112889"},{"taxonomy":"product_tag","embeddable":true,"href":"https:\/\/www.hediyepazar.com\/index.php?rest_route=%2Fwp%2Fv2%2Fproduct_tag&post=112889"}],"curies":[{"name":"wp","href":"https:\/\/api.w.org\/{rel}","templated":true}]}}