{"id":112891,"date":"2026-05-05T10:57:41","date_gmt":"2026-05-05T13:57:41","guid":{"rendered":"https:\/\/www.hediyepazar.com\/?product=kablolu-bluetooth-kulaklik-kulak-ici-stereo-mikrofonlu-dijital-gostergeli-2"},"modified":"2026-05-05T10:57:41","modified_gmt":"2026-05-05T13:57:41","slug":"kablolu-bluetooth-kulaklik-kulak-ici-stereo-mikrofonlu-dijital-gostergeli-2","status":"publish","type":"product","link":"https:\/\/www.hediyepazar.com\/?product=kablolu-bluetooth-kulaklik-kulak-ici-stereo-mikrofonlu-dijital-gostergeli-2","title":{"rendered":"Kablolu Bluetooth Kulakl\u0131k Kulak \u0130\u00e7i Stereo Mikrofonlu Dijital G\u00f6stergeli"},"content":{"rendered":"<p>Stereo ses \u00f6zellikleriyle donat\u0131lm\u0131\u015f kulakl\u0131k, hem m\u00fczik dinleme hem de telefon g\u00f6r\u00fc\u015fmeleri i\u00e7in \u00fcst\u00fcn bir ses deneyimi sunar. Mikrofonu, sesi kar\u015f\u0131 tarafa yal\u0131n ve net bir \u015fekilde ileterek kusursuz ileti\u015fim sa\u011flar. Kulak i\u00e7ine tam oturan silikonlu tasar\u0131m, hem konfor hem de d\u0131\u015f sesleri izole ederek etkili bir deneyim sunar. Uzun s\u00fcreli kullan\u0131mlarda bile rahatl\u0131k sa\u011flayan bu tasar\u0131m, kolay temizlenebilir \u00f6zellikleriyle hijyen a\u00e7\u0131s\u0131ndan da avantajl\u0131d\u0131r.<\/p>\n","protected":false},"excerpt":{"rendered":"<p>Stereo ses \u00f6zellikleriyle donat\u0131lm\u0131\u015f kulakl\u0131k, hem m\u00fczik dinleme hem de telefon g\u00f6r\u00fc\u015fmeleri i\u00e7in \u00fcst\u00fcn bir ses deneyimi sunar. Mikrofonu, sesi kar\u015f\u0131 tarafa yal\u0131n ve net bir \u015fekilde ileterek kusursuz ileti\u015fim sa\u011flar. Kulak i\u00e7ine tam oturan silikonlu tasar\u0131m, hem konfor hem de d\u0131\u015f sesleri izole ederek etkili bir deneyim sunar. Uzun s\u00fcreli kullan\u0131mlarda bile rahatl\u0131k sa\u011flayan&#8230;<\/p>\n","protected":false},"featured_media":112890,"comment_status":"open","ping_status":"closed","template":"","meta":{"_kad_post_transparent":"","_kad_post_title":"","_kad_post_layout":"","_kad_post_sidebar_id":"","_kad_post_content_style":"","_kad_post_vertical_padding":"","_kad_post_feature":"","_kad_post_feature_position":"","_kad_post_header":false,"_kad_post_footer":false,"_kad_post_classname":""},"product_brand":[],"product_cat":[14957],"product_tag":[],"class_list":{"0":"post-112891","1":"product","2":"type-product","3":"status-publish","4":"has-post-thumbnail","6":"product_cat-kablosuz-kulaklik-kablosuz-kulaklik","8":"first","9":"instock","10":"purchasable","11":"product-type-simple","12":"entry","13":"content-bg","14":"loop-entry"},"_links":{"self":[{"href":"https:\/\/www.hediyepazar.com\/index.php?rest_route=\/wp\/v2\/product\/112891","targetHints":{"allow":["GET"]}}],"collection":[{"href":"https:\/\/www.hediyepazar.com\/index.php?rest_route=\/wp\/v2\/product"}],"about":[{"href":"https:\/\/www.hediyepazar.com\/index.php?rest_route=\/wp\/v2\/types\/product"}],"replies":[{"embeddable":true,"href":"https:\/\/www.hediyepazar.com\/index.php?rest_route=%2Fwp%2Fv2%2Fcomments&post=112891"}],"wp:featuredmedia":[{"embeddable":true,"href":"https:\/\/www.hediyepazar.com\/index.php?rest_route=\/wp\/v2\/media\/112890"}],"wp:attachment":[{"href":"https:\/\/www.hediyepazar.com\/index.php?rest_route=%2Fwp%2Fv2%2Fmedia&parent=112891"}],"wp:term":[{"taxonomy":"product_brand","embeddable":true,"href":"https:\/\/www.hediyepazar.com\/index.php?rest_route=%2Fwp%2Fv2%2Fproduct_brand&post=112891"},{"taxonomy":"product_cat","embeddable":true,"href":"https:\/\/www.hediyepazar.com\/index.php?rest_route=%2Fwp%2Fv2%2Fproduct_cat&post=112891"},{"taxonomy":"product_tag","embeddable":true,"href":"https:\/\/www.hediyepazar.com\/index.php?rest_route=%2Fwp%2Fv2%2Fproduct_tag&post=112891"}],"curies":[{"name":"wp","href":"https:\/\/api.w.org\/{rel}","templated":true}]}}