{"id":112905,"date":"2026-05-05T10:58:30","date_gmt":"2026-05-05T13:58:30","guid":{"rendered":"https:\/\/www.hediyepazar.com\/?product=ucuz-ve-kaliteli-yeni-nesil-bluetooth-baglantili-akilli-saat-2"},"modified":"2026-05-05T10:58:30","modified_gmt":"2026-05-05T13:58:30","slug":"ucuz-ve-kaliteli-yeni-nesil-bluetooth-baglantili-akilli-saat-2","status":"publish","type":"product","link":"https:\/\/www.hediyepazar.com\/?product=ucuz-ve-kaliteli-yeni-nesil-bluetooth-baglantili-akilli-saat-2","title":{"rendered":"Ucuz ve Kaliteli Yeni Nesil Bluetooth Ba\u011flant\u0131l\u0131 Ak\u0131ll\u0131 Saat"},"content":{"rendered":"<p>T\u00fcm ak\u0131ll\u0131 telefonlarla uyumlu olarak tasarlanm\u0131\u015f bu ak\u0131ll\u0131 saat, g\u00fcnl\u00fck ya\u015fam\u0131n\u0131za hem \u015f\u0131kl\u0131k hem de pratiklik katar. Birbirinden \u015f\u0131k kadran \u00e7e\u015fitleriyle kullan\u0131c\u0131lar\u0131na ki\u015fiselle\u015ftirme imkan\u0131 sunar. De\u011fi\u015ftirilebilir kordon \u00f6zelli\u011fi, her t\u00fcrl\u00fc k\u0131yafet kombinine uyum sa\u011flar ve kullan\u0131m\u0131n\u0131z\u0131 yenilik\u00e7i bir deneyime d\u00f6n\u00fc\u015ft\u00fcr\u00fcr. T\u00fcrk\u00e7e dil deste\u011fi ile gelen bu cihaz, kullan\u0131c\u0131 dostu aray\u00fcz\u00fc sayesinde herkes i\u00e7in kolay bir kullan\u0131m sunar. Saat \u00fczerinden do\u011frudan telefon g\u00f6r\u00fc\u015fmeleri yapabilir, aramalar\u0131 cevaplayabilir ve sosyal medya bildirimlerinizi rahatl\u0131kla g\u00f6r\u00fcnt\u00fcleyebilirsiniz. Bluetooth 3.0, 4.0 ve 5.0 destekleriyle kesintisiz ba\u011flant\u0131 sunan bu cihaz, g\u00fcn\u00fcn her an\u0131nda size yard\u0131mc\u0131 olur.<\/p>\n","protected":false},"excerpt":{"rendered":"<p>T\u00fcm ak\u0131ll\u0131 telefonlarla uyumlu olarak tasarlanm\u0131\u015f bu ak\u0131ll\u0131 saat, g\u00fcnl\u00fck ya\u015fam\u0131n\u0131za hem \u015f\u0131kl\u0131k hem de pratiklik katar. Birbirinden \u015f\u0131k kadran \u00e7e\u015fitleriyle kullan\u0131c\u0131lar\u0131na ki\u015fiselle\u015ftirme imkan\u0131 sunar. De\u011fi\u015ftirilebilir kordon \u00f6zelli\u011fi, her t\u00fcrl\u00fc k\u0131yafet kombinine uyum sa\u011flar ve kullan\u0131m\u0131n\u0131z\u0131 yenilik\u00e7i bir deneyime d\u00f6n\u00fc\u015ft\u00fcr\u00fcr. T\u00fcrk\u00e7e dil deste\u011fi ile gelen bu cihaz, kullan\u0131c\u0131 dostu aray\u00fcz\u00fc sayesinde herkes i\u00e7in kolay bir&#8230;<\/p>\n","protected":false},"featured_media":112904,"comment_status":"open","ping_status":"closed","template":"","meta":{"_kad_post_transparent":"","_kad_post_title":"","_kad_post_layout":"","_kad_post_sidebar_id":"","_kad_post_content_style":"","_kad_post_vertical_padding":"","_kad_post_feature":"","_kad_post_feature_position":"","_kad_post_header":false,"_kad_post_footer":false,"_kad_post_classname":""},"product_brand":[],"product_cat":[14935],"product_tag":[],"class_list":{"0":"post-112905","1":"product","2":"type-product","3":"status-publish","4":"has-post-thumbnail","6":"product_cat-akilli-saatler-akilli-saatler","8":"first","9":"instock","10":"purchasable","11":"product-type-simple","12":"entry","13":"content-bg","14":"loop-entry"},"_links":{"self":[{"href":"https:\/\/www.hediyepazar.com\/index.php?rest_route=\/wp\/v2\/product\/112905","targetHints":{"allow":["GET"]}}],"collection":[{"href":"https:\/\/www.hediyepazar.com\/index.php?rest_route=\/wp\/v2\/product"}],"about":[{"href":"https:\/\/www.hediyepazar.com\/index.php?rest_route=\/wp\/v2\/types\/product"}],"replies":[{"embeddable":true,"href":"https:\/\/www.hediyepazar.com\/index.php?rest_route=%2Fwp%2Fv2%2Fcomments&post=112905"}],"wp:featuredmedia":[{"embeddable":true,"href":"https:\/\/www.hediyepazar.com\/index.php?rest_route=\/wp\/v2\/media\/112904"}],"wp:attachment":[{"href":"https:\/\/www.hediyepazar.com\/index.php?rest_route=%2Fwp%2Fv2%2Fmedia&parent=112905"}],"wp:term":[{"taxonomy":"product_brand","embeddable":true,"href":"https:\/\/www.hediyepazar.com\/index.php?rest_route=%2Fwp%2Fv2%2Fproduct_brand&post=112905"},{"taxonomy":"product_cat","embeddable":true,"href":"https:\/\/www.hediyepazar.com\/index.php?rest_route=%2Fwp%2Fv2%2Fproduct_cat&post=112905"},{"taxonomy":"product_tag","embeddable":true,"href":"https:\/\/www.hediyepazar.com\/index.php?rest_route=%2Fwp%2Fv2%2Fproduct_tag&post=112905"}],"curies":[{"name":"wp","href":"https:\/\/api.w.org\/{rel}","templated":true}]}}