{"id":112933,"date":"2026-05-05T11:00:43","date_gmt":"2026-05-05T14:00:43","guid":{"rendered":"https:\/\/www.hediyepazar.com\/?product=yildizli-gokyuzu-projektoru-uzaktan-kumandali-cocuklara-ozel-sarjli-2"},"modified":"2026-05-05T11:00:43","modified_gmt":"2026-05-05T14:00:43","slug":"yildizli-gokyuzu-projektoru-uzaktan-kumandali-cocuklara-ozel-sarjli-2","status":"publish","type":"product","link":"https:\/\/www.hediyepazar.com\/?product=yildizli-gokyuzu-projektoru-uzaktan-kumandali-cocuklara-ozel-sarjli-2","title":{"rendered":"Y\u0131ld\u0131zl\u0131 g\u00f6ky\u00fcz\u00fc Projekt\u00f6r\u00fc Uzaktan kumandal\u0131 \u00c7ocuklara \u00d6zel \u015earjl\u0131"},"content":{"rendered":"<p>Y\u0131ld\u0131zl\u0131 Projekt\u00f6r, geni\u015f renk se\u00e7enekleri ve farkl\u0131 ayd\u0131nlatma modlar\u0131 ile her t\u00fcrl\u00fc etkinlik i\u00e7in m\u00fckemmel bir ayd\u0131nlatma \u00e7\u00f6z\u00fcm\u00fcd\u00fcr. LED \u0131\u015f\u0131klar, lazer efektleri ve parti LED lambas\u0131 \u00f6zellikleri bir araya gelerek e\u011flenceli bir ortam olu\u015fturur. Kompakt ve ta\u015f\u0131nabilir tasar\u0131m\u0131, \u00fcr\u00fcn\u00fc kolayca her yere g\u00f6t\u00fcrmenize imkan tan\u0131r. \u00c7ocuk odas\u0131ndan parti alanlar\u0131na kadar her ortamda kullan\u0131labilir, e\u011flencenize renk ve dinamizm katar. \u00c7ok y\u00f6nl\u00fc tasar\u0131m\u0131yla hem ayd\u0131nlatma hem de e\u011flence ihtiyac\u0131n\u0131z\u0131 kar\u015f\u0131layan bu projekt\u00f6r, etkinliklerinizi unutulmaz hale getirecek<\/p>\n","protected":false},"excerpt":{"rendered":"<p>Y\u0131ld\u0131zl\u0131 Projekt\u00f6r, geni\u015f renk se\u00e7enekleri ve farkl\u0131 ayd\u0131nlatma modlar\u0131 ile her t\u00fcrl\u00fc etkinlik i\u00e7in m\u00fckemmel bir ayd\u0131nlatma \u00e7\u00f6z\u00fcm\u00fcd\u00fcr. LED \u0131\u015f\u0131klar, lazer efektleri ve parti LED lambas\u0131 \u00f6zellikleri bir araya gelerek e\u011flenceli bir ortam olu\u015fturur. Kompakt ve ta\u015f\u0131nabilir tasar\u0131m\u0131, \u00fcr\u00fcn\u00fc kolayca her yere g\u00f6t\u00fcrmenize imkan tan\u0131r. \u00c7ocuk odas\u0131ndan parti alanlar\u0131na kadar her ortamda kullan\u0131labilir, e\u011flencenize renk&#8230;<\/p>\n","protected":false},"featured_media":112932,"comment_status":"open","ping_status":"closed","template":"","meta":{"_kad_post_transparent":"","_kad_post_title":"","_kad_post_layout":"","_kad_post_sidebar_id":"","_kad_post_content_style":"","_kad_post_vertical_padding":"","_kad_post_feature":"","_kad_post_feature_position":"","_kad_post_header":false,"_kad_post_footer":false,"_kad_post_classname":""},"product_brand":[],"product_cat":[14911],"product_tag":[],"class_list":{"0":"post-112933","1":"product","2":"type-product","3":"status-publish","4":"has-post-thumbnail","6":"product_cat-kablosuz-hoparlor-kablosuz-hoparlor","8":"first","9":"instock","10":"purchasable","11":"product-type-simple","12":"entry","13":"content-bg","14":"loop-entry"},"_links":{"self":[{"href":"https:\/\/www.hediyepazar.com\/index.php?rest_route=\/wp\/v2\/product\/112933","targetHints":{"allow":["GET"]}}],"collection":[{"href":"https:\/\/www.hediyepazar.com\/index.php?rest_route=\/wp\/v2\/product"}],"about":[{"href":"https:\/\/www.hediyepazar.com\/index.php?rest_route=\/wp\/v2\/types\/product"}],"replies":[{"embeddable":true,"href":"https:\/\/www.hediyepazar.com\/index.php?rest_route=%2Fwp%2Fv2%2Fcomments&post=112933"}],"wp:featuredmedia":[{"embeddable":true,"href":"https:\/\/www.hediyepazar.com\/index.php?rest_route=\/wp\/v2\/media\/112932"}],"wp:attachment":[{"href":"https:\/\/www.hediyepazar.com\/index.php?rest_route=%2Fwp%2Fv2%2Fmedia&parent=112933"}],"wp:term":[{"taxonomy":"product_brand","embeddable":true,"href":"https:\/\/www.hediyepazar.com\/index.php?rest_route=%2Fwp%2Fv2%2Fproduct_brand&post=112933"},{"taxonomy":"product_cat","embeddable":true,"href":"https:\/\/www.hediyepazar.com\/index.php?rest_route=%2Fwp%2Fv2%2Fproduct_cat&post=112933"},{"taxonomy":"product_tag","embeddable":true,"href":"https:\/\/www.hediyepazar.com\/index.php?rest_route=%2Fwp%2Fv2%2Fproduct_tag&post=112933"}],"curies":[{"name":"wp","href":"https:\/\/api.w.org\/{rel}","templated":true}]}}