{"id":112939,"date":"2026-05-05T11:01:10","date_gmt":"2026-05-05T14:01:10","guid":{"rendered":"https:\/\/www.hediyepazar.com\/?product=solar-gunes-enerji-panelli-sensorlu-lamba-enerji-tasarruflu-2"},"modified":"2026-05-05T11:01:10","modified_gmt":"2026-05-05T14:01:10","slug":"solar-gunes-enerji-panelli-sensorlu-lamba-enerji-tasarruflu-2","status":"publish","type":"product","link":"https:\/\/www.hediyepazar.com\/?product=solar-gunes-enerji-panelli-sensorlu-lamba-enerji-tasarruflu-2","title":{"rendered":"Solar G\u00fcne\u015f Enerji Panelli Sens\u00f6rl\u00fc Lamba Enerji Tasarruflu"},"content":{"rendered":"<p>g\u00fcne\u015f enerjili 20 LED&#8217;li duvar lambas\u0131, \u00e7evreci ve enerji tasarruflu bir ayd\u0131nlatma se\u00e7ene\u011fi sunar. Lamba, \u0131\u015f\u0131k sens\u00f6r\u00fc ve hareket sens\u00f6r\u00fc gibi teknolojik \u00f6zelliklerle donat\u0131lm\u0131\u015ft\u0131r ve bu sayede yaln\u0131zca gerekli oldu\u011funda devreye girerek enerji tasarrufu sa\u011flar. -5\u00b0C ile 60\u00b0C aras\u0131ndaki s\u0131cakl\u0131klarda sorunsuz \u00e7al\u0131\u015fabilen \u00fcr\u00fcn, sert hava ko\u015fullar\u0131na kar\u015f\u0131 dayan\u0131kl\u0131d\u0131r. Kurulumu kolay ve kablo gerektirmeyen tasar\u0131m\u0131yla bu lamba, bah\u00e7e ve teras gibi d\u0131\u015f mekanlar\u0131n\u0131z\u0131 hem estetik hem de i\u015flevsel olarak ayd\u0131nlat\u0131r.<\/p>\n","protected":false},"excerpt":{"rendered":"<p>g\u00fcne\u015f enerjili 20 LED&#8217;li duvar lambas\u0131, \u00e7evreci ve enerji tasarruflu bir ayd\u0131nlatma se\u00e7ene\u011fi sunar. Lamba, \u0131\u015f\u0131k sens\u00f6r\u00fc ve hareket sens\u00f6r\u00fc gibi teknolojik \u00f6zelliklerle donat\u0131lm\u0131\u015ft\u0131r ve bu sayede yaln\u0131zca gerekli oldu\u011funda devreye girerek enerji tasarrufu sa\u011flar. -5\u00b0C ile 60\u00b0C aras\u0131ndaki s\u0131cakl\u0131klarda sorunsuz \u00e7al\u0131\u015fabilen \u00fcr\u00fcn, sert hava ko\u015fullar\u0131na kar\u015f\u0131 dayan\u0131kl\u0131d\u0131r. Kurulumu kolay ve kablo gerektirmeyen tasar\u0131m\u0131yla bu&#8230;<\/p>\n","protected":false},"featured_media":112938,"comment_status":"open","ping_status":"closed","template":"","meta":{"_kad_post_transparent":"","_kad_post_title":"","_kad_post_layout":"","_kad_post_sidebar_id":"","_kad_post_content_style":"","_kad_post_vertical_padding":"","_kad_post_feature":"","_kad_post_feature_position":"","_kad_post_header":false,"_kad_post_footer":false,"_kad_post_classname":""},"product_brand":[],"product_cat":[14946],"product_tag":[],"class_list":{"0":"post-112939","1":"product","2":"type-product","3":"status-publish","4":"has-post-thumbnail","6":"product_cat-bahce-aydinlatmasi-bahce-aydinlatmasi","8":"first","9":"instock","10":"purchasable","11":"product-type-simple","12":"entry","13":"content-bg","14":"loop-entry"},"_links":{"self":[{"href":"https:\/\/www.hediyepazar.com\/index.php?rest_route=\/wp\/v2\/product\/112939","targetHints":{"allow":["GET"]}}],"collection":[{"href":"https:\/\/www.hediyepazar.com\/index.php?rest_route=\/wp\/v2\/product"}],"about":[{"href":"https:\/\/www.hediyepazar.com\/index.php?rest_route=\/wp\/v2\/types\/product"}],"replies":[{"embeddable":true,"href":"https:\/\/www.hediyepazar.com\/index.php?rest_route=%2Fwp%2Fv2%2Fcomments&post=112939"}],"wp:featuredmedia":[{"embeddable":true,"href":"https:\/\/www.hediyepazar.com\/index.php?rest_route=\/wp\/v2\/media\/112938"}],"wp:attachment":[{"href":"https:\/\/www.hediyepazar.com\/index.php?rest_route=%2Fwp%2Fv2%2Fmedia&parent=112939"}],"wp:term":[{"taxonomy":"product_brand","embeddable":true,"href":"https:\/\/www.hediyepazar.com\/index.php?rest_route=%2Fwp%2Fv2%2Fproduct_brand&post=112939"},{"taxonomy":"product_cat","embeddable":true,"href":"https:\/\/www.hediyepazar.com\/index.php?rest_route=%2Fwp%2Fv2%2Fproduct_cat&post=112939"},{"taxonomy":"product_tag","embeddable":true,"href":"https:\/\/www.hediyepazar.com\/index.php?rest_route=%2Fwp%2Fv2%2Fproduct_tag&post=112939"}],"curies":[{"name":"wp","href":"https:\/\/api.w.org\/{rel}","templated":true}]}}