{"id":112943,"date":"2026-05-05T11:01:28","date_gmt":"2026-05-05T14:01:28","guid":{"rendered":"https:\/\/www.hediyepazar.com\/?product=gunes-enerjili-bahce-lambasi-solar-gece-aydinlatma-sensorlu-lamba-2"},"modified":"2026-05-05T11:01:28","modified_gmt":"2026-05-05T14:01:28","slug":"gunes-enerjili-bahce-lambasi-solar-gece-aydinlatma-sensorlu-lamba-2","status":"publish","type":"product","link":"https:\/\/www.hediyepazar.com\/?product=gunes-enerjili-bahce-lambasi-solar-gece-aydinlatma-sensorlu-lamba-2","title":{"rendered":"G\u00fcne\u015f Enerjili Bah\u00e7e Lambas\u0131 Solar Gece Ayd\u0131nlatma Sens\u00f6rl\u00fc Lamba"},"content":{"rendered":"<p>G\u00fcne\u015f enerjili hareket sens\u00f6rl\u00fc 20 LED&#8217;li duvar lambas\u0131, bah\u00e7eniz, sundurman\u0131z, koridorunuz veya verandan\u0131z i\u00e7in \u00e7evre dostu ve etkili bir ayd\u0131nlatma \u00e7\u00f6z\u00fcm\u00fcd\u00fcr. G\u00fcne\u015f \u0131\u015f\u0131\u011f\u0131ndan \u015farj olan lamba, enerji tasarrufu sa\u011flarken ayn\u0131 zamanda \u00e7evreyi korur. SMD LED teknolojisi sayesinde parlak ve net bir \u0131\u015f\u0131k yayar. IP65 su ge\u00e7irmezlik \u00f6zelli\u011fi ile 360 derece ya\u011fmura kar\u015f\u0131 dayan\u0131kl\u0131d\u0131r, b\u00f6ylece her t\u00fcrl\u00fc hava ko\u015fulunda g\u00fcvenle kullan\u0131labilir. PIR hareket sens\u00f6r\u00fc ve \u0131\u015f\u0131k sens\u00f6r\u00fc sayesinde hareket alg\u0131land\u0131\u011f\u0131nda otomatik olarak yanar ve enerji t\u00fcketimini optimize eder.<\/p>\n","protected":false},"excerpt":{"rendered":"<p>G\u00fcne\u015f enerjili hareket sens\u00f6rl\u00fc 20 LED&#8217;li duvar lambas\u0131, bah\u00e7eniz, sundurman\u0131z, koridorunuz veya verandan\u0131z i\u00e7in \u00e7evre dostu ve etkili bir ayd\u0131nlatma \u00e7\u00f6z\u00fcm\u00fcd\u00fcr. G\u00fcne\u015f \u0131\u015f\u0131\u011f\u0131ndan \u015farj olan lamba, enerji tasarrufu sa\u011flarken ayn\u0131 zamanda \u00e7evreyi korur. SMD LED teknolojisi sayesinde parlak ve net bir \u0131\u015f\u0131k yayar. IP65 su ge\u00e7irmezlik \u00f6zelli\u011fi ile 360 derece ya\u011fmura kar\u015f\u0131 dayan\u0131kl\u0131d\u0131r, b\u00f6ylece her&#8230;<\/p>\n","protected":false},"featured_media":112942,"comment_status":"open","ping_status":"closed","template":"","meta":{"_kad_post_transparent":"","_kad_post_title":"","_kad_post_layout":"","_kad_post_sidebar_id":"","_kad_post_content_style":"","_kad_post_vertical_padding":"","_kad_post_feature":"","_kad_post_feature_position":"","_kad_post_header":false,"_kad_post_footer":false,"_kad_post_classname":""},"product_brand":[],"product_cat":[14946],"product_tag":[],"class_list":{"0":"post-112943","1":"product","2":"type-product","3":"status-publish","4":"has-post-thumbnail","6":"product_cat-bahce-aydinlatmasi-bahce-aydinlatmasi","8":"first","9":"instock","10":"purchasable","11":"product-type-simple","12":"entry","13":"content-bg","14":"loop-entry"},"_links":{"self":[{"href":"https:\/\/www.hediyepazar.com\/index.php?rest_route=\/wp\/v2\/product\/112943","targetHints":{"allow":["GET"]}}],"collection":[{"href":"https:\/\/www.hediyepazar.com\/index.php?rest_route=\/wp\/v2\/product"}],"about":[{"href":"https:\/\/www.hediyepazar.com\/index.php?rest_route=\/wp\/v2\/types\/product"}],"replies":[{"embeddable":true,"href":"https:\/\/www.hediyepazar.com\/index.php?rest_route=%2Fwp%2Fv2%2Fcomments&post=112943"}],"wp:featuredmedia":[{"embeddable":true,"href":"https:\/\/www.hediyepazar.com\/index.php?rest_route=\/wp\/v2\/media\/112942"}],"wp:attachment":[{"href":"https:\/\/www.hediyepazar.com\/index.php?rest_route=%2Fwp%2Fv2%2Fmedia&parent=112943"}],"wp:term":[{"taxonomy":"product_brand","embeddable":true,"href":"https:\/\/www.hediyepazar.com\/index.php?rest_route=%2Fwp%2Fv2%2Fproduct_brand&post=112943"},{"taxonomy":"product_cat","embeddable":true,"href":"https:\/\/www.hediyepazar.com\/index.php?rest_route=%2Fwp%2Fv2%2Fproduct_cat&post=112943"},{"taxonomy":"product_tag","embeddable":true,"href":"https:\/\/www.hediyepazar.com\/index.php?rest_route=%2Fwp%2Fv2%2Fproduct_tag&post=112943"}],"curies":[{"name":"wp","href":"https:\/\/api.w.org\/{rel}","templated":true}]}}