{"id":112967,"date":"2026-05-05T11:03:30","date_gmt":"2026-05-05T14:03:30","guid":{"rendered":"https:\/\/www.hediyepazar.com\/?product=telefon-tutuculu-akilli-hoparlor-yuksek-ses-kaliteli-hoparlor-2"},"modified":"2026-05-05T11:03:30","modified_gmt":"2026-05-05T14:03:30","slug":"telefon-tutuculu-akilli-hoparlor-yuksek-ses-kaliteli-hoparlor-2","status":"publish","type":"product","link":"https:\/\/www.hediyepazar.com\/?product=telefon-tutuculu-akilli-hoparlor-yuksek-ses-kaliteli-hoparlor-2","title":{"rendered":"Telefon Tutuculu Ak\u0131ll\u0131 Hoparl\u00f6r Y\u00fcksek Ses Kaliteli Hoparl\u00f6r"},"content":{"rendered":"<p>ak\u0131ll\u0131 hoparl\u00f6r, Bluetooth veya Wi-Fi ba\u011flant\u0131s\u0131 gerektirmeden telefonunuzun sesini art\u0131ran yenilik\u00e7i bir teknolojiyi kullan\u0131r. Telefonunuzu hoparl\u00f6r\u00fcn sens\u00f6r alan\u0131na yerle\u015ftirmeniz yeterlidir; cihaz otomatik olarak sesi alg\u0131lar ve g\u00fc\u00e7l\u00fc bir stereo ses deneyimi sunar. Bu teknoloji, herhangi bir ba\u011flant\u0131 kablosuna veya ayara ihtiya\u00e7 duymadan h\u0131zl\u0131 ve kolay bir kullan\u0131m sa\u011flar. Hoparl\u00f6r, 3W \u00e7\u0131k\u0131\u015f g\u00fcc\u00fc ve %3&#8217;ten d\u00fc\u015f\u00fck bozulma oran\u0131 ile net ve g\u00fc\u00e7l\u00fc bir ses sunar. \u0130ster m\u00fczik dinleyin, ister telefon g\u00f6r\u00fc\u015fmesi yap\u0131n, bu cihaz size kablolardan ba\u011f\u0131ms\u0131z bir \u015fekilde \u00fcst\u00fcn bir ses deneyimi ya\u015fat\u0131r.<\/p>\n","protected":false},"excerpt":{"rendered":"<p>ak\u0131ll\u0131 hoparl\u00f6r, Bluetooth veya Wi-Fi ba\u011flant\u0131s\u0131 gerektirmeden telefonunuzun sesini art\u0131ran yenilik\u00e7i bir teknolojiyi kullan\u0131r. Telefonunuzu hoparl\u00f6r\u00fcn sens\u00f6r alan\u0131na yerle\u015ftirmeniz yeterlidir; cihaz otomatik olarak sesi alg\u0131lar ve g\u00fc\u00e7l\u00fc bir stereo ses deneyimi sunar. Bu teknoloji, herhangi bir ba\u011flant\u0131 kablosuna veya ayara ihtiya\u00e7 duymadan h\u0131zl\u0131 ve kolay bir kullan\u0131m sa\u011flar. Hoparl\u00f6r, 3W \u00e7\u0131k\u0131\u015f g\u00fcc\u00fc ve %3&#8217;ten d\u00fc\u015f\u00fck&#8230;<\/p>\n","protected":false},"featured_media":112966,"comment_status":"open","ping_status":"closed","template":"","meta":{"_kad_post_transparent":"","_kad_post_title":"","_kad_post_layout":"","_kad_post_sidebar_id":"","_kad_post_content_style":"","_kad_post_vertical_padding":"","_kad_post_feature":"","_kad_post_feature_position":"","_kad_post_header":false,"_kad_post_footer":false,"_kad_post_classname":""},"product_brand":[],"product_cat":[14911],"product_tag":[],"class_list":{"0":"post-112967","1":"product","2":"type-product","3":"status-publish","4":"has-post-thumbnail","6":"product_cat-kablosuz-hoparlor-kablosuz-hoparlor","8":"first","9":"instock","10":"purchasable","11":"product-type-simple","12":"entry","13":"content-bg","14":"loop-entry"},"_links":{"self":[{"href":"https:\/\/www.hediyepazar.com\/index.php?rest_route=\/wp\/v2\/product\/112967","targetHints":{"allow":["GET"]}}],"collection":[{"href":"https:\/\/www.hediyepazar.com\/index.php?rest_route=\/wp\/v2\/product"}],"about":[{"href":"https:\/\/www.hediyepazar.com\/index.php?rest_route=\/wp\/v2\/types\/product"}],"replies":[{"embeddable":true,"href":"https:\/\/www.hediyepazar.com\/index.php?rest_route=%2Fwp%2Fv2%2Fcomments&post=112967"}],"wp:featuredmedia":[{"embeddable":true,"href":"https:\/\/www.hediyepazar.com\/index.php?rest_route=\/wp\/v2\/media\/112966"}],"wp:attachment":[{"href":"https:\/\/www.hediyepazar.com\/index.php?rest_route=%2Fwp%2Fv2%2Fmedia&parent=112967"}],"wp:term":[{"taxonomy":"product_brand","embeddable":true,"href":"https:\/\/www.hediyepazar.com\/index.php?rest_route=%2Fwp%2Fv2%2Fproduct_brand&post=112967"},{"taxonomy":"product_cat","embeddable":true,"href":"https:\/\/www.hediyepazar.com\/index.php?rest_route=%2Fwp%2Fv2%2Fproduct_cat&post=112967"},{"taxonomy":"product_tag","embeddable":true,"href":"https:\/\/www.hediyepazar.com\/index.php?rest_route=%2Fwp%2Fv2%2Fproduct_tag&post=112967"}],"curies":[{"name":"wp","href":"https:\/\/api.w.org\/{rel}","templated":true}]}}