{"id":112973,"date":"2026-05-05T11:03:50","date_gmt":"2026-05-05T14:03:50","guid":{"rendered":"https:\/\/www.hediyepazar.com\/?product=magsafe-kablosuz-batarya-yuksek-performansli-manyetik-tasarim-hizli-sarj-2"},"modified":"2026-05-05T11:03:50","modified_gmt":"2026-05-05T14:03:50","slug":"magsafe-kablosuz-batarya-yuksek-performansli-manyetik-tasarim-hizli-sarj-2","status":"publish","type":"product","link":"https:\/\/www.hediyepazar.com\/?product=magsafe-kablosuz-batarya-yuksek-performansli-manyetik-tasarim-hizli-sarj-2","title":{"rendered":"Magsafe Kablosuz Batarya Y\u00fcksek Performansl\u0131 Manyetik Tasar\u0131m H\u0131zl\u0131 \u015earj"},"content":{"rendered":"<p>MagSafe Battery Pack, Telefonunuzda g\u00fcvenli bir \u015fekilde sabit durarak, \u015farj s\u0131ras\u0131nda bile m\u00fckemmel hizalama sa\u011flar. Bu m\u0131knat\u0131s sistemi, cihaz\u0131n\u0131za zarar vermeden her defas\u0131nda do\u011fru ba\u011flant\u0131y\u0131 garanti eder. Kullan\u0131c\u0131 dostu bu tasar\u0131m, telefonu \u015farj etmeye ba\u015flatmak i\u00e7in herhangi bir ek i\u015flem yapman\u0131z\u0131 gerektirmez; ba\u011fland\u0131\u011f\u0131 anda otomatik olarak \u015farj etmeye ba\u015flar. Ayn\u0131 zamanda, kredi kartlar\u0131n\u0131z ve uzaktan kumandal\u0131 anahtarlar gibi hassas cihazlarla tamamen uyumlu oldu\u011fu i\u00e7in g\u00fcnl\u00fck hayat\u0131n\u0131z\u0131 kesintisiz s\u00fcrd\u00fcrmenizi sa\u011flar.Her An ve Her Yerde Y\u00fcksek PerformansMagSafe Battery Pack, hareket halindeyken cihazlar\u0131n\u0131z\u0131 \u015farj etmeniz i\u00e7in ideal bir \u00e7\u00f6z\u00fcm sunar. Y\u00fcksek kaliteli bataryas\u0131, telefonunuzun pil seviyesini g\u00fcn boyu destekler ve bir \u015farj cihaz\u0131na ba\u011fl\u0131 kalma zorunlulu\u011funu ortadan kald\u0131r\u0131r. Kompakt ve ta\u015f\u0131nabilir yap\u0131s\u0131 sayesinde her \u00e7antaya veya cebe kolayca s\u0131\u011far, b\u00f6ylece diledi\u011finiz her yerde rahatl\u0131kla kullanabilirsiniz. \u0130ster i\u015f toplant\u0131lar\u0131nda, ister seyahatlerde, isterse d\u0131\u015f mekan aktivitelerinde olun, MagSafe Battery Pack g\u00fcvenilir bir yolda\u015f\u0131n\u0131z olacakt\u0131r. Ayr\u0131ca 15 W\u2019a kadar kablosuz \u015farj \u00f6zelli\u011fi, cihazlar\u0131n\u0131z\u0131 h\u0131zl\u0131 ve verimli bir \u015fekilde \u015farj etmenize olanak tan\u0131r.<\/p>\n","protected":false},"excerpt":{"rendered":"<p>MagSafe Battery Pack, Telefonunuzda g\u00fcvenli bir \u015fekilde sabit durarak, \u015farj s\u0131ras\u0131nda bile m\u00fckemmel hizalama sa\u011flar. Bu m\u0131knat\u0131s sistemi, cihaz\u0131n\u0131za zarar vermeden her defas\u0131nda do\u011fru ba\u011flant\u0131y\u0131 garanti eder. Kullan\u0131c\u0131 dostu bu tasar\u0131m, telefonu \u015farj etmeye ba\u015flatmak i\u00e7in herhangi bir ek i\u015flem yapman\u0131z\u0131 gerektirmez; ba\u011fland\u0131\u011f\u0131 anda otomatik olarak \u015farj etmeye ba\u015flar. Ayn\u0131 zamanda, kredi kartlar\u0131n\u0131z ve uzaktan&#8230;<\/p>\n","protected":false},"featured_media":112972,"comment_status":"open","ping_status":"closed","template":"","meta":{"_kad_post_transparent":"","_kad_post_title":"","_kad_post_layout":"","_kad_post_sidebar_id":"","_kad_post_content_style":"","_kad_post_vertical_padding":"","_kad_post_feature":"","_kad_post_feature_position":"","_kad_post_header":false,"_kad_post_footer":false,"_kad_post_classname":""},"product_brand":[],"product_cat":[14937],"product_tag":[],"class_list":{"0":"post-112973","1":"product","2":"type-product","3":"status-publish","4":"has-post-thumbnail","6":"product_cat-powerbank-powerbank-2","8":"first","9":"instock","10":"purchasable","11":"product-type-simple","12":"entry","13":"content-bg","14":"loop-entry"},"_links":{"self":[{"href":"https:\/\/www.hediyepazar.com\/index.php?rest_route=\/wp\/v2\/product\/112973","targetHints":{"allow":["GET"]}}],"collection":[{"href":"https:\/\/www.hediyepazar.com\/index.php?rest_route=\/wp\/v2\/product"}],"about":[{"href":"https:\/\/www.hediyepazar.com\/index.php?rest_route=\/wp\/v2\/types\/product"}],"replies":[{"embeddable":true,"href":"https:\/\/www.hediyepazar.com\/index.php?rest_route=%2Fwp%2Fv2%2Fcomments&post=112973"}],"wp:featuredmedia":[{"embeddable":true,"href":"https:\/\/www.hediyepazar.com\/index.php?rest_route=\/wp\/v2\/media\/112972"}],"wp:attachment":[{"href":"https:\/\/www.hediyepazar.com\/index.php?rest_route=%2Fwp%2Fv2%2Fmedia&parent=112973"}],"wp:term":[{"taxonomy":"product_brand","embeddable":true,"href":"https:\/\/www.hediyepazar.com\/index.php?rest_route=%2Fwp%2Fv2%2Fproduct_brand&post=112973"},{"taxonomy":"product_cat","embeddable":true,"href":"https:\/\/www.hediyepazar.com\/index.php?rest_route=%2Fwp%2Fv2%2Fproduct_cat&post=112973"},{"taxonomy":"product_tag","embeddable":true,"href":"https:\/\/www.hediyepazar.com\/index.php?rest_route=%2Fwp%2Fv2%2Fproduct_tag&post=112973"}],"curies":[{"name":"wp","href":"https:\/\/api.w.org\/{rel}","templated":true}]}}