{"id":112975,"date":"2026-05-05T11:03:58","date_gmt":"2026-05-05T14:03:58","guid":{"rendered":"https:\/\/www.hediyepazar.com\/?product=nostaljik-gorunumlu-bluetooth-baglantili-speaker-2"},"modified":"2026-05-05T11:03:58","modified_gmt":"2026-05-05T14:03:58","slug":"nostaljik-gorunumlu-bluetooth-baglantili-speaker-2","status":"publish","type":"product","link":"https:\/\/www.hediyepazar.com\/?product=nostaljik-gorunumlu-bluetooth-baglantili-speaker-2","title":{"rendered":"Nostaljik G\u00f6r\u00fcn\u00fcml\u00fc Bluetooth Ba\u011flant\u0131l\u0131 Speaker"},"content":{"rendered":"<p>Global \u00c7ift Hoparl\u00f6rl\u00fc Gramofon Speaker, nostaljik tasar\u0131m\u0131 ve modern teknolojiyi bir araya getirerek benzersiz bir ses deneyimi sunar. 90 dB ses \u00e7\u0131k\u0131\u015f g\u00fcc\u00fc ve stereo ses yap\u0131s\u0131 sayesinde hem derin hem de net bir ses kalitesi elde etmenizi sa\u011flar. 3D Ses Teknolojisi ile desteklenen bu hoparl\u00f6r, m\u00fcziklerinizi orijinal tonlar\u0131nda keyifle dinlemenize olanak tan\u0131r. Retro tasar\u0131m\u0131, zarif detaylarla zenginle\u015ftirilmi\u015f ayaklar\u0131 ve klasik gramofon \u015fekli, bu cihaz\u0131 sadece bir hoparl\u00f6r de\u011fil, ayn\u0131 zamanda g\u00f6z al\u0131c\u0131 bir dekorasyon par\u00e7as\u0131 haline getirir. Kaliteli malzemeleriyle uzun \u00f6m\u00fcrl\u00fc kullan\u0131m vadederken \u015f\u0131kl\u0131\u011f\u0131yla bulundu\u011fu her ortama zarafet katar.<\/p>\n","protected":false},"excerpt":{"rendered":"<p>Global \u00c7ift Hoparl\u00f6rl\u00fc Gramofon Speaker, nostaljik tasar\u0131m\u0131 ve modern teknolojiyi bir araya getirerek benzersiz bir ses deneyimi sunar. 90 dB ses \u00e7\u0131k\u0131\u015f g\u00fcc\u00fc ve stereo ses yap\u0131s\u0131 sayesinde hem derin hem de net bir ses kalitesi elde etmenizi sa\u011flar. 3D Ses Teknolojisi ile desteklenen bu hoparl\u00f6r, m\u00fcziklerinizi orijinal tonlar\u0131nda keyifle dinlemenize olanak tan\u0131r. Retro tasar\u0131m\u0131,&#8230;<\/p>\n","protected":false},"featured_media":112974,"comment_status":"open","ping_status":"closed","template":"","meta":{"_kad_post_transparent":"","_kad_post_title":"","_kad_post_layout":"","_kad_post_sidebar_id":"","_kad_post_content_style":"","_kad_post_vertical_padding":"","_kad_post_feature":"","_kad_post_feature_position":"","_kad_post_header":false,"_kad_post_footer":false,"_kad_post_classname":""},"product_brand":[],"product_cat":[14929],"product_tag":[],"class_list":{"0":"post-112975","1":"product","2":"type-product","3":"status-publish","4":"has-post-thumbnail","6":"product_cat-muzik-sistemi-muzik-sistemi","8":"first","9":"instock","10":"purchasable","11":"product-type-simple","12":"entry","13":"content-bg","14":"loop-entry"},"_links":{"self":[{"href":"https:\/\/www.hediyepazar.com\/index.php?rest_route=\/wp\/v2\/product\/112975","targetHints":{"allow":["GET"]}}],"collection":[{"href":"https:\/\/www.hediyepazar.com\/index.php?rest_route=\/wp\/v2\/product"}],"about":[{"href":"https:\/\/www.hediyepazar.com\/index.php?rest_route=\/wp\/v2\/types\/product"}],"replies":[{"embeddable":true,"href":"https:\/\/www.hediyepazar.com\/index.php?rest_route=%2Fwp%2Fv2%2Fcomments&post=112975"}],"wp:featuredmedia":[{"embeddable":true,"href":"https:\/\/www.hediyepazar.com\/index.php?rest_route=\/wp\/v2\/media\/112974"}],"wp:attachment":[{"href":"https:\/\/www.hediyepazar.com\/index.php?rest_route=%2Fwp%2Fv2%2Fmedia&parent=112975"}],"wp:term":[{"taxonomy":"product_brand","embeddable":true,"href":"https:\/\/www.hediyepazar.com\/index.php?rest_route=%2Fwp%2Fv2%2Fproduct_brand&post=112975"},{"taxonomy":"product_cat","embeddable":true,"href":"https:\/\/www.hediyepazar.com\/index.php?rest_route=%2Fwp%2Fv2%2Fproduct_cat&post=112975"},{"taxonomy":"product_tag","embeddable":true,"href":"https:\/\/www.hediyepazar.com\/index.php?rest_route=%2Fwp%2Fv2%2Fproduct_tag&post=112975"}],"curies":[{"name":"wp","href":"https:\/\/api.w.org\/{rel}","templated":true}]}}