{"id":112991,"date":"2026-05-05T11:04:58","date_gmt":"2026-05-05T14:04:58","guid":{"rendered":"https:\/\/www.hediyepazar.com\/?product=tasinabilir-sinema-oyun-projektoru-akilli-projeksiyon-android-11-2"},"modified":"2026-05-05T11:04:58","modified_gmt":"2026-05-05T14:04:58","slug":"tasinabilir-sinema-oyun-projektoru-akilli-projeksiyon-android-11-2","status":"publish","type":"product","link":"https:\/\/www.hediyepazar.com\/?product=tasinabilir-sinema-oyun-projektoru-akilli-projeksiyon-android-11-2","title":{"rendered":"Ta\u015f\u0131nabilir Sinema Oyun Projekt\u00f6r\u00fc Ak\u0131ll\u0131 Projeksiyon Android 11"},"content":{"rendered":"<p>Cihaz, kablosuz g\u00f6r\u00fcnt\u00fc aktar\u0131m \u00f6zelli\u011fi ile geliyor, bu sayede cihaz\u0131n\u0131z\u0131 kolayca ba\u011flayabilirsiniz ve kablo karma\u015fas\u0131 ortadan kalkar. Telefon veya tablet gibi ak\u0131ll\u0131 cihazlar\u0131n\u0131z\u0131 ba\u011flamak i\u00e7in kabloya gerek kalmaz. Android 11 i\u015fletim sistemi deste\u011fi sayesinde cihaz, ak\u0131ll\u0131 telefonlardan veya tabletlerden i\u00e7erik aktarmay\u0131 \u00e7ok daha kolay hale getirir. Bu, \u00f6zellikle telefon ve tablet \u00fczerinden film izlemeyi tercih eden kullan\u0131c\u0131lar i\u00e7in b\u00fcy\u00fck bir avantajd\u0131r. Ayr\u0131ca, USB, HDMI ve VGA giri\u015fleri gibi \u00e7oklu ba\u011flant\u0131 se\u00e7enekleri sayesinde farkl\u0131 cihazlarla uyumlu bir kullan\u0131m sunar. Kablosuz aktar\u0131m \u00f6zelli\u011fi, cihazlar\u0131 ba\u011flamak i\u00e7in kablolara olan ihtiyac\u0131 ortadan kald\u0131r\u0131r, bu da hem g\u00f6rsel d\u00fczeni hem de kullan\u0131m kolayl\u0131\u011f\u0131n\u0131 artt\u0131r\u0131r.<\/p>\n","protected":false},"excerpt":{"rendered":"<p>Cihaz, kablosuz g\u00f6r\u00fcnt\u00fc aktar\u0131m \u00f6zelli\u011fi ile geliyor, bu sayede cihaz\u0131n\u0131z\u0131 kolayca ba\u011flayabilirsiniz ve kablo karma\u015fas\u0131 ortadan kalkar. Telefon veya tablet gibi ak\u0131ll\u0131 cihazlar\u0131n\u0131z\u0131 ba\u011flamak i\u00e7in kabloya gerek kalmaz. Android 11 i\u015fletim sistemi deste\u011fi sayesinde cihaz, ak\u0131ll\u0131 telefonlardan veya tabletlerden i\u00e7erik aktarmay\u0131 \u00e7ok daha kolay hale getirir. Bu, \u00f6zellikle telefon ve tablet \u00fczerinden film izlemeyi tercih&#8230;<\/p>\n","protected":false},"featured_media":112990,"comment_status":"open","ping_status":"closed","template":"","meta":{"_kad_post_transparent":"","_kad_post_title":"","_kad_post_layout":"","_kad_post_sidebar_id":"","_kad_post_content_style":"","_kad_post_vertical_padding":"","_kad_post_feature":"","_kad_post_feature_position":"","_kad_post_header":false,"_kad_post_footer":false,"_kad_post_classname":""},"product_brand":[],"product_cat":[14905],"product_tag":[],"class_list":{"0":"post-112991","1":"product","2":"type-product","3":"status-publish","4":"has-post-thumbnail","6":"product_cat-projeksiyon-projeksiyon","8":"first","9":"instock","10":"purchasable","11":"product-type-simple","12":"entry","13":"content-bg","14":"loop-entry"},"_links":{"self":[{"href":"https:\/\/www.hediyepazar.com\/index.php?rest_route=\/wp\/v2\/product\/112991","targetHints":{"allow":["GET"]}}],"collection":[{"href":"https:\/\/www.hediyepazar.com\/index.php?rest_route=\/wp\/v2\/product"}],"about":[{"href":"https:\/\/www.hediyepazar.com\/index.php?rest_route=\/wp\/v2\/types\/product"}],"replies":[{"embeddable":true,"href":"https:\/\/www.hediyepazar.com\/index.php?rest_route=%2Fwp%2Fv2%2Fcomments&post=112991"}],"wp:featuredmedia":[{"embeddable":true,"href":"https:\/\/www.hediyepazar.com\/index.php?rest_route=\/wp\/v2\/media\/112990"}],"wp:attachment":[{"href":"https:\/\/www.hediyepazar.com\/index.php?rest_route=%2Fwp%2Fv2%2Fmedia&parent=112991"}],"wp:term":[{"taxonomy":"product_brand","embeddable":true,"href":"https:\/\/www.hediyepazar.com\/index.php?rest_route=%2Fwp%2Fv2%2Fproduct_brand&post=112991"},{"taxonomy":"product_cat","embeddable":true,"href":"https:\/\/www.hediyepazar.com\/index.php?rest_route=%2Fwp%2Fv2%2Fproduct_cat&post=112991"},{"taxonomy":"product_tag","embeddable":true,"href":"https:\/\/www.hediyepazar.com\/index.php?rest_route=%2Fwp%2Fv2%2Fproduct_tag&post=112991"}],"curies":[{"name":"wp","href":"https:\/\/api.w.org\/{rel}","templated":true}]}}