{"id":113001,"date":"2026-05-05T11:05:48","date_gmt":"2026-05-05T14:05:48","guid":{"rendered":"https:\/\/www.hediyepazar.com\/?product=kablosuz-mouse-fare-5-0-bluetooth-baglantili-usb-girisli-2"},"modified":"2026-05-05T11:05:48","modified_gmt":"2026-05-05T14:05:48","slug":"kablosuz-mouse-fare-5-0-bluetooth-baglantili-usb-girisli-2","status":"publish","type":"product","link":"https:\/\/www.hediyepazar.com\/?product=kablosuz-mouse-fare-5-0-bluetooth-baglantili-usb-girisli-2","title":{"rendered":"Kablosuz Mouse Fare 5.0 Bluetooth Ba\u011flant\u0131l\u0131 USB Giri\u015fli"},"content":{"rendered":"<p>Fare, \u015feffaf PC malzemesiyle tasarlanm\u0131\u015f olup, i\u00e7 detaylar\u0131 do\u011frudan g\u00f6rmenize olanak tan\u0131r. Manyetik \u00fcst kapak ve al\u0131c\u0131 saklama yuvas\u0131, al\u0131c\u0131n\u0131z\u0131 kolayca saklaman\u0131z\u0131 ve kaybetme endi\u015fesini ortadan kald\u0131r\u0131r.Dahili \u015farj edilebilir pil, tam \u015farjla 30 g\u00fcn boyunca dayanabilir ve yaln\u0131zca 40 dakikada tamamen \u015farj olur. Pil durumunu ger\u00e7ek zamanl\u0131 olarak kontrol etme imkan\u0131 sa\u011flayan g\u00f6r\u00fcn\u00fcr pil seviyesi \u00f6zelli\u011fi, kullan\u0131m kolayl\u0131\u011f\u0131n\u0131 art\u0131r\u0131r. Otomatik uyku modu ise gereksiz enerji t\u00fcketimini azalt\u0131r.<\/p>\n","protected":false},"excerpt":{"rendered":"<p>Fare, \u015feffaf PC malzemesiyle tasarlanm\u0131\u015f olup, i\u00e7 detaylar\u0131 do\u011frudan g\u00f6rmenize olanak tan\u0131r. Manyetik \u00fcst kapak ve al\u0131c\u0131 saklama yuvas\u0131, al\u0131c\u0131n\u0131z\u0131 kolayca saklaman\u0131z\u0131 ve kaybetme endi\u015fesini ortadan kald\u0131r\u0131r.Dahili \u015farj edilebilir pil, tam \u015farjla 30 g\u00fcn boyunca dayanabilir ve yaln\u0131zca 40 dakikada tamamen \u015farj olur. Pil durumunu ger\u00e7ek zamanl\u0131 olarak kontrol etme imkan\u0131 sa\u011flayan g\u00f6r\u00fcn\u00fcr pil seviyesi&#8230;<\/p>\n","protected":false},"featured_media":113000,"comment_status":"open","ping_status":"closed","template":"","meta":{"_kad_post_transparent":"","_kad_post_title":"","_kad_post_layout":"","_kad_post_sidebar_id":"","_kad_post_content_style":"","_kad_post_vertical_padding":"","_kad_post_feature":"","_kad_post_feature_position":"","_kad_post_header":false,"_kad_post_footer":false,"_kad_post_classname":""},"product_brand":[],"product_cat":[14973],"product_tag":[],"class_list":{"0":"post-113001","1":"product","2":"type-product","3":"status-publish","4":"has-post-thumbnail","6":"product_cat-mouse-mouse","8":"first","9":"instock","10":"purchasable","11":"product-type-simple","12":"entry","13":"content-bg","14":"loop-entry"},"_links":{"self":[{"href":"https:\/\/www.hediyepazar.com\/index.php?rest_route=\/wp\/v2\/product\/113001","targetHints":{"allow":["GET"]}}],"collection":[{"href":"https:\/\/www.hediyepazar.com\/index.php?rest_route=\/wp\/v2\/product"}],"about":[{"href":"https:\/\/www.hediyepazar.com\/index.php?rest_route=\/wp\/v2\/types\/product"}],"replies":[{"embeddable":true,"href":"https:\/\/www.hediyepazar.com\/index.php?rest_route=%2Fwp%2Fv2%2Fcomments&post=113001"}],"wp:featuredmedia":[{"embeddable":true,"href":"https:\/\/www.hediyepazar.com\/index.php?rest_route=\/wp\/v2\/media\/113000"}],"wp:attachment":[{"href":"https:\/\/www.hediyepazar.com\/index.php?rest_route=%2Fwp%2Fv2%2Fmedia&parent=113001"}],"wp:term":[{"taxonomy":"product_brand","embeddable":true,"href":"https:\/\/www.hediyepazar.com\/index.php?rest_route=%2Fwp%2Fv2%2Fproduct_brand&post=113001"},{"taxonomy":"product_cat","embeddable":true,"href":"https:\/\/www.hediyepazar.com\/index.php?rest_route=%2Fwp%2Fv2%2Fproduct_cat&post=113001"},{"taxonomy":"product_tag","embeddable":true,"href":"https:\/\/www.hediyepazar.com\/index.php?rest_route=%2Fwp%2Fv2%2Fproduct_tag&post=113001"}],"curies":[{"name":"wp","href":"https:\/\/api.w.org\/{rel}","templated":true}]}}