{"id":113023,"date":"2026-05-05T11:07:08","date_gmt":"2026-05-05T14:07:08","guid":{"rendered":"https:\/\/www.hediyepazar.com\/?product=kafa-lambasi-hafif-ve-esnek-cift-anahtarli-far-led-isik"},"modified":"2026-05-05T11:07:08","modified_gmt":"2026-05-05T14:07:08","slug":"kafa-lambasi-hafif-ve-esnek-cift-anahtarli-far-led-isik","status":"publish","type":"product","link":"https:\/\/www.hediyepazar.com\/?product=kafa-lambasi-hafif-ve-esnek-cift-anahtarli-far-led-isik","title":{"rendered":"Kafa Lambas\u0131 Hafif ve Esnek \u00c7ift Anahtarl\u0131 Far Led I\u015f\u0131k"},"content":{"rendered":"<p>Gece bal\u0131k\u00e7\u0131l\u0131\u011f\u0131 ve di\u011fer outdoor aktiviteler i\u00e7in tasarlanm\u0131\u015f bu \u015farj edilebilir LED far, pratik kullan\u0131m\u0131 ve \u00fcst\u00fcn performans\u0131yla fark yarat\u0131yor. 4 farkl\u0131 \u0131\u015f\u0131k modu (parlak, orta, lo\u015f, yan\u0131p s\u00f6nen) sayesinde farkl\u0131 ortamlarda ihtiyac\u0131n\u0131z olan \u0131\u015f\u0131k seviyesini se\u00e7ebilirsiniz. Hafif ve esnek kafa band\u0131 ba\u015f\u0131n\u0131za rahat\u00e7a oturur, g\u00fcn boyu kullan\u0131mda bile gev\u015feme veya rahats\u0131zl\u0131k yapmaz.IPX5 su ge\u00e7irmezlik seviyesi ile ya\u011fmurlu ya da nemli ko\u015fullarda dahi sorunsuz \u00e7al\u0131\u015f\u0131r. \u00c7ift anahtarl\u0131 tasar\u0131m\u0131, modlar aras\u0131nda ge\u00e7i\u015f yapmay\u0131 kolayla\u015ft\u0131r\u0131rken k\u0131z\u0131l\u00f6tesi hareket sens\u00f6r\u00fc ellerinizi kullanmadan kontrol imkan\u0131 sunar. 60 derece ayarlanabilir far muhafazas\u0131, \u0131\u015f\u0131\u011f\u0131 diledi\u011finiz y\u00f6ne odaklaman\u0131z\u0131 sa\u011flar. Uzun \u00f6m\u00fcrl\u00fc \u015farj edilebilir pil ve USB \u015farj \u00f6zelli\u011fiyle bu far, her maceran\u0131zda g\u00fcvenilir bir partner olacak!<\/p>\n","protected":false},"excerpt":{"rendered":"<p>Gece bal\u0131k\u00e7\u0131l\u0131\u011f\u0131 ve di\u011fer outdoor aktiviteler i\u00e7in tasarlanm\u0131\u015f bu \u015farj edilebilir LED far, pratik kullan\u0131m\u0131 ve \u00fcst\u00fcn performans\u0131yla fark yarat\u0131yor. 4 farkl\u0131 \u0131\u015f\u0131k modu (parlak, orta, lo\u015f, yan\u0131p s\u00f6nen) sayesinde farkl\u0131 ortamlarda ihtiyac\u0131n\u0131z olan \u0131\u015f\u0131k seviyesini se\u00e7ebilirsiniz. Hafif ve esnek kafa band\u0131 ba\u015f\u0131n\u0131za rahat\u00e7a oturur, g\u00fcn boyu kullan\u0131mda bile gev\u015feme veya rahats\u0131zl\u0131k yapmaz.IPX5 su ge\u00e7irmezlik&#8230;<\/p>\n","protected":false},"featured_media":113022,"comment_status":"open","ping_status":"closed","template":"","meta":{"_kad_post_transparent":"","_kad_post_title":"","_kad_post_layout":"","_kad_post_sidebar_id":"","_kad_post_content_style":"","_kad_post_vertical_padding":"","_kad_post_feature":"","_kad_post_feature_position":"","_kad_post_header":false,"_kad_post_footer":false,"_kad_post_classname":""},"product_brand":[],"product_cat":[14979],"product_tag":[],"class_list":{"0":"post-113023","1":"product","2":"type-product","3":"status-publish","4":"has-post-thumbnail","6":"product_cat-kafa-lambasi-kafa-lambasi","8":"first","9":"instock","10":"purchasable","11":"product-type-simple","12":"entry","13":"content-bg","14":"loop-entry"},"_links":{"self":[{"href":"https:\/\/www.hediyepazar.com\/index.php?rest_route=\/wp\/v2\/product\/113023","targetHints":{"allow":["GET"]}}],"collection":[{"href":"https:\/\/www.hediyepazar.com\/index.php?rest_route=\/wp\/v2\/product"}],"about":[{"href":"https:\/\/www.hediyepazar.com\/index.php?rest_route=\/wp\/v2\/types\/product"}],"replies":[{"embeddable":true,"href":"https:\/\/www.hediyepazar.com\/index.php?rest_route=%2Fwp%2Fv2%2Fcomments&post=113023"}],"wp:featuredmedia":[{"embeddable":true,"href":"https:\/\/www.hediyepazar.com\/index.php?rest_route=\/wp\/v2\/media\/113022"}],"wp:attachment":[{"href":"https:\/\/www.hediyepazar.com\/index.php?rest_route=%2Fwp%2Fv2%2Fmedia&parent=113023"}],"wp:term":[{"taxonomy":"product_brand","embeddable":true,"href":"https:\/\/www.hediyepazar.com\/index.php?rest_route=%2Fwp%2Fv2%2Fproduct_brand&post=113023"},{"taxonomy":"product_cat","embeddable":true,"href":"https:\/\/www.hediyepazar.com\/index.php?rest_route=%2Fwp%2Fv2%2Fproduct_cat&post=113023"},{"taxonomy":"product_tag","embeddable":true,"href":"https:\/\/www.hediyepazar.com\/index.php?rest_route=%2Fwp%2Fv2%2Fproduct_tag&post=113023"}],"curies":[{"name":"wp","href":"https:\/\/api.w.org\/{rel}","templated":true}]}}