{"id":113031,"date":"2026-05-05T11:07:34","date_gmt":"2026-05-05T14:07:34","guid":{"rendered":"https:\/\/www.hediyepazar.com\/?product=kafa-lambasi-kamp-lambasi-led-isik-sarjli-ayarlanabilir-2"},"modified":"2026-05-05T11:07:34","modified_gmt":"2026-05-05T14:07:34","slug":"kafa-lambasi-kamp-lambasi-led-isik-sarjli-ayarlanabilir-2","status":"publish","type":"product","link":"https:\/\/www.hediyepazar.com\/?product=kafa-lambasi-kamp-lambasi-led-isik-sarjli-ayarlanabilir-2","title":{"rendered":"Kafa Lambas\u0131 Kamp Lambas\u0131 Led I\u015f\u0131k \u015earjl\u0131 Ayarlanabilir"},"content":{"rendered":"<p>Gece bal\u0131k\u00e7\u0131l\u0131\u011f\u0131 ve a\u00e7\u0131k hava etkinlikleri i\u00e7in m\u00fckemmel bir \u00e7\u00f6z\u00fcm sunan bu \u015farj edilebilir LED far, ihtiyac\u0131n\u0131z olan t\u00fcm \u00f6zelliklere sahip. 4 farkl\u0131 \u0131\u015f\u0131k modu (parlak, orta, lo\u015f ve yan\u0131p s\u00f6nen) sayesinde istenilen parlakl\u0131k seviyesini kolayca se\u00e7ebilir ve ortam\u0131n\u0131za uygun ayd\u0131nlatmay\u0131 sa\u011flayabilirsiniz. Hafif ve elastik kafa band\u0131, g\u00fcvenli bir \u015fekilde ba\u015f\u0131n\u0131za oturur, kayma veya sallanma yapmaz.IPX5 su ge\u00e7irmezlik seviyesine sahip dayan\u0131kl\u0131 g\u00f6vde, zorlu hava ko\u015fullar\u0131nda bile sorunsuz \u00e7al\u0131\u015f\u0131r. \u00c7ift anahtarl\u0131 \u00f6zel tasar\u0131m\u0131, modlar\u0131 h\u0131zl\u0131 ve kolay bir \u015fekilde de\u011fi\u015ftirmenize olanak tan\u0131r. K\u0131z\u0131l\u00f6tesi ak\u0131ll\u0131 hareket sens\u00f6r\u00fc ile ellerinizi kullanmadan kontrol imkan\u0131 sunarken, 60 dereceye kadar e\u011filebilen ayarlanabilir far muhafazas\u0131 \u0131\u015f\u0131\u011f\u0131 tam ihtiyac\u0131n\u0131z olan yere y\u00f6nlendirir. Kapasiteli \u015farj edilebilir pili sayesinde uzun s\u00fcreli ayd\u0131nlatma sa\u011flar ve USB \u015farj \u00f6zelli\u011fiyle her yerde rahat\u00e7a kullan\u0131labilir.Bu g\u00fc\u00e7l\u00fc ve fonksiyonel LED far, gece bal\u0131k\u00e7\u0131l\u0131\u011f\u0131ndan kamp yapmaya kadar her t\u00fcrl\u00fc a\u00e7\u0131k hava etkinli\u011finde size g\u00fcvenilir bir ayd\u0131nlatma sunar!<\/p>\n","protected":false},"excerpt":{"rendered":"<p>Gece bal\u0131k\u00e7\u0131l\u0131\u011f\u0131 ve a\u00e7\u0131k hava etkinlikleri i\u00e7in m\u00fckemmel bir \u00e7\u00f6z\u00fcm sunan bu \u015farj edilebilir LED far, ihtiyac\u0131n\u0131z olan t\u00fcm \u00f6zelliklere sahip. 4 farkl\u0131 \u0131\u015f\u0131k modu (parlak, orta, lo\u015f ve yan\u0131p s\u00f6nen) sayesinde istenilen parlakl\u0131k seviyesini kolayca se\u00e7ebilir ve ortam\u0131n\u0131za uygun ayd\u0131nlatmay\u0131 sa\u011flayabilirsiniz. Hafif ve elastik kafa band\u0131, g\u00fcvenli bir \u015fekilde ba\u015f\u0131n\u0131za oturur, kayma veya sallanma&#8230;<\/p>\n","protected":false},"featured_media":113030,"comment_status":"open","ping_status":"closed","template":"","meta":{"_kad_post_transparent":"","_kad_post_title":"","_kad_post_layout":"","_kad_post_sidebar_id":"","_kad_post_content_style":"","_kad_post_vertical_padding":"","_kad_post_feature":"","_kad_post_feature_position":"","_kad_post_header":false,"_kad_post_footer":false,"_kad_post_classname":""},"product_brand":[],"product_cat":[14979],"product_tag":[],"class_list":{"0":"post-113031","1":"product","2":"type-product","3":"status-publish","4":"has-post-thumbnail","6":"product_cat-kafa-lambasi-kafa-lambasi","8":"first","9":"instock","10":"purchasable","11":"product-type-simple","12":"entry","13":"content-bg","14":"loop-entry"},"_links":{"self":[{"href":"https:\/\/www.hediyepazar.com\/index.php?rest_route=\/wp\/v2\/product\/113031","targetHints":{"allow":["GET"]}}],"collection":[{"href":"https:\/\/www.hediyepazar.com\/index.php?rest_route=\/wp\/v2\/product"}],"about":[{"href":"https:\/\/www.hediyepazar.com\/index.php?rest_route=\/wp\/v2\/types\/product"}],"replies":[{"embeddable":true,"href":"https:\/\/www.hediyepazar.com\/index.php?rest_route=%2Fwp%2Fv2%2Fcomments&post=113031"}],"wp:featuredmedia":[{"embeddable":true,"href":"https:\/\/www.hediyepazar.com\/index.php?rest_route=\/wp\/v2\/media\/113030"}],"wp:attachment":[{"href":"https:\/\/www.hediyepazar.com\/index.php?rest_route=%2Fwp%2Fv2%2Fmedia&parent=113031"}],"wp:term":[{"taxonomy":"product_brand","embeddable":true,"href":"https:\/\/www.hediyepazar.com\/index.php?rest_route=%2Fwp%2Fv2%2Fproduct_brand&post=113031"},{"taxonomy":"product_cat","embeddable":true,"href":"https:\/\/www.hediyepazar.com\/index.php?rest_route=%2Fwp%2Fv2%2Fproduct_cat&post=113031"},{"taxonomy":"product_tag","embeddable":true,"href":"https:\/\/www.hediyepazar.com\/index.php?rest_route=%2Fwp%2Fv2%2Fproduct_tag&post=113031"}],"curies":[{"name":"wp","href":"https:\/\/api.w.org\/{rel}","templated":true}]}}