{"id":113037,"date":"2026-05-05T11:07:50","date_gmt":"2026-05-05T14:07:50","guid":{"rendered":"https:\/\/www.hediyepazar.com\/?product=tiras-makinesi-dijital-gostergeli-turbo-motor-paslanmaz-celik"},"modified":"2026-05-05T11:07:50","modified_gmt":"2026-05-05T14:07:50","slug":"tiras-makinesi-dijital-gostergeli-turbo-motor-paslanmaz-celik","status":"publish","type":"product","link":"https:\/\/www.hediyepazar.com\/?product=tiras-makinesi-dijital-gostergeli-turbo-motor-paslanmaz-celik","title":{"rendered":"T\u0131ra\u015f Makinesi Dijital G\u00f6stergeli Turbo Motor Paslanmaz \u00c7elik"},"content":{"rendered":"<p>Bu t\u0131ra\u015f makinesi, 0.8 mm\u2019den 2.0 mm\u2019ye kadar de\u011fi\u015ftirilebilen ayarlanabilir anahtar\u0131 ile k\u0131lavuz tarak olmadan bile esnek bir kesim imkan\u0131 sunar. Ayr\u0131ca, 3 mm, 6 mm, 9 mm ve 12 mm uzunlu\u011fundaki d\u00f6rt farkl\u0131 tarakla birlikte gelir, b\u00f6ylece istedi\u011finiz sa\u00e7 stilini kolayca olu\u015fturabilirsiniz. LED dijital ekran\u0131, cihaz\u0131n kalan g\u00fcc\u00fcn\u00fc anl\u0131k olarak takip etmenize olanak tan\u0131r, bu sayede ani g\u00fc\u00e7 kesintilerinin neden olabilece\u011fi aksakl\u0131klardan ka\u00e7\u0131n\u0131rs\u0131n\u0131z. Y\u00fcksek kaliteli tasar\u0131m\u0131 ve detayl\u0131 kontrol \u00f6zellikleri ile bu cihaz, t\u0131ra\u015f\u0131n\u0131z\u0131 zahmetsiz ve keyifli bir deneyime d\u00f6n\u00fc\u015ft\u00fcr\u00fcr.<\/p>\n","protected":false},"excerpt":{"rendered":"<p>Bu t\u0131ra\u015f makinesi, 0.8 mm\u2019den 2.0 mm\u2019ye kadar de\u011fi\u015ftirilebilen ayarlanabilir anahtar\u0131 ile k\u0131lavuz tarak olmadan bile esnek bir kesim imkan\u0131 sunar. Ayr\u0131ca, 3 mm, 6 mm, 9 mm ve 12 mm uzunlu\u011fundaki d\u00f6rt farkl\u0131 tarakla birlikte gelir, b\u00f6ylece istedi\u011finiz sa\u00e7 stilini kolayca olu\u015fturabilirsiniz. LED dijital ekran\u0131, cihaz\u0131n kalan g\u00fcc\u00fcn\u00fc anl\u0131k olarak takip etmenize olanak tan\u0131r,&#8230;<\/p>\n","protected":false},"featured_media":113036,"comment_status":"open","ping_status":"closed","template":"","meta":{"_kad_post_transparent":"","_kad_post_title":"","_kad_post_layout":"","_kad_post_sidebar_id":"","_kad_post_content_style":"","_kad_post_vertical_padding":"","_kad_post_feature":"","_kad_post_feature_position":"","_kad_post_header":false,"_kad_post_footer":false,"_kad_post_classname":""},"product_brand":[],"product_cat":[14925],"product_tag":[],"class_list":{"0":"post-113037","1":"product","2":"type-product","3":"status-publish","4":"has-post-thumbnail","6":"product_cat-tiras-makinesi-tiras-makinesi","8":"first","9":"instock","10":"purchasable","11":"product-type-simple","12":"entry","13":"content-bg","14":"loop-entry"},"_links":{"self":[{"href":"https:\/\/www.hediyepazar.com\/index.php?rest_route=\/wp\/v2\/product\/113037","targetHints":{"allow":["GET"]}}],"collection":[{"href":"https:\/\/www.hediyepazar.com\/index.php?rest_route=\/wp\/v2\/product"}],"about":[{"href":"https:\/\/www.hediyepazar.com\/index.php?rest_route=\/wp\/v2\/types\/product"}],"replies":[{"embeddable":true,"href":"https:\/\/www.hediyepazar.com\/index.php?rest_route=%2Fwp%2Fv2%2Fcomments&post=113037"}],"wp:featuredmedia":[{"embeddable":true,"href":"https:\/\/www.hediyepazar.com\/index.php?rest_route=\/wp\/v2\/media\/113036"}],"wp:attachment":[{"href":"https:\/\/www.hediyepazar.com\/index.php?rest_route=%2Fwp%2Fv2%2Fmedia&parent=113037"}],"wp:term":[{"taxonomy":"product_brand","embeddable":true,"href":"https:\/\/www.hediyepazar.com\/index.php?rest_route=%2Fwp%2Fv2%2Fproduct_brand&post=113037"},{"taxonomy":"product_cat","embeddable":true,"href":"https:\/\/www.hediyepazar.com\/index.php?rest_route=%2Fwp%2Fv2%2Fproduct_cat&post=113037"},{"taxonomy":"product_tag","embeddable":true,"href":"https:\/\/www.hediyepazar.com\/index.php?rest_route=%2Fwp%2Fv2%2Fproduct_tag&post=113037"}],"curies":[{"name":"wp","href":"https:\/\/api.w.org\/{rel}","templated":true}]}}