{"id":113041,"date":"2026-05-05T11:08:00","date_gmt":"2026-05-05T14:08:00","guid":{"rendered":"https:\/\/www.hediyepazar.com\/?product=fanli-radyator-sogutucu-telefon-sogutucu-tum-telefonlara-uyumlu"},"modified":"2026-05-05T11:08:00","modified_gmt":"2026-05-05T14:08:00","slug":"fanli-radyator-sogutucu-telefon-sogutucu-tum-telefonlara-uyumlu","status":"publish","type":"product","link":"https:\/\/www.hediyepazar.com\/?product=fanli-radyator-sogutucu-telefon-sogutucu-tum-telefonlara-uyumlu","title":{"rendered":"Fanl\u0131 Radyat\u00f6r So\u011futucu Telefon So\u011futucu T\u00fcm Telefonlara Uyumlu"},"content":{"rendered":"<p>Cihaz, \u0131\u015f\u0131kl\u0131 tasar\u0131m\u0131 sayesinde karanl\u0131k ortamlarda bile kullan\u0131m kolayl\u0131\u011f\u0131 sunar. I\u015f\u0131klar, so\u011futucunun \u00e7al\u0131\u015f\u0131r durumda oldu\u011funu ve \u015farj seviyesini h\u0131zl\u0131ca kontrol etmenize olanak tan\u0131r. Ayr\u0131ca, bu \u00fcr\u00fcn belirli bir telefon modeli i\u00e7in \u00f6zel olarak tasarlanm\u0131\u015f olup, m\u00fckemmel uyum ve stabilite sa\u011flar. \u0130thalat\u00e7\u0131 garantisi alt\u0131nda sunulan bu so\u011futucu fan, \u00fcr\u00fcn\u00fcn kalitesine olan g\u00fcveni art\u0131r\u0131r ve olas\u0131 sorunlar kar\u015f\u0131s\u0131nda kullan\u0131c\u0131ya destek sa\u011flar. Hem performans hem de dayan\u0131kl\u0131l\u0131k sunan bu \u00fcr\u00fcn, mobil cihazlar\u0131n\u0131z\u0131 korumak ve deneyiminizi geli\u015ftirmek i\u00e7in ideal bir \u00e7\u00f6z\u00fcmd\u00fcr.<\/p>\n","protected":false},"excerpt":{"rendered":"<p>Cihaz, \u0131\u015f\u0131kl\u0131 tasar\u0131m\u0131 sayesinde karanl\u0131k ortamlarda bile kullan\u0131m kolayl\u0131\u011f\u0131 sunar. I\u015f\u0131klar, so\u011futucunun \u00e7al\u0131\u015f\u0131r durumda oldu\u011funu ve \u015farj seviyesini h\u0131zl\u0131ca kontrol etmenize olanak tan\u0131r. Ayr\u0131ca, bu \u00fcr\u00fcn belirli bir telefon modeli i\u00e7in \u00f6zel olarak tasarlanm\u0131\u015f olup, m\u00fckemmel uyum ve stabilite sa\u011flar. \u0130thalat\u00e7\u0131 garantisi alt\u0131nda sunulan bu so\u011futucu fan, \u00fcr\u00fcn\u00fcn kalitesine olan g\u00fcveni art\u0131r\u0131r ve olas\u0131 sorunlar&#8230;<\/p>\n","protected":false},"featured_media":113040,"comment_status":"open","ping_status":"closed","template":"","meta":{"_kad_post_transparent":"","_kad_post_title":"","_kad_post_layout":"","_kad_post_sidebar_id":"","_kad_post_content_style":"","_kad_post_vertical_padding":"","_kad_post_feature":"","_kad_post_feature_position":"","_kad_post_header":false,"_kad_post_footer":false,"_kad_post_classname":""},"product_brand":[],"product_cat":[14991],"product_tag":[],"class_list":{"0":"post-113041","1":"product","2":"type-product","3":"status-publish","4":"has-post-thumbnail","6":"product_cat-mobil-oyun-aksesuar-mobil-oyun-aksesuar","8":"first","9":"instock","10":"purchasable","11":"product-type-simple","12":"entry","13":"content-bg","14":"loop-entry"},"_links":{"self":[{"href":"https:\/\/www.hediyepazar.com\/index.php?rest_route=\/wp\/v2\/product\/113041","targetHints":{"allow":["GET"]}}],"collection":[{"href":"https:\/\/www.hediyepazar.com\/index.php?rest_route=\/wp\/v2\/product"}],"about":[{"href":"https:\/\/www.hediyepazar.com\/index.php?rest_route=\/wp\/v2\/types\/product"}],"replies":[{"embeddable":true,"href":"https:\/\/www.hediyepazar.com\/index.php?rest_route=%2Fwp%2Fv2%2Fcomments&post=113041"}],"wp:featuredmedia":[{"embeddable":true,"href":"https:\/\/www.hediyepazar.com\/index.php?rest_route=\/wp\/v2\/media\/113040"}],"wp:attachment":[{"href":"https:\/\/www.hediyepazar.com\/index.php?rest_route=%2Fwp%2Fv2%2Fmedia&parent=113041"}],"wp:term":[{"taxonomy":"product_brand","embeddable":true,"href":"https:\/\/www.hediyepazar.com\/index.php?rest_route=%2Fwp%2Fv2%2Fproduct_brand&post=113041"},{"taxonomy":"product_cat","embeddable":true,"href":"https:\/\/www.hediyepazar.com\/index.php?rest_route=%2Fwp%2Fv2%2Fproduct_cat&post=113041"},{"taxonomy":"product_tag","embeddable":true,"href":"https:\/\/www.hediyepazar.com\/index.php?rest_route=%2Fwp%2Fv2%2Fproduct_tag&post=113041"}],"curies":[{"name":"wp","href":"https:\/\/api.w.org\/{rel}","templated":true}]}}