{"id":113043,"date":"2026-05-05T11:08:07","date_gmt":"2026-05-05T14:08:07","guid":{"rendered":"https:\/\/www.hediyepazar.com\/?product=fanli-telefon-sogutucu-pervaneli-sogutma-fani"},"modified":"2026-05-05T11:08:07","modified_gmt":"2026-05-05T14:08:07","slug":"fanli-telefon-sogutucu-pervaneli-sogutma-fani","status":"publish","type":"product","link":"https:\/\/www.hediyepazar.com\/?product=fanli-telefon-sogutucu-pervaneli-sogutma-fani","title":{"rendered":"Fanl\u0131 Telefon So\u011futucu Pervaneli So\u011futma Fan\u0131"},"content":{"rendered":"<p>\u015earj edilebilir yap\u0131s\u0131, bu so\u011futucu fan\u0131 her an kullan\u0131ma haz\u0131r hale getirir. Hafif ve kompakt tasar\u0131m\u0131 sayesinde, bu \u00fcr\u00fcn\u00fc \u00e7antan\u0131za koyarak her yerde rahat\u00e7a ta\u015f\u0131yabilirsiniz. G\u00fcnl\u00fck hayat\u0131n temposunda, ister evde ister d\u0131\u015far\u0131da, cihaz\u0131n\u0131z\u0131 serin tutma konforundan \u00f6d\u00fcn vermeden kullanabilirsiniz. Bu ta\u015f\u0131nabilirlik \u00f6zelli\u011fi, sadece oyun oynarken de\u011fil, uzun video g\u00f6r\u00fc\u015fmeleri veya y\u00fcksek i\u015flem g\u00fcc\u00fc gerektiren uygulamalarda da cihaz\u0131n\u0131z\u0131 koruman\u0131z\u0131 kolayla\u015ft\u0131r\u0131r.<\/p>\n","protected":false},"excerpt":{"rendered":"<p>\u015earj edilebilir yap\u0131s\u0131, bu so\u011futucu fan\u0131 her an kullan\u0131ma haz\u0131r hale getirir. Hafif ve kompakt tasar\u0131m\u0131 sayesinde, bu \u00fcr\u00fcn\u00fc \u00e7antan\u0131za koyarak her yerde rahat\u00e7a ta\u015f\u0131yabilirsiniz. G\u00fcnl\u00fck hayat\u0131n temposunda, ister evde ister d\u0131\u015far\u0131da, cihaz\u0131n\u0131z\u0131 serin tutma konforundan \u00f6d\u00fcn vermeden kullanabilirsiniz. Bu ta\u015f\u0131nabilirlik \u00f6zelli\u011fi, sadece oyun oynarken de\u011fil, uzun video g\u00f6r\u00fc\u015fmeleri veya y\u00fcksek i\u015flem g\u00fcc\u00fc gerektiren uygulamalarda&#8230;<\/p>\n","protected":false},"featured_media":113042,"comment_status":"open","ping_status":"closed","template":"","meta":{"_kad_post_transparent":"","_kad_post_title":"","_kad_post_layout":"","_kad_post_sidebar_id":"","_kad_post_content_style":"","_kad_post_vertical_padding":"","_kad_post_feature":"","_kad_post_feature_position":"","_kad_post_header":false,"_kad_post_footer":false,"_kad_post_classname":""},"product_brand":[],"product_cat":[14991],"product_tag":[],"class_list":{"0":"post-113043","1":"product","2":"type-product","3":"status-publish","4":"has-post-thumbnail","6":"product_cat-mobil-oyun-aksesuar-mobil-oyun-aksesuar","8":"first","9":"instock","10":"purchasable","11":"product-type-simple","12":"entry","13":"content-bg","14":"loop-entry"},"_links":{"self":[{"href":"https:\/\/www.hediyepazar.com\/index.php?rest_route=\/wp\/v2\/product\/113043","targetHints":{"allow":["GET"]}}],"collection":[{"href":"https:\/\/www.hediyepazar.com\/index.php?rest_route=\/wp\/v2\/product"}],"about":[{"href":"https:\/\/www.hediyepazar.com\/index.php?rest_route=\/wp\/v2\/types\/product"}],"replies":[{"embeddable":true,"href":"https:\/\/www.hediyepazar.com\/index.php?rest_route=%2Fwp%2Fv2%2Fcomments&post=113043"}],"wp:featuredmedia":[{"embeddable":true,"href":"https:\/\/www.hediyepazar.com\/index.php?rest_route=\/wp\/v2\/media\/113042"}],"wp:attachment":[{"href":"https:\/\/www.hediyepazar.com\/index.php?rest_route=%2Fwp%2Fv2%2Fmedia&parent=113043"}],"wp:term":[{"taxonomy":"product_brand","embeddable":true,"href":"https:\/\/www.hediyepazar.com\/index.php?rest_route=%2Fwp%2Fv2%2Fproduct_brand&post=113043"},{"taxonomy":"product_cat","embeddable":true,"href":"https:\/\/www.hediyepazar.com\/index.php?rest_route=%2Fwp%2Fv2%2Fproduct_cat&post=113043"},{"taxonomy":"product_tag","embeddable":true,"href":"https:\/\/www.hediyepazar.com\/index.php?rest_route=%2Fwp%2Fv2%2Fproduct_tag&post=113043"}],"curies":[{"name":"wp","href":"https:\/\/api.w.org\/{rel}","templated":true}]}}