{"id":113057,"date":"2026-05-05T11:08:49","date_gmt":"2026-05-05T14:08:49","guid":{"rendered":"https:\/\/www.hediyepazar.com\/?product=oyuncu-klavyesi-q-klavye-rgb-isikli-mouse-hediyeli-2"},"modified":"2026-05-05T11:08:49","modified_gmt":"2026-05-05T14:08:49","slug":"oyuncu-klavyesi-q-klavye-rgb-isikli-mouse-hediyeli-2","status":"publish","type":"product","link":"https:\/\/www.hediyepazar.com\/?product=oyuncu-klavyesi-q-klavye-rgb-isikli-mouse-hediyeli-2","title":{"rendered":"Oyuncu Klavyesi Q Klavye RGB I\u015f\u0131kl\u0131 Mouse Hediyeli"},"content":{"rendered":"<p>Bu \u00fcst\u00fcn klavye-mouse seti, profesyonel oyuncular\u0131n gereksinimlerini kar\u015f\u0131lamak i\u00e7in tasarlanm\u0131\u015ft\u0131r. I\u015f\u0131kl\u0131 klavye yap\u0131s\u0131, oyun s\u0131ras\u0131nda odaklanmay\u0131 art\u0131r\u0131r ve RGB ayd\u0131nlatmas\u0131 ile g\u00f6z al\u0131c\u0131 bir g\u00f6r\u00fcn\u00fcm sunar. \u00d6zellikle karanl\u0131k ortamda oyun oynayanlar i\u00e7in m\u00fckemmel bir \u00e7\u00f6z\u00fcm sunar. I\u015f\u0131kl\u0131 yap\u0131n\u0131n \u00f6zelle\u015ftirilebilir renk se\u00e7enekleri, oyun tarz\u0131n\u0131za uygun ki\u015fiselle\u015ftirme imk\u00e2n\u0131 tan\u0131r.Ergonomik tasar\u0131m\u0131, uzun s\u00fcreli kullan\u0131mda bile el ve bilek yorgunlu\u011funu en aza indirir. T\u00fcrk\u00e7e Q tu\u015f dizilimi ile h\u0131zl\u0131 yazma ve etkili bir oyun deneyimi sunar. Klavye \u00fczerinde yer alan multimedya tu\u015flar\u0131, oyun esnas\u0131nda ses ve di\u011fer medya kontrol\u00fc yapman\u0131z\u0131 kolayla\u015ft\u0131r\u0131r.Mouse ise, y\u00fcksek hassasiyet sunan ayarlanabilir DPI se\u00e7enekleri ile donat\u0131lm\u0131\u015ft\u0131r. Hem h\u0131zl\u0131 hareket gerektiren oyunlarda hem de detayl\u0131 kontrole ihtiya\u00e7 duyulan uygulamalarda m\u00fckemmel bir performans sergiler. Ergonomik yap\u0131s\u0131 sayesinde rahat bir kavray\u0131\u015f sunar.Sa\u011flam g\u00f6vde tasar\u0131m\u0131, klavyeyi ve mouse\u2019u darbelere ve yo\u011fun kullan\u0131ma kar\u015f\u0131 dayan\u0131kl\u0131 hale getirir. USB ba\u011flant\u0131s\u0131, tak-\u00e7al\u0131\u015ft\u0131r \u00f6zelli\u011fi ile her t\u00fcr cihazda kolayca kullan\u0131labilir. Bu set, profesyonel oyuncular ve y\u00fcksek kaliteli aksesuar arayan kullan\u0131c\u0131lar i\u00e7in m\u00fckemmel bir tercihtir.<\/p>\n","protected":false},"excerpt":{"rendered":"<p>Bu \u00fcst\u00fcn klavye-mouse seti, profesyonel oyuncular\u0131n gereksinimlerini kar\u015f\u0131lamak i\u00e7in tasarlanm\u0131\u015ft\u0131r. I\u015f\u0131kl\u0131 klavye yap\u0131s\u0131, oyun s\u0131ras\u0131nda odaklanmay\u0131 art\u0131r\u0131r ve RGB ayd\u0131nlatmas\u0131 ile g\u00f6z al\u0131c\u0131 bir g\u00f6r\u00fcn\u00fcm sunar. \u00d6zellikle karanl\u0131k ortamda oyun oynayanlar i\u00e7in m\u00fckemmel bir \u00e7\u00f6z\u00fcm sunar. I\u015f\u0131kl\u0131 yap\u0131n\u0131n \u00f6zelle\u015ftirilebilir renk se\u00e7enekleri, oyun tarz\u0131n\u0131za uygun ki\u015fiselle\u015ftirme imk\u00e2n\u0131 tan\u0131r.Ergonomik tasar\u0131m\u0131, uzun s\u00fcreli kullan\u0131mda bile el ve bilek&#8230;<\/p>\n","protected":false},"featured_media":113056,"comment_status":"open","ping_status":"closed","template":"","meta":{"_kad_post_transparent":"","_kad_post_title":"","_kad_post_layout":"","_kad_post_sidebar_id":"","_kad_post_content_style":"","_kad_post_vertical_padding":"","_kad_post_feature":"","_kad_post_feature_position":"","_kad_post_header":false,"_kad_post_footer":false,"_kad_post_classname":""},"product_brand":[],"product_cat":[14993],"product_tag":[],"class_list":{"0":"post-113057","1":"product","2":"type-product","3":"status-publish","4":"has-post-thumbnail","6":"product_cat-oyuncu-klavyesi-oyuncu-klavyesi","8":"first","9":"instock","10":"purchasable","11":"product-type-simple","12":"entry","13":"content-bg","14":"loop-entry"},"_links":{"self":[{"href":"https:\/\/www.hediyepazar.com\/index.php?rest_route=\/wp\/v2\/product\/113057","targetHints":{"allow":["GET"]}}],"collection":[{"href":"https:\/\/www.hediyepazar.com\/index.php?rest_route=\/wp\/v2\/product"}],"about":[{"href":"https:\/\/www.hediyepazar.com\/index.php?rest_route=\/wp\/v2\/types\/product"}],"replies":[{"embeddable":true,"href":"https:\/\/www.hediyepazar.com\/index.php?rest_route=%2Fwp%2Fv2%2Fcomments&post=113057"}],"wp:featuredmedia":[{"embeddable":true,"href":"https:\/\/www.hediyepazar.com\/index.php?rest_route=\/wp\/v2\/media\/113056"}],"wp:attachment":[{"href":"https:\/\/www.hediyepazar.com\/index.php?rest_route=%2Fwp%2Fv2%2Fmedia&parent=113057"}],"wp:term":[{"taxonomy":"product_brand","embeddable":true,"href":"https:\/\/www.hediyepazar.com\/index.php?rest_route=%2Fwp%2Fv2%2Fproduct_brand&post=113057"},{"taxonomy":"product_cat","embeddable":true,"href":"https:\/\/www.hediyepazar.com\/index.php?rest_route=%2Fwp%2Fv2%2Fproduct_cat&post=113057"},{"taxonomy":"product_tag","embeddable":true,"href":"https:\/\/www.hediyepazar.com\/index.php?rest_route=%2Fwp%2Fv2%2Fproduct_tag&post=113057"}],"curies":[{"name":"wp","href":"https:\/\/api.w.org\/{rel}","templated":true}]}}