{"id":113071,"date":"2026-05-05T11:09:26","date_gmt":"2026-05-05T14:09:26","guid":{"rendered":"https:\/\/www.hediyepazar.com\/?product=akilli-tarti-bluetooth-baglantili-yag-olcebilen-tarti-yeni-nesil-2"},"modified":"2026-05-05T11:09:26","modified_gmt":"2026-05-05T14:09:26","slug":"akilli-tarti-bluetooth-baglantili-yag-olcebilen-tarti-yeni-nesil-2","status":"publish","type":"product","link":"https:\/\/www.hediyepazar.com\/?product=akilli-tarti-bluetooth-baglantili-yag-olcebilen-tarti-yeni-nesil-2","title":{"rendered":"Ak\u0131ll\u0131 Tart\u0131 Bluetooth Ba\u011flant\u0131l\u0131 Ya\u011f \u00d6l\u00e7ebilen Tart\u0131 Yeni Nesil"},"content":{"rendered":"<p>Modern teknolojiyle donat\u0131lm\u0131\u015f Ak\u0131ll\u0131 Bluetooth Tart\u0131 Bask\u00fcl, yaln\u0131zca a\u011f\u0131rl\u0131k \u00f6l\u00e7\u00fcm\u00fcyle s\u0131n\u0131rl\u0131 kalmayarak v\u00fccudunuzun sa\u011fl\u0131\u011f\u0131yla ilgili 8 farkl\u0131 veriyi detayl\u0131 \u015fekilde analiz eder. A\u011f\u0131rl\u0131k, v\u00fccut ya\u011f\u0131, visseral ya\u011f, kas oran\u0131, kemik yo\u011funlu\u011fu, BMR, metabolik ya\u015f ve BMI gibi \u00f6l\u00e7\u00fcmleri do\u011fru bir \u015fekilde ger\u00e7ekle\u015ftirir. Geli\u015fmi\u015f algoritmalar\u0131 sayesinde her kullan\u0131c\u0131y\u0131 otomatik olarak tan\u0131r ve bireysel bir profil olu\u015fturur. A\u015f\u0131r\u0131 y\u00fck uyar\u0131s\u0131, otomatik kapanma ve odadaki s\u0131cakl\u0131k gibi \u00f6zelliklerle g\u00fcnl\u00fck kullan\u0131m\u0131 daha konforlu hale getirir.<\/p>\n","protected":false},"excerpt":{"rendered":"<p>Modern teknolojiyle donat\u0131lm\u0131\u015f Ak\u0131ll\u0131 Bluetooth Tart\u0131 Bask\u00fcl, yaln\u0131zca a\u011f\u0131rl\u0131k \u00f6l\u00e7\u00fcm\u00fcyle s\u0131n\u0131rl\u0131 kalmayarak v\u00fccudunuzun sa\u011fl\u0131\u011f\u0131yla ilgili 8 farkl\u0131 veriyi detayl\u0131 \u015fekilde analiz eder. A\u011f\u0131rl\u0131k, v\u00fccut ya\u011f\u0131, visseral ya\u011f, kas oran\u0131, kemik yo\u011funlu\u011fu, BMR, metabolik ya\u015f ve BMI gibi \u00f6l\u00e7\u00fcmleri do\u011fru bir \u015fekilde ger\u00e7ekle\u015ftirir. Geli\u015fmi\u015f algoritmalar\u0131 sayesinde her kullan\u0131c\u0131y\u0131 otomatik olarak tan\u0131r ve bireysel bir profil olu\u015fturur&#8230;.<\/p>\n","protected":false},"featured_media":113070,"comment_status":"open","ping_status":"closed","template":"","meta":{"_kad_post_transparent":"","_kad_post_title":"","_kad_post_layout":"","_kad_post_sidebar_id":"","_kad_post_content_style":"","_kad_post_vertical_padding":"","_kad_post_feature":"","_kad_post_feature_position":"","_kad_post_header":false,"_kad_post_footer":false,"_kad_post_classname":""},"product_brand":[],"product_cat":[14996],"product_tag":[],"class_list":{"0":"post-113071","1":"product","2":"type-product","3":"status-publish","4":"has-post-thumbnail","6":"product_cat-tarti-tarti","8":"first","9":"instock","10":"purchasable","11":"product-type-simple","12":"entry","13":"content-bg","14":"loop-entry"},"_links":{"self":[{"href":"https:\/\/www.hediyepazar.com\/index.php?rest_route=\/wp\/v2\/product\/113071","targetHints":{"allow":["GET"]}}],"collection":[{"href":"https:\/\/www.hediyepazar.com\/index.php?rest_route=\/wp\/v2\/product"}],"about":[{"href":"https:\/\/www.hediyepazar.com\/index.php?rest_route=\/wp\/v2\/types\/product"}],"replies":[{"embeddable":true,"href":"https:\/\/www.hediyepazar.com\/index.php?rest_route=%2Fwp%2Fv2%2Fcomments&post=113071"}],"wp:featuredmedia":[{"embeddable":true,"href":"https:\/\/www.hediyepazar.com\/index.php?rest_route=\/wp\/v2\/media\/113070"}],"wp:attachment":[{"href":"https:\/\/www.hediyepazar.com\/index.php?rest_route=%2Fwp%2Fv2%2Fmedia&parent=113071"}],"wp:term":[{"taxonomy":"product_brand","embeddable":true,"href":"https:\/\/www.hediyepazar.com\/index.php?rest_route=%2Fwp%2Fv2%2Fproduct_brand&post=113071"},{"taxonomy":"product_cat","embeddable":true,"href":"https:\/\/www.hediyepazar.com\/index.php?rest_route=%2Fwp%2Fv2%2Fproduct_cat&post=113071"},{"taxonomy":"product_tag","embeddable":true,"href":"https:\/\/www.hediyepazar.com\/index.php?rest_route=%2Fwp%2Fv2%2Fproduct_tag&post=113071"}],"curies":[{"name":"wp","href":"https:\/\/api.w.org\/{rel}","templated":true}]}}