{"id":113091,"date":"2026-05-05T11:10:35","date_gmt":"2026-05-05T14:10:35","guid":{"rendered":"https:\/\/www.hediyepazar.com\/?product=yeni-nesil-bluetooth-kulaklik-kablolu-kulak-ici-dijital-gostergeli-2"},"modified":"2026-05-05T11:10:35","modified_gmt":"2026-05-05T14:10:35","slug":"yeni-nesil-bluetooth-kulaklik-kablolu-kulak-ici-dijital-gostergeli-2","status":"publish","type":"product","link":"https:\/\/www.hediyepazar.com\/?product=yeni-nesil-bluetooth-kulaklik-kablolu-kulak-ici-dijital-gostergeli-2","title":{"rendered":"Yeni Nesil Bluetooth Kulakl\u0131k Kablolu Kulak \u0130\u00e7i Dijital G\u00f6stergeli"},"content":{"rendered":"<p>Dahili mikrofon, hem i\u015f g\u00f6r\u00fc\u015fmelerinde hem de g\u00fcnl\u00fck aramalar\u0131n\u0131zda \u00fcst\u00fcn ses kalitesi sunarak ileti\u015fim ihtiya\u00e7lar\u0131n\u0131z\u0131 eksiksiz kar\u015f\u0131lar. Sesinizin net bir \u015fekilde iletilmesi, her durumda profesyonel bir deneyim ya\u015faman\u0131z\u0131 sa\u011flar.Geli\u015fmi\u015f Aktif G\u00fcr\u00fclt\u00fc \u00d6nleme (ANC) \u00f6zelli\u011fi, \u00e7evrenizdeki rahats\u0131z edici sesleri etkili bir \u015fekilde engelleyerek size kesintisiz bir m\u00fczik keyfi sunar. Bu \u00f6zellik, yo\u011fun ofis ortamlar\u0131ndan seyahat s\u0131ras\u0131nda kullan\u0131lan toplu ta\u015f\u0131maya kadar her ko\u015fulda y\u00fcksek odaklanma sa\u011flar.Dokunmatik kontrol y\u00fczeyi, sezgisel bir deneyim sunarak cihaz\u0131 kolayca kontrol etmenizi m\u00fcmk\u00fcn k\u0131lar. \u00c7a\u011fr\u0131lar\u0131 y\u00f6netmek, \u015fark\u0131lar aras\u0131nda ge\u00e7i\u015f yapmak veya ses seviyesini ayarlamak i\u00e7in fiziksel d\u00fc\u011fmelere ihtiya\u00e7 duymadan tek bir dokunu\u015f yeterlidir.&nbsp;<\/p>\n","protected":false},"excerpt":{"rendered":"<p>Dahili mikrofon, hem i\u015f g\u00f6r\u00fc\u015fmelerinde hem de g\u00fcnl\u00fck aramalar\u0131n\u0131zda \u00fcst\u00fcn ses kalitesi sunarak ileti\u015fim ihtiya\u00e7lar\u0131n\u0131z\u0131 eksiksiz kar\u015f\u0131lar. Sesinizin net bir \u015fekilde iletilmesi, her durumda profesyonel bir deneyim ya\u015faman\u0131z\u0131 sa\u011flar.Geli\u015fmi\u015f Aktif G\u00fcr\u00fclt\u00fc \u00d6nleme (ANC) \u00f6zelli\u011fi, \u00e7evrenizdeki rahats\u0131z edici sesleri etkili bir \u015fekilde engelleyerek size kesintisiz bir m\u00fczik keyfi sunar. Bu \u00f6zellik, yo\u011fun ofis ortamlar\u0131ndan seyahat s\u0131ras\u0131nda&#8230;<\/p>\n","protected":false},"featured_media":113090,"comment_status":"open","ping_status":"closed","template":"","meta":{"_kad_post_transparent":"","_kad_post_title":"","_kad_post_layout":"","_kad_post_sidebar_id":"","_kad_post_content_style":"","_kad_post_vertical_padding":"","_kad_post_feature":"","_kad_post_feature_position":"","_kad_post_header":false,"_kad_post_footer":false,"_kad_post_classname":""},"product_brand":[],"product_cat":[14957],"product_tag":[],"class_list":{"0":"post-113091","1":"product","2":"type-product","3":"status-publish","4":"has-post-thumbnail","6":"product_cat-kablosuz-kulaklik-kablosuz-kulaklik","8":"first","9":"instock","10":"purchasable","11":"product-type-simple","12":"entry","13":"content-bg","14":"loop-entry"},"_links":{"self":[{"href":"https:\/\/www.hediyepazar.com\/index.php?rest_route=\/wp\/v2\/product\/113091","targetHints":{"allow":["GET"]}}],"collection":[{"href":"https:\/\/www.hediyepazar.com\/index.php?rest_route=\/wp\/v2\/product"}],"about":[{"href":"https:\/\/www.hediyepazar.com\/index.php?rest_route=\/wp\/v2\/types\/product"}],"replies":[{"embeddable":true,"href":"https:\/\/www.hediyepazar.com\/index.php?rest_route=%2Fwp%2Fv2%2Fcomments&post=113091"}],"wp:featuredmedia":[{"embeddable":true,"href":"https:\/\/www.hediyepazar.com\/index.php?rest_route=\/wp\/v2\/media\/113090"}],"wp:attachment":[{"href":"https:\/\/www.hediyepazar.com\/index.php?rest_route=%2Fwp%2Fv2%2Fmedia&parent=113091"}],"wp:term":[{"taxonomy":"product_brand","embeddable":true,"href":"https:\/\/www.hediyepazar.com\/index.php?rest_route=%2Fwp%2Fv2%2Fproduct_brand&post=113091"},{"taxonomy":"product_cat","embeddable":true,"href":"https:\/\/www.hediyepazar.com\/index.php?rest_route=%2Fwp%2Fv2%2Fproduct_cat&post=113091"},{"taxonomy":"product_tag","embeddable":true,"href":"https:\/\/www.hediyepazar.com\/index.php?rest_route=%2Fwp%2Fv2%2Fproduct_tag&post=113091"}],"curies":[{"name":"wp","href":"https:\/\/api.w.org\/{rel}","templated":true}]}}