{"id":113099,"date":"2026-05-05T11:10:58","date_gmt":"2026-05-05T14:10:58","guid":{"rendered":"https:\/\/www.hediyepazar.com\/?product=serit-led-yeni-nesil-10-metre-her-ortama-uygun-2"},"modified":"2026-05-05T11:10:58","modified_gmt":"2026-05-05T14:10:58","slug":"serit-led-yeni-nesil-10-metre-her-ortama-uygun-2","status":"publish","type":"product","link":"https:\/\/www.hediyepazar.com\/?product=serit-led-yeni-nesil-10-metre-her-ortama-uygun-2","title":{"rendered":"\u015eerit Led Yeni Nesil 10 Metre Her Ortama Uygun"},"content":{"rendered":"<p>Smart \u015eerit LED, kullan\u0131m\u0131 kolay ve etkileyici bir ayd\u0131nlatma \u00e7\u00f6z\u00fcm\u00fc sunar. Kumanda ile kontrol edilebilen bu \u00fcr\u00fcn, farkl\u0131 renk se\u00e7enekleri, ge\u00e7i\u015f modlar\u0131 ve parlakl\u0131k ayarlar\u0131yla ortam\u0131n\u0131z\u0131 diledi\u011finiz gibi \u00f6zelle\u015ftirmenize olanak tan\u0131r.USB enerji deste\u011fi sayesinde televizyon, laptop veya powerbank gibi cihazlardan g\u00fc\u00e7 alarak her yerde rahat\u00e7a kullan\u0131labilir. Sese duyarl\u0131 \u00f6zelli\u011fiyle, ortam\u0131n\u0131zdaki m\u00fczik veya seslere g\u00f6re ayd\u0131nlatma efektlerini otomatik olarak de\u011fi\u015ftirebilir, e\u011flenceli ve dinamik bir atmosfer yaratabilirsiniz.&nbsp;<\/p>\n","protected":false},"excerpt":{"rendered":"<p>Smart \u015eerit LED, kullan\u0131m\u0131 kolay ve etkileyici bir ayd\u0131nlatma \u00e7\u00f6z\u00fcm\u00fc sunar. Kumanda ile kontrol edilebilen bu \u00fcr\u00fcn, farkl\u0131 renk se\u00e7enekleri, ge\u00e7i\u015f modlar\u0131 ve parlakl\u0131k ayarlar\u0131yla ortam\u0131n\u0131z\u0131 diledi\u011finiz gibi \u00f6zelle\u015ftirmenize olanak tan\u0131r.USB enerji deste\u011fi sayesinde televizyon, laptop veya powerbank gibi cihazlardan g\u00fc\u00e7 alarak her yerde rahat\u00e7a kullan\u0131labilir. Sese duyarl\u0131 \u00f6zelli\u011fiyle, ortam\u0131n\u0131zdaki m\u00fczik veya seslere g\u00f6re ayd\u0131nlatma&#8230;<\/p>\n","protected":false},"featured_media":113098,"comment_status":"open","ping_status":"closed","template":"","meta":{"_kad_post_transparent":"","_kad_post_title":"","_kad_post_layout":"","_kad_post_sidebar_id":"","_kad_post_content_style":"","_kad_post_vertical_padding":"","_kad_post_feature":"","_kad_post_feature_position":"","_kad_post_header":false,"_kad_post_footer":false,"_kad_post_classname":""},"product_brand":[],"product_cat":[14933],"product_tag":[],"class_list":{"0":"post-113099","1":"product","2":"type-product","3":"status-publish","4":"has-post-thumbnail","6":"product_cat-led-isik-led-isik","8":"first","9":"instock","10":"purchasable","11":"product-type-simple","12":"entry","13":"content-bg","14":"loop-entry"},"_links":{"self":[{"href":"https:\/\/www.hediyepazar.com\/index.php?rest_route=\/wp\/v2\/product\/113099","targetHints":{"allow":["GET"]}}],"collection":[{"href":"https:\/\/www.hediyepazar.com\/index.php?rest_route=\/wp\/v2\/product"}],"about":[{"href":"https:\/\/www.hediyepazar.com\/index.php?rest_route=\/wp\/v2\/types\/product"}],"replies":[{"embeddable":true,"href":"https:\/\/www.hediyepazar.com\/index.php?rest_route=%2Fwp%2Fv2%2Fcomments&post=113099"}],"wp:featuredmedia":[{"embeddable":true,"href":"https:\/\/www.hediyepazar.com\/index.php?rest_route=\/wp\/v2\/media\/113098"}],"wp:attachment":[{"href":"https:\/\/www.hediyepazar.com\/index.php?rest_route=%2Fwp%2Fv2%2Fmedia&parent=113099"}],"wp:term":[{"taxonomy":"product_brand","embeddable":true,"href":"https:\/\/www.hediyepazar.com\/index.php?rest_route=%2Fwp%2Fv2%2Fproduct_brand&post=113099"},{"taxonomy":"product_cat","embeddable":true,"href":"https:\/\/www.hediyepazar.com\/index.php?rest_route=%2Fwp%2Fv2%2Fproduct_cat&post=113099"},{"taxonomy":"product_tag","embeddable":true,"href":"https:\/\/www.hediyepazar.com\/index.php?rest_route=%2Fwp%2Fv2%2Fproduct_tag&post=113099"}],"curies":[{"name":"wp","href":"https:\/\/api.w.org\/{rel}","templated":true}]}}