{"id":113117,"date":"2026-05-05T11:11:55","date_gmt":"2026-05-05T14:11:55","guid":{"rendered":"https:\/\/www.hediyepazar.com\/?product=test-cihazi-kontrol-kalemi-cift-baslikli-seffaf-elektrik-testi-2"},"modified":"2026-05-05T11:11:55","modified_gmt":"2026-05-05T14:11:55","slug":"test-cihazi-kontrol-kalemi-cift-baslikli-seffaf-elektrik-testi-2","status":"publish","type":"product","link":"https:\/\/www.hediyepazar.com\/?product=test-cihazi-kontrol-kalemi-cift-baslikli-seffaf-elektrik-testi-2","title":{"rendered":"Test Cihaz\u0131 Kontrol Kalemi \u00c7ift Ba\u015fl\u0131kl\u0131 \u015eeffaf Elektrik Testi"},"content":{"rendered":"<p>Tam s\u0131zd\u0131rmazl\u0131k sa\u011flayan pirin\u00e7 kapak, g\u00fcvenli\u011fi art\u0131r\u0131rken elektrik yal\u0131tkanl\u0131\u011f\u0131 sa\u011flayan \u015feffaf sap, darbeye kar\u015f\u0131 \u00fcst\u00fcn diren\u00e7 g\u00f6sterir. 110V-220V \u00e7al\u0131\u015fma aral\u0131\u011f\u0131 ile esneklik sunan \u00fcr\u00fcn, nikel kaplamas\u0131 sayesinde a\u015f\u0131nmaya ve korozyona kar\u015f\u0131 uzun s\u00fcreli dayan\u0131kl\u0131l\u0131k sa\u011flar. Neon lambas\u0131 ile \u00e7al\u0131\u015fma s\u0131ras\u0131nda kolay g\u00f6r\u00fcn\u00fcrl\u00fck sa\u011flarken, hassas i\u015flenmi\u015f u\u00e7lar vida yuvalar\u0131na tam oturarak maksimum verimlilik sunar. Profesyonel standartlara uygun tasar\u0131m\u0131yla hem dayan\u0131kl\u0131 hem de pratik bir kullan\u0131m sa\u011flar.<\/p>\n","protected":false},"excerpt":{"rendered":"<p>Tam s\u0131zd\u0131rmazl\u0131k sa\u011flayan pirin\u00e7 kapak, g\u00fcvenli\u011fi art\u0131r\u0131rken elektrik yal\u0131tkanl\u0131\u011f\u0131 sa\u011flayan \u015feffaf sap, darbeye kar\u015f\u0131 \u00fcst\u00fcn diren\u00e7 g\u00f6sterir. 110V-220V \u00e7al\u0131\u015fma aral\u0131\u011f\u0131 ile esneklik sunan \u00fcr\u00fcn, nikel kaplamas\u0131 sayesinde a\u015f\u0131nmaya ve korozyona kar\u015f\u0131 uzun s\u00fcreli dayan\u0131kl\u0131l\u0131k sa\u011flar. Neon lambas\u0131 ile \u00e7al\u0131\u015fma s\u0131ras\u0131nda kolay g\u00f6r\u00fcn\u00fcrl\u00fck sa\u011flarken, hassas i\u015flenmi\u015f u\u00e7lar vida yuvalar\u0131na tam oturarak maksimum verimlilik sunar. Profesyonel standartlara&#8230;<\/p>\n","protected":false},"featured_media":113116,"comment_status":"open","ping_status":"closed","template":"","meta":{"_kad_post_transparent":"","_kad_post_title":"","_kad_post_layout":"","_kad_post_sidebar_id":"","_kad_post_content_style":"","_kad_post_vertical_padding":"","_kad_post_feature":"","_kad_post_feature_position":"","_kad_post_header":false,"_kad_post_footer":false,"_kad_post_classname":""},"product_brand":[],"product_cat":[15000],"product_tag":[],"class_list":{"0":"post-113117","1":"product","2":"type-product","3":"status-publish","4":"has-post-thumbnail","6":"product_cat-tornavida-tornavida-2","8":"first","9":"instock","10":"purchasable","11":"product-type-simple","12":"entry","13":"content-bg","14":"loop-entry"},"_links":{"self":[{"href":"https:\/\/www.hediyepazar.com\/index.php?rest_route=\/wp\/v2\/product\/113117","targetHints":{"allow":["GET"]}}],"collection":[{"href":"https:\/\/www.hediyepazar.com\/index.php?rest_route=\/wp\/v2\/product"}],"about":[{"href":"https:\/\/www.hediyepazar.com\/index.php?rest_route=\/wp\/v2\/types\/product"}],"replies":[{"embeddable":true,"href":"https:\/\/www.hediyepazar.com\/index.php?rest_route=%2Fwp%2Fv2%2Fcomments&post=113117"}],"wp:featuredmedia":[{"embeddable":true,"href":"https:\/\/www.hediyepazar.com\/index.php?rest_route=\/wp\/v2\/media\/113116"}],"wp:attachment":[{"href":"https:\/\/www.hediyepazar.com\/index.php?rest_route=%2Fwp%2Fv2%2Fmedia&parent=113117"}],"wp:term":[{"taxonomy":"product_brand","embeddable":true,"href":"https:\/\/www.hediyepazar.com\/index.php?rest_route=%2Fwp%2Fv2%2Fproduct_brand&post=113117"},{"taxonomy":"product_cat","embeddable":true,"href":"https:\/\/www.hediyepazar.com\/index.php?rest_route=%2Fwp%2Fv2%2Fproduct_cat&post=113117"},{"taxonomy":"product_tag","embeddable":true,"href":"https:\/\/www.hediyepazar.com\/index.php?rest_route=%2Fwp%2Fv2%2Fproduct_tag&post=113117"}],"curies":[{"name":"wp","href":"https:\/\/api.w.org\/{rel}","templated":true}]}}