{"id":113121,"date":"2026-05-05T11:12:08","date_gmt":"2026-05-05T14:12:08","guid":{"rendered":"https:\/\/www.hediyepazar.com\/?product=cift-tarafli-elektrik-kontrol-kalemi-seffaf-tornavida-2"},"modified":"2026-05-05T11:12:08","modified_gmt":"2026-05-05T14:12:08","slug":"cift-tarafli-elektrik-kontrol-kalemi-seffaf-tornavida-2","status":"publish","type":"product","link":"https:\/\/www.hediyepazar.com\/?product=cift-tarafli-elektrik-kontrol-kalemi-seffaf-tornavida-2","title":{"rendered":"\u00c7ift Tarafl\u0131 Elektrik Kontrol Kalemi \u015eeffaf Tornavida"},"content":{"rendered":"<p>Bu yenilik\u00e7i \u00fcr\u00fcn, metal y\u00fczeye bas\u0131l\u0131 logosu ile estetik bir g\u00f6r\u00fcn\u00fcm sunarken, dayan\u0131kl\u0131l\u0131kta da bir ad\u0131m \u00f6ne \u00e7\u0131k\u0131yor. Tam s\u0131zd\u0131rmazl\u0131k sa\u011flayan pirin\u00e7 kapak, uzun \u00f6m\u00fcrl\u00fc kullan\u0131m ve \u00fcst\u00fcn koruma sa\u011flamak \u00fczere tasarlanm\u0131\u015ft\u0131r. Elektrik yal\u0131tkanl\u0131\u011f\u0131 sa\u011flayan, darbeye dayan\u0131kl\u0131 \u015feffaf sap, hem g\u00fcvenli\u011fi art\u0131r\u0131r hem de \u00fcr\u00fcne modern bir tasar\u0131m esteti\u011fi katar. \u0130\u015flevsellik ve dayan\u0131kl\u0131l\u0131\u011f\u0131 bir araya getiren bu \u00fcr\u00fcn, profesyonel ve bireysel kullan\u0131m i\u00e7in m\u00fckemmel bir se\u00e7enektir.<\/p>\n","protected":false},"excerpt":{"rendered":"<p>Bu yenilik\u00e7i \u00fcr\u00fcn, metal y\u00fczeye bas\u0131l\u0131 logosu ile estetik bir g\u00f6r\u00fcn\u00fcm sunarken, dayan\u0131kl\u0131l\u0131kta da bir ad\u0131m \u00f6ne \u00e7\u0131k\u0131yor. Tam s\u0131zd\u0131rmazl\u0131k sa\u011flayan pirin\u00e7 kapak, uzun \u00f6m\u00fcrl\u00fc kullan\u0131m ve \u00fcst\u00fcn koruma sa\u011flamak \u00fczere tasarlanm\u0131\u015ft\u0131r. Elektrik yal\u0131tkanl\u0131\u011f\u0131 sa\u011flayan, darbeye dayan\u0131kl\u0131 \u015feffaf sap, hem g\u00fcvenli\u011fi art\u0131r\u0131r hem de \u00fcr\u00fcne modern bir tasar\u0131m esteti\u011fi katar. \u0130\u015flevsellik ve dayan\u0131kl\u0131l\u0131\u011f\u0131 bir araya&#8230;<\/p>\n","protected":false},"featured_media":113120,"comment_status":"open","ping_status":"closed","template":"","meta":{"_kad_post_transparent":"","_kad_post_title":"","_kad_post_layout":"","_kad_post_sidebar_id":"","_kad_post_content_style":"","_kad_post_vertical_padding":"","_kad_post_feature":"","_kad_post_feature_position":"","_kad_post_header":false,"_kad_post_footer":false,"_kad_post_classname":""},"product_brand":[],"product_cat":[15000],"product_tag":[],"class_list":{"0":"post-113121","1":"product","2":"type-product","3":"status-publish","4":"has-post-thumbnail","6":"product_cat-tornavida-tornavida-2","8":"first","9":"instock","10":"purchasable","11":"product-type-simple","12":"entry","13":"content-bg","14":"loop-entry"},"_links":{"self":[{"href":"https:\/\/www.hediyepazar.com\/index.php?rest_route=\/wp\/v2\/product\/113121","targetHints":{"allow":["GET"]}}],"collection":[{"href":"https:\/\/www.hediyepazar.com\/index.php?rest_route=\/wp\/v2\/product"}],"about":[{"href":"https:\/\/www.hediyepazar.com\/index.php?rest_route=\/wp\/v2\/types\/product"}],"replies":[{"embeddable":true,"href":"https:\/\/www.hediyepazar.com\/index.php?rest_route=%2Fwp%2Fv2%2Fcomments&post=113121"}],"wp:featuredmedia":[{"embeddable":true,"href":"https:\/\/www.hediyepazar.com\/index.php?rest_route=\/wp\/v2\/media\/113120"}],"wp:attachment":[{"href":"https:\/\/www.hediyepazar.com\/index.php?rest_route=%2Fwp%2Fv2%2Fmedia&parent=113121"}],"wp:term":[{"taxonomy":"product_brand","embeddable":true,"href":"https:\/\/www.hediyepazar.com\/index.php?rest_route=%2Fwp%2Fv2%2Fproduct_brand&post=113121"},{"taxonomy":"product_cat","embeddable":true,"href":"https:\/\/www.hediyepazar.com\/index.php?rest_route=%2Fwp%2Fv2%2Fproduct_cat&post=113121"},{"taxonomy":"product_tag","embeddable":true,"href":"https:\/\/www.hediyepazar.com\/index.php?rest_route=%2Fwp%2Fv2%2Fproduct_tag&post=113121"}],"curies":[{"name":"wp","href":"https:\/\/api.w.org\/{rel}","templated":true}]}}