{"id":113151,"date":"2026-05-05T11:13:49","date_gmt":"2026-05-05T14:13:49","guid":{"rendered":"https:\/\/www.hediyepazar.com\/?product=kulak-ustu-kablosuz-bluetooth-kulaklik-gurultu-onleyici-ayarlanabilir-2"},"modified":"2026-05-05T11:13:49","modified_gmt":"2026-05-05T14:13:49","slug":"kulak-ustu-kablosuz-bluetooth-kulaklik-gurultu-onleyici-ayarlanabilir-2","status":"publish","type":"product","link":"https:\/\/www.hediyepazar.com\/?product=kulak-ustu-kablosuz-bluetooth-kulaklik-gurultu-onleyici-ayarlanabilir-2","title":{"rendered":"Kulak \u00dcst\u00fc Kablosuz Bluetooth Kulakl\u0131k G\u00fcr\u00fclt\u00fc \u00d6nleyici Ayarlanabilir"},"content":{"rendered":"<p>Bluetooth 5.2 teknolojisi, bu kulakl\u0131\u011f\u0131n en g\u00fc\u00e7l\u00fc \u00f6zelliklerinden biridir. Bu teknoloji, ses aktar\u0131m\u0131nda en y\u00fcksek kaliteyi sunarak m\u00fczik dinlerken veya \u00e7a\u011fr\u0131 yaparken her t\u00fcrl\u00fc sesin net ve bozulmas\u0131z bir \u015fekilde duyulmas\u0131n\u0131 sa\u011flar. Bluetooth 5.2\u2019nin sundu\u011fu d\u00fc\u015f\u00fck gecikme s\u00fcresi sayesinde ses ile g\u00f6r\u00fcnt\u00fc aras\u0131ndaki senkronizasyon m\u00fckemmel \u015fekilde korunur. Bu sayede, video izlerken veya oyun oynarken sesin an\u0131nda ve do\u011fru \u015fekilde iletilmesi sa\u011flan\u0131r. Ayr\u0131ca, Bluetooth 5.2 teknolojisi daha g\u00fc\u00e7l\u00fc bir ba\u011flant\u0131 aral\u0131\u011f\u0131 ve daha fazla cihazla uyumlu olma avantaj\u0131 sunar. Y\u00fcksek kaliteli ses aktar\u0131m\u0131n\u0131n yan\u0131 s\u0131ra, uzun menzil avantaj\u0131 sayesinde kulakl\u0131klar\u0131n\u0131z\u0131 \u00e7e\u015fitli cihazlarla ba\u011flant\u0131 kurarak rahat\u00e7a kullanabilirsiniz. Bu ba\u011flant\u0131 teknolojisi, kesintisiz ve stabil bir deneyim sunar, b\u00f6ylece m\u00fcziklerinizi kesintisiz dinleyebilir, \u00e7a\u011fr\u0131lar\u0131n\u0131z\u0131 net bir \u015fekilde yapabilirsiniz. Ayr\u0131ca, Bluetooth 5.2\u2019nin enerji verimlili\u011fi sayesinde pil \u00f6mr\u00fc de uzar, b\u00f6ylece kulakl\u0131\u011f\u0131n\u0131z\u0131 daha uzun s\u00fcre kullanabilirsiniz.<\/p>\n","protected":false},"excerpt":{"rendered":"<p>Bluetooth 5.2 teknolojisi, bu kulakl\u0131\u011f\u0131n en g\u00fc\u00e7l\u00fc \u00f6zelliklerinden biridir. Bu teknoloji, ses aktar\u0131m\u0131nda en y\u00fcksek kaliteyi sunarak m\u00fczik dinlerken veya \u00e7a\u011fr\u0131 yaparken her t\u00fcrl\u00fc sesin net ve bozulmas\u0131z bir \u015fekilde duyulmas\u0131n\u0131 sa\u011flar. Bluetooth 5.2\u2019nin sundu\u011fu d\u00fc\u015f\u00fck gecikme s\u00fcresi sayesinde ses ile g\u00f6r\u00fcnt\u00fc aras\u0131ndaki senkronizasyon m\u00fckemmel \u015fekilde korunur. Bu sayede, video izlerken veya oyun oynarken sesin&#8230;<\/p>\n","protected":false},"featured_media":113150,"comment_status":"open","ping_status":"closed","template":"","meta":{"_kad_post_transparent":"","_kad_post_title":"","_kad_post_layout":"","_kad_post_sidebar_id":"","_kad_post_content_style":"","_kad_post_vertical_padding":"","_kad_post_feature":"","_kad_post_feature_position":"","_kad_post_header":false,"_kad_post_footer":false,"_kad_post_classname":""},"product_brand":[],"product_cat":[14957],"product_tag":[],"class_list":{"0":"post-113151","1":"product","2":"type-product","3":"status-publish","4":"has-post-thumbnail","6":"product_cat-kablosuz-kulaklik-kablosuz-kulaklik","8":"first","9":"instock","10":"purchasable","11":"product-type-simple","12":"entry","13":"content-bg","14":"loop-entry"},"_links":{"self":[{"href":"https:\/\/www.hediyepazar.com\/index.php?rest_route=\/wp\/v2\/product\/113151","targetHints":{"allow":["GET"]}}],"collection":[{"href":"https:\/\/www.hediyepazar.com\/index.php?rest_route=\/wp\/v2\/product"}],"about":[{"href":"https:\/\/www.hediyepazar.com\/index.php?rest_route=\/wp\/v2\/types\/product"}],"replies":[{"embeddable":true,"href":"https:\/\/www.hediyepazar.com\/index.php?rest_route=%2Fwp%2Fv2%2Fcomments&post=113151"}],"wp:featuredmedia":[{"embeddable":true,"href":"https:\/\/www.hediyepazar.com\/index.php?rest_route=\/wp\/v2\/media\/113150"}],"wp:attachment":[{"href":"https:\/\/www.hediyepazar.com\/index.php?rest_route=%2Fwp%2Fv2%2Fmedia&parent=113151"}],"wp:term":[{"taxonomy":"product_brand","embeddable":true,"href":"https:\/\/www.hediyepazar.com\/index.php?rest_route=%2Fwp%2Fv2%2Fproduct_brand&post=113151"},{"taxonomy":"product_cat","embeddable":true,"href":"https:\/\/www.hediyepazar.com\/index.php?rest_route=%2Fwp%2Fv2%2Fproduct_cat&post=113151"},{"taxonomy":"product_tag","embeddable":true,"href":"https:\/\/www.hediyepazar.com\/index.php?rest_route=%2Fwp%2Fv2%2Fproduct_tag&post=113151"}],"curies":[{"name":"wp","href":"https:\/\/api.w.org\/{rel}","templated":true}]}}