{"id":113167,"date":"2026-05-05T11:14:52","date_gmt":"2026-05-05T14:14:52","guid":{"rendered":"https:\/\/www.hediyepazar.com\/?product=uflemeli-fon-tarak-duzlestirici-seramik-kaplama-elektriklenme-karsiti-2"},"modified":"2026-05-05T11:14:52","modified_gmt":"2026-05-05T14:14:52","slug":"uflemeli-fon-tarak-duzlestirici-seramik-kaplama-elektriklenme-karsiti-2","status":"publish","type":"product","link":"https:\/\/www.hediyepazar.com\/?product=uflemeli-fon-tarak-duzlestirici-seramik-kaplama-elektriklenme-karsiti-2","title":{"rendered":"\u00dcflemeli F\u00f6n Tarak D\u00fczle\u015ftirici Seramik Kaplama Elektriklenme Kar\u015f\u0131t\u0131"},"content":{"rendered":"<p>Seramik Plaka Teknolojisiyle Sa\u00e7lar\u0131n\u0131za Zarar Vermeden D\u00fczle\u015ftirmeSa\u00e7lar\u0131n\u0131za zarar vermeden m\u00fckemmel bir d\u00fczle\u015ftirme deneyimi i\u00e7in seramik plaka teknolojisi ile donat\u0131lm\u0131\u015f bu sa\u00e7 d\u00fczle\u015ftirici, sa\u00e7lar\u0131n\u0131z\u0131n do\u011fal parlakl\u0131\u011f\u0131n\u0131 koruyarak p\u00fcr\u00fczs\u00fcz bir g\u00f6r\u00fcn\u00fcm elde etmenizi sa\u011flar. Elektriklenmeyi \u00f6nleyerek sa\u00e7lar\u0131n\u0131za ekstra yumu\u015fakl\u0131k kazand\u0131r\u0131r ve d\u00fczle\u015ftirme i\u015flemini daha az hasarla tamamlaman\u0131z\u0131 sa\u011flar.2 Y\u0131l \u0130thalat\u00e7\u0131 Garantisi ile G\u00fcvenli Kullan\u0131m2 y\u0131l ithalat\u00e7\u0131 garantisi ile g\u00fcvenli kullan\u0131m sa\u011flar. Kar\u015f\u0131la\u015ft\u0131\u011f\u0131n\u0131z herhangi bir sorunla ilgili endi\u015felenmenize gerek kalmaz, sat\u0131\u015f sonras\u0131 deste\u011fi ile her zaman yan\u0131n\u0131zd\u0131r.E\u015fit Is\u0131 Da\u011f\u0131l\u0131m\u0131 ve Kolay \u015eekillendirmePlaka tipi tasar\u0131m, \u0131s\u0131y\u0131 e\u015fit bir \u015fekilde sa\u00e7lar\u0131n\u0131za da\u011f\u0131tarak istedi\u011finiz stili kolayca yaratman\u0131za olanak tan\u0131r. Sa\u00e7\u0131n\u0131za zarar vermeden m\u00fckemmel bir d\u00fczle\u015ftirme sa\u011flarken, her an istedi\u011finiz g\u00f6r\u00fcn\u00fcm\u00fc elde edebilirsiniz.\u0130yon Teknolojisi ile Sa\u00e7lar\u0131n\u0131z\u0131 Koruyun\u0130yon teknolojisi, sa\u00e7lar\u0131n\u0131za ekstra yumu\u015fakl\u0131k kazand\u0131r\u0131r ve elektriklenmeyi \u00f6nler. B\u00f6ylece sa\u00e7lar\u0131n\u0131za do\u011fal bir parlakl\u0131k verirken, d\u00fczle\u015ftirme i\u015flemi s\u0131ras\u0131nda minimum hasar olu\u015fur.200 Derece S\u0131cakl\u0131k Ayar\u0131 ile M\u00fckemmel Sonu\u00e7lar200 dereceye kadar ayarlanabilir s\u0131cakl\u0131k se\u00e7ene\u011fi ile sa\u00e7 tipinize en uygun \u0131s\u0131y\u0131 belirleyebilir ve her zaman en iyi sonu\u00e7lar\u0131 elde edebilirsiniz. Bu d\u00fczle\u015ftirici, sa\u00e7lar\u0131n\u0131za zarar vermeden m\u00fckemmel sonu\u00e7lar elde etmenize yard\u0131mc\u0131 olur.<\/p>\n","protected":false},"excerpt":{"rendered":"<p>Seramik Plaka Teknolojisiyle Sa\u00e7lar\u0131n\u0131za Zarar Vermeden D\u00fczle\u015ftirmeSa\u00e7lar\u0131n\u0131za zarar vermeden m\u00fckemmel bir d\u00fczle\u015ftirme deneyimi i\u00e7in seramik plaka teknolojisi ile donat\u0131lm\u0131\u015f bu sa\u00e7 d\u00fczle\u015ftirici, sa\u00e7lar\u0131n\u0131z\u0131n do\u011fal parlakl\u0131\u011f\u0131n\u0131 koruyarak p\u00fcr\u00fczs\u00fcz bir g\u00f6r\u00fcn\u00fcm elde etmenizi sa\u011flar. Elektriklenmeyi \u00f6nleyerek sa\u00e7lar\u0131n\u0131za ekstra yumu\u015fakl\u0131k kazand\u0131r\u0131r ve d\u00fczle\u015ftirme i\u015flemini daha az hasarla tamamlaman\u0131z\u0131 sa\u011flar.2 Y\u0131l \u0130thalat\u00e7\u0131 Garantisi ile G\u00fcvenli Kullan\u0131m2 y\u0131l ithalat\u00e7\u0131 garantisi&#8230;<\/p>\n","protected":false},"featured_media":113166,"comment_status":"open","ping_status":"closed","template":"","meta":{"_kad_post_transparent":"","_kad_post_title":"","_kad_post_layout":"","_kad_post_sidebar_id":"","_kad_post_content_style":"","_kad_post_vertical_padding":"","_kad_post_feature":"","_kad_post_feature_position":"","_kad_post_header":false,"_kad_post_footer":false,"_kad_post_classname":""},"product_brand":[],"product_cat":[14907],"product_tag":[],"class_list":{"0":"post-113167","1":"product","2":"type-product","3":"status-publish","4":"has-post-thumbnail","6":"product_cat-sac-masasi-sac-masasi","8":"first","9":"instock","10":"purchasable","11":"product-type-simple","12":"entry","13":"content-bg","14":"loop-entry"},"_links":{"self":[{"href":"https:\/\/www.hediyepazar.com\/index.php?rest_route=\/wp\/v2\/product\/113167","targetHints":{"allow":["GET"]}}],"collection":[{"href":"https:\/\/www.hediyepazar.com\/index.php?rest_route=\/wp\/v2\/product"}],"about":[{"href":"https:\/\/www.hediyepazar.com\/index.php?rest_route=\/wp\/v2\/types\/product"}],"replies":[{"embeddable":true,"href":"https:\/\/www.hediyepazar.com\/index.php?rest_route=%2Fwp%2Fv2%2Fcomments&post=113167"}],"wp:featuredmedia":[{"embeddable":true,"href":"https:\/\/www.hediyepazar.com\/index.php?rest_route=\/wp\/v2\/media\/113166"}],"wp:attachment":[{"href":"https:\/\/www.hediyepazar.com\/index.php?rest_route=%2Fwp%2Fv2%2Fmedia&parent=113167"}],"wp:term":[{"taxonomy":"product_brand","embeddable":true,"href":"https:\/\/www.hediyepazar.com\/index.php?rest_route=%2Fwp%2Fv2%2Fproduct_brand&post=113167"},{"taxonomy":"product_cat","embeddable":true,"href":"https:\/\/www.hediyepazar.com\/index.php?rest_route=%2Fwp%2Fv2%2Fproduct_cat&post=113167"},{"taxonomy":"product_tag","embeddable":true,"href":"https:\/\/www.hediyepazar.com\/index.php?rest_route=%2Fwp%2Fv2%2Fproduct_tag&post=113167"}],"curies":[{"name":"wp","href":"https:\/\/api.w.org\/{rel}","templated":true}]}}