{"id":113181,"date":"2026-05-05T11:15:44","date_gmt":"2026-05-05T14:15:44","guid":{"rendered":"https:\/\/www.hediyepazar.com\/?product=wifi-kamerasi-cift-yonlu-bebek-guvenlik-kamerasi-gece-goruslu"},"modified":"2026-05-05T11:15:44","modified_gmt":"2026-05-05T14:15:44","slug":"wifi-kamerasi-cift-yonlu-bebek-guvenlik-kamerasi-gece-goruslu","status":"publish","type":"product","link":"https:\/\/www.hediyepazar.com\/?product=wifi-kamerasi-cift-yonlu-bebek-guvenlik-kamerasi-gece-goruslu","title":{"rendered":"Wifi Kameras\u0131 \u00c7ift Y\u00f6nl\u00fc Bebek G\u00fcvenlik Kameras\u0131 Gece G\u00f6r\u00fc\u015fl\u00fc"},"content":{"rendered":"<p>Bu ileri d\u00fczey IP kamera, t\u00fcm g\u00fcvenlik ihtiya\u00e7lar\u0131n\u0131z\u0131 tek bir cihazla kar\u015f\u0131lar. 3.0MP\/1080P HD \u00e7\u00f6z\u00fcn\u00fcrl\u00fck ve gece g\u00f6r\u00fc\u015f\u00fc teknolojisi ile karanl\u0131k ortamlarda bile net ve kaliteli g\u00f6r\u00fcnt\u00fcler sunar. Mobil cihazlar ve bilgisayarlar \u00fczerinden kolayca kontrol edilebilen bu kamera, sesli g\u00f6r\u00fc\u015fme imkan\u0131 da sa\u011flar, b\u00f6ylece bulundu\u011funuz yerden kameran\u0131n bulundu\u011fu ortama sesinizi iletebilirsiniz.\u00c7ift Y\u00f6nl\u00fc Ses \u00d6zelli\u011fiBu IP kamera, \u00e7ift y\u00f6nl\u00fc ses aktar\u0131m\u0131 \u00f6zelli\u011fi ile kar\u015f\u0131l\u0131kl\u0131 g\u00f6r\u00fc\u015fmeler yapman\u0131za imkan tan\u0131r. Bulundu\u011funuz ortamda sesli ileti\u015fim kurmak ya da kameran\u0131n \u00e7evresindeki sesleri dinlemek son derece kolayd\u0131r. Ayr\u0131ca, ortam sesini kaydedebilir ve diledi\u011finiz zaman anl\u0131k olarak dinleyebilirsiniz.Geli\u015fmi\u015f Kay\u0131t ve TakipKamera, internet \u00fczerinden online kay\u0131t yapabilir ve d\u00fcnya \u00e7ap\u0131nda eri\u015fim sa\u011flar. Sabit DDNS adresi ile dinamik veya statik IP \u00fczerinden sorunsuz \u00e7al\u0131\u015f\u0131r. Kameray\u0131 web \u00fczerinden izleyebilir, foto\u011fraf \u00e7ekebilir ve video kayd\u0131 alabilirsiniz.Yerel A\u011fda Takip ve Gece G\u00f6r\u00fc\u015f\u00fc\u0130nternet ba\u011flant\u0131s\u0131na ihtiya\u00e7 duymadan, kameray\u0131 yerel a\u011f \u00fczerinden do\u011frudan takip edebilirsiniz. Gece g\u00f6r\u00fc\u015f\u00fc ile 8-12 metreye kadar net g\u00f6r\u00fcnt\u00fcler elde edebilir, d\u00fc\u015f\u00fck \u0131\u015f\u0131kl\u0131 ortamlarda dahi g\u00fcvenli\u011finizi sa\u011flars\u0131n\u0131z.Kolay Kurulum ve Kullan\u0131mKamera, bilgisayar veya modeme ba\u011flanarak hemen kullan\u0131labilir. 3.0MP \u00e7\u00f6z\u00fcn\u00fcrl\u00fck ve geni\u015f uyumlu lens se\u00e7enekleri ile en net g\u00f6r\u00fcnt\u00fcleri elde edersiniz. Mobil telefonlar ile online takip ve anl\u0131k bilgilendirme alabilirsiniz.Bu IP kamera, her a\u00e7\u0131dan g\u00fcvenli\u011finizi sa\u011flayan ve her yerden eri\u015filebilen m\u00fckemmel bir \u00e7\u00f6z\u00fcmd\u00fcr.<\/p>\n","protected":false},"excerpt":{"rendered":"<p>Bu ileri d\u00fczey IP kamera, t\u00fcm g\u00fcvenlik ihtiya\u00e7lar\u0131n\u0131z\u0131 tek bir cihazla kar\u015f\u0131lar. 3.0MP\/1080P HD \u00e7\u00f6z\u00fcn\u00fcrl\u00fck ve gece g\u00f6r\u00fc\u015f\u00fc teknolojisi ile karanl\u0131k ortamlarda bile net ve kaliteli g\u00f6r\u00fcnt\u00fcler sunar. Mobil cihazlar ve bilgisayarlar \u00fczerinden kolayca kontrol edilebilen bu kamera, sesli g\u00f6r\u00fc\u015fme imkan\u0131 da sa\u011flar, b\u00f6ylece bulundu\u011funuz yerden kameran\u0131n bulundu\u011fu ortama sesinizi iletebilirsiniz.\u00c7ift Y\u00f6nl\u00fc Ses \u00d6zelli\u011fiBu IP&#8230;<\/p>\n","protected":false},"featured_media":113180,"comment_status":"open","ping_status":"closed","template":"","meta":{"_kad_post_transparent":"","_kad_post_title":"","_kad_post_layout":"","_kad_post_sidebar_id":"","_kad_post_content_style":"","_kad_post_vertical_padding":"","_kad_post_feature":"","_kad_post_feature_position":"","_kad_post_header":false,"_kad_post_footer":false,"_kad_post_classname":""},"product_brand":[],"product_cat":[15060],"product_tag":[],"class_list":{"0":"post-113181","1":"product","2":"type-product","3":"status-publish","4":"has-post-thumbnail","6":"product_cat-telsiz-kamera-dedektor-telsiz-kamera-dedektor","8":"first","9":"instock","10":"purchasable","11":"product-type-simple","12":"entry","13":"content-bg","14":"loop-entry"},"_links":{"self":[{"href":"https:\/\/www.hediyepazar.com\/index.php?rest_route=\/wp\/v2\/product\/113181","targetHints":{"allow":["GET"]}}],"collection":[{"href":"https:\/\/www.hediyepazar.com\/index.php?rest_route=\/wp\/v2\/product"}],"about":[{"href":"https:\/\/www.hediyepazar.com\/index.php?rest_route=\/wp\/v2\/types\/product"}],"replies":[{"embeddable":true,"href":"https:\/\/www.hediyepazar.com\/index.php?rest_route=%2Fwp%2Fv2%2Fcomments&post=113181"}],"wp:featuredmedia":[{"embeddable":true,"href":"https:\/\/www.hediyepazar.com\/index.php?rest_route=\/wp\/v2\/media\/113180"}],"wp:attachment":[{"href":"https:\/\/www.hediyepazar.com\/index.php?rest_route=%2Fwp%2Fv2%2Fmedia&parent=113181"}],"wp:term":[{"taxonomy":"product_brand","embeddable":true,"href":"https:\/\/www.hediyepazar.com\/index.php?rest_route=%2Fwp%2Fv2%2Fproduct_brand&post=113181"},{"taxonomy":"product_cat","embeddable":true,"href":"https:\/\/www.hediyepazar.com\/index.php?rest_route=%2Fwp%2Fv2%2Fproduct_cat&post=113181"},{"taxonomy":"product_tag","embeddable":true,"href":"https:\/\/www.hediyepazar.com\/index.php?rest_route=%2Fwp%2Fv2%2Fproduct_tag&post=113181"}],"curies":[{"name":"wp","href":"https:\/\/api.w.org\/{rel}","templated":true}]}}